{"id":56106,"date":"2019-03-20T09:47:34","date_gmt":"2019-03-20T08:47:34","guid":{"rendered":"https:\/\/worldofflowerpots.com\/?post_type=product&#038;p=56106"},"modified":"2019-04-03T14:40:54","modified_gmt":"2019-04-03T12:40:54","slug":"skrzynia-na-drewno-armadio-1","status":"publish","type":"product","link":"https:\/\/worldofflowerpots.com\/pl\/sklep\/skrzynia-na-drewno-armadio-1\/","title":{"rendered":"Skrzynia na drewno Armadio 1"},"content":{"rendered":"<h2>Armadio 1 jako idealna skrzynia na drewno<\/h2>\n<p>Dzi\u0119ki swojej niebywa\u0142ej prostocie i minimalistycznej budowie, Armadio 1 jest perfekcyjnym sposobem na przetrzymywanie drewna przy przydomowym palenisku. Kiedy drewno si\u0119 sko\u0144czy i \u017car ognia przyga\u015bnie, skrzynia mo\u017ce by\u0107 r\u00f3wnie dobrze u\u017cywana jako od\u015bwie\u017caj\u0105cy element gospodarstwa domowego.<\/p>\n<p>Armadio 1 cechuje si\u0119 unikatowym materia\u0142em u\u017cytym do jej produkcji, cortenem. Stal cortenowa posiada bardzo wysok\u0105 odporno\u015b\u0107 na wszelkiego rodzaju nieprzewidziane zjawiska atmosferyczne. Dzieje si\u0119 tak dzi\u0119ki po\u0142\u0105czeniu czterech wytrzyma\u0142ych metali: niklu, chromu, miedzi i fosforu, kt\u00f3re razem tworz\u0105 obudow\u0119 prost\u0105 i innowatorsk\u0105. Dzi\u0119ki temu mo\u017cliwym jest zostawienie skrzyni na dworze nawet podczas bardzo du\u017cych opad\u00f3w lub anomalii pogodowych.<\/p>\n<h2>Unikatowy wygl\u0105d skrzynki Armadio 1<\/h2>\n<p>Armadio 1 to nie zwyczajna skrzynia na drewno. Wszystko dzi\u0119ki minimalistycznej i pomys\u0142owej budowie. Skrzynia jest w stanie nie tylko przetrzymywa\u0107 drewno przy palenisku, ale i zapewni\u0107 nam obecno\u015b\u0107 unikatowej kubistycznej figury podczas urokliwego ogniska w nocy.<\/p>\n<p>Corten zapewnia skrzynce na pierwszy rzut oka wygl\u0105d przypominaj\u0105cy zardzewia\u0142y metal. Po d\u0142u\u017cszych ogl\u0119dzinach na wierzch wychodzi przepi\u0119kny rdzawy design, ciesz\u0105cy oko ze znajduj\u0105cymi si\u0119 w \u015brodku poci\u0119tymi kawa\u0142kami drewna. Przez po\u0142\u0105czenie czterech rodzaj\u00f3w metali, charakterystyczny wygl\u0105d cortenu zadziwia swoj\u0105 unikatowo\u015bci\u0105 jeszcze bardziej ni\u017c kiedykolwiek.<\/p>\n<h2>Budowa najwy\u017cszego komfortu<\/h2>\n<p>Przy szeroko\u015bci 600 x 600 mm, a tak\u017ce wysoko\u015bci 600 mm, budowa Armadio 1 zapewnia swobodne dysponowanie posiadanym drewnem, pozwalaj\u0105c na przetrzymywanie w niej sporej ilo\u015bci surowca. Poci\u0119te drewno od teraz nie b\u0119dzie znajdywa\u0107 ju\u017c si\u0119 chaotycznie porozrzucane na ziemi, ale b\u0119dzie schludnie umieszczone w unikatowej skrzynce.<\/p>\n<p>Dzi\u0119ki ergonomicznej dla posiadacza budowie i niskiej wadze, jeste\u015bmy w stanie przenie\u015b\u0107 skrzynk\u0119 do drewna w ka\u017cde mo\u017cliwe miejsce. Od bia\u0142ych jak \u015bnieg kolor\u00f3w brzozy, po ciemn\u0105 kolorystyk\u0119 sosny, Armadio 1 b\u0119dzie \u015bwietnie wygl\u0105da\u0107 z ka\u017cdym rodzajem drewna. Zapewni to nam wysokie poczucie estetyki nie zabieraj\u0105ce du\u017cego obszaru przestrzeni. Jest to skrzynka unikatowa, polecana dla ka\u017cdej osoby ceni\u0105cej sobie wysok\u0105 oryginalno\u015b\u0107, minimalizm i wszechstronno\u015b\u0107 z u\u017cytku posiadanej skrzynki.<\/p>\n","protected":false},"excerpt":{"rendered":"<p>Pojemnik na drewno wykonany jest z blachy corten. Waga pojemnika to 36 kg, a wymiary: d\u0142ugo\u015b\u0107: 60 cm, szeroko\u015b\u0107: 60 cm, wysoko\u015b\u0107: 60 cm<\/p>\n","protected":false},"featured_media":56909,"template":"","meta":{"_acf_changed":false},"product_brand":[],"product_cat":[141],"product_tag":[],"class_list":{"0":"post-56106","1":"product","2":"type-product","3":"status-publish","4":"has-post-thumbnail","6":"product_cat-paleniska-ze-stali-corten","7":"description-off","8":"tm-has-options","10":"first","11":"instock","12":"shipping-taxable","13":"purchasable","14":"product-type-simple"},"acf":[],"yoast_head":"<!-- This site is optimized with the Yoast SEO plugin v27.5 - https:\/\/yoast.com\/product\/yoast-seo-wordpress\/ -->\n<title>Skrzynia na drewno Armadio 1 - i masz porz\u0105dek w ogrodzie<\/title>\n<meta name=\"description\" content=\"Armadio 1 to nie jest zwyczajna skrzynia na drewno. Wykonana ze stali corten b\u0119dzie \u015bwietnie wygl\u0105da\u0107 z ka\u017cdym rodzajem drewna.\" \/>\n<meta name=\"robots\" content=\"index, follow, max-snippet:-1, max-image-preview:large, max-video-preview:-1\" \/>\n<link rel=\"canonical\" href=\"https:\/\/worldofflowerpots.com\/sklep\/skrzynia-na-drewno-armadio-1\/\" \/>\n<meta property=\"og:locale\" content=\"pl_PL\" \/>\n<meta property=\"og:type\" content=\"article\" \/>\n<meta property=\"og:title\" content=\"Skrzynia na drewno Armadio 1 - i masz porz\u0105dek w ogrodzie\" \/>\n<meta property=\"og:description\" content=\"Armadio 1 to nie jest zwyczajna skrzynia na drewno. Wykonana ze stali corten b\u0119dzie \u015bwietnie wygl\u0105da\u0107 z ka\u017cdym rodzajem drewna.\" \/>\n<meta property=\"og:url\" content=\"https:\/\/worldofflowerpots.com\/sklep\/skrzynia-na-drewno-armadio-1\/\" \/>\n<meta property=\"og:site_name\" content=\"World of Flowerpots\" \/>\n<meta property=\"article:modified_time\" content=\"2019-04-03T12:40:54+00:00\" \/>\n<meta property=\"og:image\" content=\"https:\/\/worldofflowerpots.com\/wp-content\/uploads\/2019\/03\/skrzynia-na-drewno-Armadio-1.jpg\" \/>\n\t<meta property=\"og:image:width\" content=\"1920\" \/>\n\t<meta property=\"og:image:height\" content=\"1080\" \/>\n\t<meta property=\"og:image:type\" content=\"image\/jpeg\" \/>\n<meta name=\"twitter:card\" content=\"summary_large_image\" \/>\n<meta name=\"twitter:label1\" content=\"Szacowany czas czytania\" \/>\n\t<meta name=\"twitter:data1\" content=\"2 minuty\" \/>\n<script type=\"application\/ld+json\" class=\"yoast-schema-graph\">{\"@context\":\"https:\\\/\\\/schema.org\",\"@graph\":[{\"@type\":\"WebPage\",\"@id\":\"https:\\\/\\\/worldofflowerpots.com\\\/sklep\\\/skrzynia-na-drewno-armadio-1\\\/\",\"url\":\"https:\\\/\\\/worldofflowerpots.com\\\/sklep\\\/skrzynia-na-drewno-armadio-1\\\/\",\"name\":\"Skrzynia na drewno Armadio 1 - i masz porz\u0105dek w ogrodzie\",\"isPartOf\":{\"@id\":\"https:\\\/\\\/worldofflowerpots.com\\\/#website\"},\"primaryImageOfPage\":{\"@id\":\"https:\\\/\\\/worldofflowerpots.com\\\/sklep\\\/skrzynia-na-drewno-armadio-1\\\/#primaryimage\"},\"image\":{\"@id\":\"https:\\\/\\\/worldofflowerpots.com\\\/sklep\\\/skrzynia-na-drewno-armadio-1\\\/#primaryimage\"},\"thumbnailUrl\":\"https:\\\/\\\/worldofflowerpots.com\\\/wp-content\\\/uploads\\\/2019\\\/03\\\/skrzynia-na-drewno-Armadio-1.jpg\",\"datePublished\":\"2019-03-20T08:47:34+00:00\",\"dateModified\":\"2019-04-03T12:40:54+00:00\",\"description\":\"Armadio 1 to nie jest zwyczajna skrzynia na drewno. Wykonana ze stali corten b\u0119dzie \u015bwietnie wygl\u0105da\u0107 z ka\u017cdym rodzajem drewna.\",\"breadcrumb\":{\"@id\":\"https:\\\/\\\/worldofflowerpots.com\\\/sklep\\\/skrzynia-na-drewno-armadio-1\\\/#breadcrumb\"},\"inLanguage\":\"pl-PL\",\"potentialAction\":[{\"@type\":\"ReadAction\",\"target\":[\"https:\\\/\\\/worldofflowerpots.com\\\/sklep\\\/skrzynia-na-drewno-armadio-1\\\/\"]}]},{\"@type\":\"ImageObject\",\"inLanguage\":\"pl-PL\",\"@id\":\"https:\\\/\\\/worldofflowerpots.com\\\/sklep\\\/skrzynia-na-drewno-armadio-1\\\/#primaryimage\",\"url\":\"https:\\\/\\\/worldofflowerpots.com\\\/wp-content\\\/uploads\\\/2019\\\/03\\\/skrzynia-na-drewno-Armadio-1.jpg\",\"contentUrl\":\"https:\\\/\\\/worldofflowerpots.com\\\/wp-content\\\/uploads\\\/2019\\\/03\\\/skrzynia-na-drewno-Armadio-1.jpg\",\"width\":1920,\"height\":1080},{\"@type\":\"BreadcrumbList\",\"@id\":\"https:\\\/\\\/worldofflowerpots.com\\\/sklep\\\/skrzynia-na-drewno-armadio-1\\\/#breadcrumb\",\"itemListElement\":[{\"@type\":\"ListItem\",\"position\":1,\"name\":\"Strona g\u0142\u00f3wna\",\"item\":\"https:\\\/\\\/worldofflowerpots.com\\\/\"},{\"@type\":\"ListItem\",\"position\":2,\"name\":\"Sklep\",\"item\":\"https:\\\/\\\/worldofflowerpots.com\\\/sklep\\\/\"},{\"@type\":\"ListItem\",\"position\":3,\"name\":\"Skrzynia na drewno Armadio 1\"}]},{\"@type\":\"WebSite\",\"@id\":\"https:\\\/\\\/worldofflowerpots.com\\\/#website\",\"url\":\"https:\\\/\\\/worldofflowerpots.com\\\/\",\"name\":\"World of Flowerpots\",\"description\":\"producent donic ozdobnych\",\"potentialAction\":[{\"@type\":\"SearchAction\",\"target\":{\"@type\":\"EntryPoint\",\"urlTemplate\":\"https:\\\/\\\/worldofflowerpots.com\\\/?s={search_term_string}\"},\"query-input\":{\"@type\":\"PropertyValueSpecification\",\"valueRequired\":true,\"valueName\":\"search_term_string\"}}],\"inLanguage\":\"pl-PL\"}]}<\/script>\n<!-- \/ Yoast SEO plugin. -->","yoast_head_json":{"title":"Skrzynia na drewno Armadio 1 - i masz porz\u0105dek w ogrodzie","description":"Armadio 1 to nie jest zwyczajna skrzynia na drewno. Wykonana ze stali corten b\u0119dzie \u015bwietnie wygl\u0105da\u0107 z ka\u017cdym rodzajem drewna.","robots":{"index":"index","follow":"follow","max-snippet":"max-snippet:-1","max-image-preview":"max-image-preview:large","max-video-preview":"max-video-preview:-1"},"canonical":"https:\/\/worldofflowerpots.com\/sklep\/skrzynia-na-drewno-armadio-1\/","og_locale":"pl_PL","og_type":"article","og_title":"Skrzynia na drewno Armadio 1 - i masz porz\u0105dek w ogrodzie","og_description":"Armadio 1 to nie jest zwyczajna skrzynia na drewno. Wykonana ze stali corten b\u0119dzie \u015bwietnie wygl\u0105da\u0107 z ka\u017cdym rodzajem drewna.","og_url":"https:\/\/worldofflowerpots.com\/sklep\/skrzynia-na-drewno-armadio-1\/","og_site_name":"World of Flowerpots","article_modified_time":"2019-04-03T12:40:54+00:00","og_image":[{"width":1920,"height":1080,"url":"https:\/\/worldofflowerpots.com\/wp-content\/uploads\/2019\/03\/skrzynia-na-drewno-Armadio-1.jpg","type":"image\/jpeg"}],"twitter_card":"summary_large_image","twitter_misc":{"Szacowany czas czytania":"2 minuty"},"schema":{"@context":"https:\/\/schema.org","@graph":[{"@type":"WebPage","@id":"https:\/\/worldofflowerpots.com\/sklep\/skrzynia-na-drewno-armadio-1\/","url":"https:\/\/worldofflowerpots.com\/sklep\/skrzynia-na-drewno-armadio-1\/","name":"Skrzynia na drewno Armadio 1 - i masz porz\u0105dek w ogrodzie","isPartOf":{"@id":"https:\/\/worldofflowerpots.com\/#website"},"primaryImageOfPage":{"@id":"https:\/\/worldofflowerpots.com\/sklep\/skrzynia-na-drewno-armadio-1\/#primaryimage"},"image":{"@id":"https:\/\/worldofflowerpots.com\/sklep\/skrzynia-na-drewno-armadio-1\/#primaryimage"},"thumbnailUrl":"https:\/\/worldofflowerpots.com\/wp-content\/uploads\/2019\/03\/skrzynia-na-drewno-Armadio-1.jpg","datePublished":"2019-03-20T08:47:34+00:00","dateModified":"2019-04-03T12:40:54+00:00","description":"Armadio 1 to nie jest zwyczajna skrzynia na drewno. Wykonana ze stali corten b\u0119dzie \u015bwietnie wygl\u0105da\u0107 z ka\u017cdym rodzajem drewna.","breadcrumb":{"@id":"https:\/\/worldofflowerpots.com\/sklep\/skrzynia-na-drewno-armadio-1\/#breadcrumb"},"inLanguage":"pl-PL","potentialAction":[{"@type":"ReadAction","target":["https:\/\/worldofflowerpots.com\/sklep\/skrzynia-na-drewno-armadio-1\/"]}]},{"@type":"ImageObject","inLanguage":"pl-PL","@id":"https:\/\/worldofflowerpots.com\/sklep\/skrzynia-na-drewno-armadio-1\/#primaryimage","url":"https:\/\/worldofflowerpots.com\/wp-content\/uploads\/2019\/03\/skrzynia-na-drewno-Armadio-1.jpg","contentUrl":"https:\/\/worldofflowerpots.com\/wp-content\/uploads\/2019\/03\/skrzynia-na-drewno-Armadio-1.jpg","width":1920,"height":1080},{"@type":"BreadcrumbList","@id":"https:\/\/worldofflowerpots.com\/sklep\/skrzynia-na-drewno-armadio-1\/#breadcrumb","itemListElement":[{"@type":"ListItem","position":1,"name":"Strona g\u0142\u00f3wna","item":"https:\/\/worldofflowerpots.com\/"},{"@type":"ListItem","position":2,"name":"Sklep","item":"https:\/\/worldofflowerpots.com\/sklep\/"},{"@type":"ListItem","position":3,"name":"Skrzynia na drewno Armadio 1"}]},{"@type":"WebSite","@id":"https:\/\/worldofflowerpots.com\/#website","url":"https:\/\/worldofflowerpots.com\/","name":"World of Flowerpots","description":"producent donic ozdobnych","potentialAction":[{"@type":"SearchAction","target":{"@type":"EntryPoint","urlTemplate":"https:\/\/worldofflowerpots.com\/?s={search_term_string}"},"query-input":{"@type":"PropertyValueSpecification","valueRequired":true,"valueName":"search_term_string"}}],"inLanguage":"pl-PL"}]}},"_links":{"self":[{"href":"https:\/\/worldofflowerpots.com\/pl\/wp-json\/wp\/v2\/product\/56106","targetHints":{"allow":["GET"]}}],"collection":[{"href":"https:\/\/worldofflowerpots.com\/pl\/wp-json\/wp\/v2\/product"}],"about":[{"href":"https:\/\/worldofflowerpots.com\/pl\/wp-json\/wp\/v2\/types\/product"}],"wp:featuredmedia":[{"embeddable":true,"href":"https:\/\/worldofflowerpots.com\/pl\/wp-json\/wp\/v2\/media\/56909"}],"wp:attachment":[{"href":"https:\/\/worldofflowerpots.com\/pl\/wp-json\/wp\/v2\/media?parent=56106"}],"wp:term":[{"taxonomy":"product_brand","embeddable":true,"href":"https:\/\/worldofflowerpots.com\/pl\/wp-json\/wp\/v2\/product_brand?post=56106"},{"taxonomy":"product_cat","embeddable":true,"href":"https:\/\/worldofflowerpots.com\/pl\/wp-json\/wp\/v2\/product_cat?post=56106"},{"taxonomy":"product_tag","embeddable":true,"href":"https:\/\/worldofflowerpots.com\/pl\/wp-json\/wp\/v2\/product_tag?post=56106"}],"curies":[{"name":"wp","href":"https:\/\/api.w.org\/{rel}","templated":true}]}}