{"id":56117,"date":"2019-03-20T10:55:31","date_gmt":"2019-03-20T09:55:31","guid":{"rendered":"https:\/\/worldofflowerpots.com\/?post_type=product&#038;p=56117"},"modified":"2019-04-04T09:32:47","modified_gmt":"2019-04-04T07:32:47","slug":"donice-wysokie-vittorio-5","status":"publish","type":"product","link":"https:\/\/worldofflowerpots.com\/pl\/sklep\/donice-wysokie-vittorio-5\/","title":{"rendered":"Donice wysokie Vittorio 5"},"content":{"rendered":"<h2><strong>Minimalizm i solidno\u015b\u0107<\/strong><\/h2>\n<p>Donica ogrodowa powinna by\u0107 z jednej strony nienachalna &#8211; wszak jest przede wszystkim pojemnikiem na ziemi\u0119. Nie powinna wi\u0119c odbiera\u0107 uwagi ro\u015blinie, kt\u00f3ra w niej ro\u015bnie. Z drugiej strony, powinna podkre\u015bla\u0107 dobry smak posiadacza i pasowa\u0107 do otoczenia. Mile widzianym jest, by donica by\u0142a wytrzyma\u0142\u0105, lecz nie siermi\u0119\u017cn\u0105 konstrukcj\u0105 &#8211; przecie\u017c jest bardziej nara\u017cona na dzia\u0142anie czynnik\u00f3w atmosferycznych. Dlatego warto postawi\u0107 na sprawdzone rozwi\u0105zanie, czyli donice wysokie aluminiowe z serii Vittorio, kt\u00f3ra doczeka\u0142a si\u0119 w\u0142a\u015bnie kolejnej edycji.<\/p>\n<h2><strong>Vittorio &#8211; znaczy zwyci\u0119zca<\/strong><\/h2>\n<p>Co czeka nabywc\u0119, kt\u00f3ry zdecyduje si\u0119 na donic\u0119 Vittorio 5? 1,2 metra wysoko\u015bci przy kwadratowej podstawie o boku 40 cm oznacza smuk\u0142o\u015b\u0107. Mo\u017ce si\u0119 ona przyda\u0107 cho\u0107by jako ozdoba wej\u015bcia do ogrodu. Poniewa\u017c nie zajmuje wiele przestrzeni, b\u0119dzie pasowa\u0107 do strzelistych ro\u015blin i pn\u0105czy, mog\u0105cych wi\u0107 si\u0119 wok\u00f3\u0142 donicy niczym laur na g\u0142owie olimpijczyka. Ciut wy\u017csza od poprzedniczki, mo\u017ce zosta\u0107 wpasowana razem z Vittorio 2 w ciekawe, ogrodowe aran\u017cacje. Do ich stworzenia mo\u017cna skorzysta\u0107 z tej nieznacznej, ale zauwa\u017calnej r\u00f3\u017cnicy wysoko\u015bci tych modeli.<\/p>\n<p>Pod wzgl\u0119dem estetyki, donice wysokie Vittorio s\u0105 tradycyjnie dost\u0119pne w r\u00f3\u017cnych wariantach kolorystycznych, opartych o palet\u0119 barw RAL. Dzi\u0119ki prostemu, smuk\u0142emu kszta\u0142towi Vittorio 5 pozostanie zawsze eleganckim dodatkiem do aran\u017cacji ogrodu i nie tylko. Warto wspomnie\u0107, \u017ce znakiem rozpoznawczym tej serii donic jest wytwarzanie z aluminium. Oznacza to lekko\u015b\u0107 konstrukcji &#8211; donic\u0119 \u0142atwiej przemieszcza\u0107 nawet wype\u0142nion\u0105 ziemi\u0105, za\u015b pod\u0142o\u017ce nie zostanie w wyniku tego uszkodzone. Dlatego te\u017c mo\u017cna \u015bmia\u0142o postawi\u0107 Vittorio 5 r\u00f3wnie\u017c w pomieszczeniach. Dzi\u0119ki rozmiarom \u015bwietnie nadaje si\u0119 do mniejszych mieszka\u0144 gdzie nie zabiorze cennej powierzchni pod\u0142ogi. Aluminium to te\u017c niewzruszono\u015b\u0107 na rdz\u0119 &#8211; ni deszcz, ni wiatr, ni czas nie odcisn\u0105 pi\u0119tna na tym ma\u0142ym dziele sztuki ogrodowej. Mycie te\u017c nie sprawia problemu &#8211;\u00a0 w ko\u0144cu to metal, wystarczy przetrze\u0107 wilgotn\u0105 \u015bcierk\u0105 i osuszy\u0107.<\/p>\n<p>Donice wysokie Vittorio 5 to ciekawe rozwi\u0105zanie dla tych, kt\u00f3rzy potrzebuj\u0105 solidnych, nieprzekombinowanych donic, pasuj\u0105cych do dobrze ustawionego pokoju. Stylowe, nieugi\u0119te, wr\u0119cz szlachetne &#8211;\u00a0 zwie\u0144czenie ka\u017cdego ogrodu i mieszkania. Przywdziejesz wi\u0119c laur zwyci\u0119zcy?<\/p>\n","protected":false},"excerpt":{"rendered":"<p>Donica aluminiowa Vittorio 5 produkowana jest we wszystkich kolorach palety RAL. Donica produkowana jest w standardzie z otworami odp\u0142ywowymi. Waga to: 21 kg, a wymiary: d\u0142ugo\u015b\u0107: 40cm, szeroko\u015b\u0107: 40cm, wysoko\u015b\u0107:120 cm. Zalecane stosowanie jako donica tarasowa.<\/p>\n","protected":false},"featured_media":57187,"template":"","meta":{"_acf_changed":false},"product_brand":[],"product_cat":[116],"product_tag":[446,448,444,447,451],"class_list":{"0":"post-56117","1":"product","2":"type-product","3":"status-publish","4":"has-post-thumbnail","6":"product_cat-donice-z-aluminium","7":"product_tag-donice-aluminiowe","8":"product_tag-donice-balkonowe","9":"product_tag-donice-ogrodowe","10":"product_tag-donice-tarasowe","11":"product_tag-donice-wewnetrzne","12":"description-off","13":"tm-has-options","15":"first","16":"instock","17":"shipping-taxable","18":"purchasable","19":"product-type-simple"},"acf":[],"yoast_head":"<!-- This site is optimized with the Yoast SEO plugin v27.5 - https:\/\/yoast.com\/product\/yoast-seo-wordpress\/ -->\n<title>Donice wysokie Vittorio 5 - dla ro\u015blin wysokich lub pn\u0105czy<\/title>\n<meta name=\"description\" content=\"Donice wysokie Vittorio 5 to ciekawe rozwi\u0105zanie dla tych, kt\u00f3rzy potrzebuj\u0105 solidnych, nieprzekombinowanych donic, pasuj\u0105cych do dobrze ustawionego pokoju.\" \/>\n<meta name=\"robots\" content=\"index, follow, max-snippet:-1, max-image-preview:large, max-video-preview:-1\" \/>\n<link rel=\"canonical\" href=\"https:\/\/worldofflowerpots.com\/sklep\/donice-wysokie-vittorio-5\/\" \/>\n<meta property=\"og:locale\" content=\"pl_PL\" \/>\n<meta property=\"og:type\" content=\"article\" \/>\n<meta property=\"og:title\" content=\"Donice wysokie Vittorio 5 - dla ro\u015blin wysokich lub pn\u0105czy\" \/>\n<meta property=\"og:description\" content=\"Donice wysokie Vittorio 5 to ciekawe rozwi\u0105zanie dla tych, kt\u00f3rzy potrzebuj\u0105 solidnych, nieprzekombinowanych donic, pasuj\u0105cych do dobrze ustawionego pokoju.\" \/>\n<meta property=\"og:url\" content=\"https:\/\/worldofflowerpots.com\/sklep\/donice-wysokie-vittorio-5\/\" \/>\n<meta property=\"og:site_name\" content=\"World of Flowerpots\" \/>\n<meta property=\"article:modified_time\" content=\"2019-04-04T07:32:47+00:00\" \/>\n<meta property=\"og:image\" content=\"https:\/\/worldofflowerpots.com\/wp-content\/uploads\/2019\/03\/donice-wysokie-Vittorio_5.jpg\" \/>\n\t<meta property=\"og:image:width\" content=\"2280\" \/>\n\t<meta property=\"og:image:height\" content=\"1612\" \/>\n\t<meta property=\"og:image:type\" content=\"image\/jpeg\" \/>\n<meta name=\"twitter:card\" content=\"summary_large_image\" \/>\n<meta name=\"twitter:label1\" content=\"Szacowany czas czytania\" \/>\n\t<meta name=\"twitter:data1\" content=\"2 minuty\" \/>\n<script type=\"application\/ld+json\" class=\"yoast-schema-graph\">{\"@context\":\"https:\\\/\\\/schema.org\",\"@graph\":[{\"@type\":\"WebPage\",\"@id\":\"https:\\\/\\\/worldofflowerpots.com\\\/sklep\\\/donice-wysokie-vittorio-5\\\/\",\"url\":\"https:\\\/\\\/worldofflowerpots.com\\\/sklep\\\/donice-wysokie-vittorio-5\\\/\",\"name\":\"Donice wysokie Vittorio 5 - dla ro\u015blin wysokich lub pn\u0105czy\",\"isPartOf\":{\"@id\":\"https:\\\/\\\/worldofflowerpots.com\\\/#website\"},\"primaryImageOfPage\":{\"@id\":\"https:\\\/\\\/worldofflowerpots.com\\\/sklep\\\/donice-wysokie-vittorio-5\\\/#primaryimage\"},\"image\":{\"@id\":\"https:\\\/\\\/worldofflowerpots.com\\\/sklep\\\/donice-wysokie-vittorio-5\\\/#primaryimage\"},\"thumbnailUrl\":\"https:\\\/\\\/worldofflowerpots.com\\\/wp-content\\\/uploads\\\/2019\\\/03\\\/donice-wysokie-Vittorio_5.jpg\",\"datePublished\":\"2019-03-20T09:55:31+00:00\",\"dateModified\":\"2019-04-04T07:32:47+00:00\",\"description\":\"Donice wysokie Vittorio 5 to ciekawe rozwi\u0105zanie dla tych, kt\u00f3rzy potrzebuj\u0105 solidnych, nieprzekombinowanych donic, pasuj\u0105cych do dobrze ustawionego pokoju.\",\"breadcrumb\":{\"@id\":\"https:\\\/\\\/worldofflowerpots.com\\\/sklep\\\/donice-wysokie-vittorio-5\\\/#breadcrumb\"},\"inLanguage\":\"pl-PL\",\"potentialAction\":[{\"@type\":\"ReadAction\",\"target\":[\"https:\\\/\\\/worldofflowerpots.com\\\/sklep\\\/donice-wysokie-vittorio-5\\\/\"]}]},{\"@type\":\"ImageObject\",\"inLanguage\":\"pl-PL\",\"@id\":\"https:\\\/\\\/worldofflowerpots.com\\\/sklep\\\/donice-wysokie-vittorio-5\\\/#primaryimage\",\"url\":\"https:\\\/\\\/worldofflowerpots.com\\\/wp-content\\\/uploads\\\/2019\\\/03\\\/donice-wysokie-Vittorio_5.jpg\",\"contentUrl\":\"https:\\\/\\\/worldofflowerpots.com\\\/wp-content\\\/uploads\\\/2019\\\/03\\\/donice-wysokie-Vittorio_5.jpg\",\"width\":2280,\"height\":1612},{\"@type\":\"BreadcrumbList\",\"@id\":\"https:\\\/\\\/worldofflowerpots.com\\\/sklep\\\/donice-wysokie-vittorio-5\\\/#breadcrumb\",\"itemListElement\":[{\"@type\":\"ListItem\",\"position\":1,\"name\":\"Strona g\u0142\u00f3wna\",\"item\":\"https:\\\/\\\/worldofflowerpots.com\\\/\"},{\"@type\":\"ListItem\",\"position\":2,\"name\":\"Sklep\",\"item\":\"https:\\\/\\\/worldofflowerpots.com\\\/sklep\\\/\"},{\"@type\":\"ListItem\",\"position\":3,\"name\":\"Donice wysokie Vittorio 5\"}]},{\"@type\":\"WebSite\",\"@id\":\"https:\\\/\\\/worldofflowerpots.com\\\/#website\",\"url\":\"https:\\\/\\\/worldofflowerpots.com\\\/\",\"name\":\"World of Flowerpots\",\"description\":\"producent donic ozdobnych\",\"potentialAction\":[{\"@type\":\"SearchAction\",\"target\":{\"@type\":\"EntryPoint\",\"urlTemplate\":\"https:\\\/\\\/worldofflowerpots.com\\\/?s={search_term_string}\"},\"query-input\":{\"@type\":\"PropertyValueSpecification\",\"valueRequired\":true,\"valueName\":\"search_term_string\"}}],\"inLanguage\":\"pl-PL\"}]}<\/script>\n<!-- \/ Yoast SEO plugin. -->","yoast_head_json":{"title":"Donice wysokie Vittorio 5 - dla ro\u015blin wysokich lub pn\u0105czy","description":"Donice wysokie Vittorio 5 to ciekawe rozwi\u0105zanie dla tych, kt\u00f3rzy potrzebuj\u0105 solidnych, nieprzekombinowanych donic, pasuj\u0105cych do dobrze ustawionego pokoju.","robots":{"index":"index","follow":"follow","max-snippet":"max-snippet:-1","max-image-preview":"max-image-preview:large","max-video-preview":"max-video-preview:-1"},"canonical":"https:\/\/worldofflowerpots.com\/sklep\/donice-wysokie-vittorio-5\/","og_locale":"pl_PL","og_type":"article","og_title":"Donice wysokie Vittorio 5 - dla ro\u015blin wysokich lub pn\u0105czy","og_description":"Donice wysokie Vittorio 5 to ciekawe rozwi\u0105zanie dla tych, kt\u00f3rzy potrzebuj\u0105 solidnych, nieprzekombinowanych donic, pasuj\u0105cych do dobrze ustawionego pokoju.","og_url":"https:\/\/worldofflowerpots.com\/sklep\/donice-wysokie-vittorio-5\/","og_site_name":"World of Flowerpots","article_modified_time":"2019-04-04T07:32:47+00:00","og_image":[{"width":2280,"height":1612,"url":"https:\/\/worldofflowerpots.com\/wp-content\/uploads\/2019\/03\/donice-wysokie-Vittorio_5.jpg","type":"image\/jpeg"}],"twitter_card":"summary_large_image","twitter_misc":{"Szacowany czas czytania":"2 minuty"},"schema":{"@context":"https:\/\/schema.org","@graph":[{"@type":"WebPage","@id":"https:\/\/worldofflowerpots.com\/sklep\/donice-wysokie-vittorio-5\/","url":"https:\/\/worldofflowerpots.com\/sklep\/donice-wysokie-vittorio-5\/","name":"Donice wysokie Vittorio 5 - dla ro\u015blin wysokich lub pn\u0105czy","isPartOf":{"@id":"https:\/\/worldofflowerpots.com\/#website"},"primaryImageOfPage":{"@id":"https:\/\/worldofflowerpots.com\/sklep\/donice-wysokie-vittorio-5\/#primaryimage"},"image":{"@id":"https:\/\/worldofflowerpots.com\/sklep\/donice-wysokie-vittorio-5\/#primaryimage"},"thumbnailUrl":"https:\/\/worldofflowerpots.com\/wp-content\/uploads\/2019\/03\/donice-wysokie-Vittorio_5.jpg","datePublished":"2019-03-20T09:55:31+00:00","dateModified":"2019-04-04T07:32:47+00:00","description":"Donice wysokie Vittorio 5 to ciekawe rozwi\u0105zanie dla tych, kt\u00f3rzy potrzebuj\u0105 solidnych, nieprzekombinowanych donic, pasuj\u0105cych do dobrze ustawionego pokoju.","breadcrumb":{"@id":"https:\/\/worldofflowerpots.com\/sklep\/donice-wysokie-vittorio-5\/#breadcrumb"},"inLanguage":"pl-PL","potentialAction":[{"@type":"ReadAction","target":["https:\/\/worldofflowerpots.com\/sklep\/donice-wysokie-vittorio-5\/"]}]},{"@type":"ImageObject","inLanguage":"pl-PL","@id":"https:\/\/worldofflowerpots.com\/sklep\/donice-wysokie-vittorio-5\/#primaryimage","url":"https:\/\/worldofflowerpots.com\/wp-content\/uploads\/2019\/03\/donice-wysokie-Vittorio_5.jpg","contentUrl":"https:\/\/worldofflowerpots.com\/wp-content\/uploads\/2019\/03\/donice-wysokie-Vittorio_5.jpg","width":2280,"height":1612},{"@type":"BreadcrumbList","@id":"https:\/\/worldofflowerpots.com\/sklep\/donice-wysokie-vittorio-5\/#breadcrumb","itemListElement":[{"@type":"ListItem","position":1,"name":"Strona g\u0142\u00f3wna","item":"https:\/\/worldofflowerpots.com\/"},{"@type":"ListItem","position":2,"name":"Sklep","item":"https:\/\/worldofflowerpots.com\/sklep\/"},{"@type":"ListItem","position":3,"name":"Donice wysokie Vittorio 5"}]},{"@type":"WebSite","@id":"https:\/\/worldofflowerpots.com\/#website","url":"https:\/\/worldofflowerpots.com\/","name":"World of Flowerpots","description":"producent donic ozdobnych","potentialAction":[{"@type":"SearchAction","target":{"@type":"EntryPoint","urlTemplate":"https:\/\/worldofflowerpots.com\/?s={search_term_string}"},"query-input":{"@type":"PropertyValueSpecification","valueRequired":true,"valueName":"search_term_string"}}],"inLanguage":"pl-PL"}]}},"_links":{"self":[{"href":"https:\/\/worldofflowerpots.com\/pl\/wp-json\/wp\/v2\/product\/56117","targetHints":{"allow":["GET"]}}],"collection":[{"href":"https:\/\/worldofflowerpots.com\/pl\/wp-json\/wp\/v2\/product"}],"about":[{"href":"https:\/\/worldofflowerpots.com\/pl\/wp-json\/wp\/v2\/types\/product"}],"wp:featuredmedia":[{"embeddable":true,"href":"https:\/\/worldofflowerpots.com\/pl\/wp-json\/wp\/v2\/media\/57187"}],"wp:attachment":[{"href":"https:\/\/worldofflowerpots.com\/pl\/wp-json\/wp\/v2\/media?parent=56117"}],"wp:term":[{"taxonomy":"product_brand","embeddable":true,"href":"https:\/\/worldofflowerpots.com\/pl\/wp-json\/wp\/v2\/product_brand?post=56117"},{"taxonomy":"product_cat","embeddable":true,"href":"https:\/\/worldofflowerpots.com\/pl\/wp-json\/wp\/v2\/product_cat?post=56117"},{"taxonomy":"product_tag","embeddable":true,"href":"https:\/\/worldofflowerpots.com\/pl\/wp-json\/wp\/v2\/product_tag?post=56117"}],"curies":[{"name":"wp","href":"https:\/\/api.w.org\/{rel}","templated":true}]}}