{"id":56128,"date":"2019-03-20T11:17:10","date_gmt":"2019-03-20T10:17:10","guid":{"rendered":"https:\/\/worldofflowerpots.com\/?post_type=product&#038;p=56128"},"modified":"2019-04-04T09:04:41","modified_gmt":"2019-04-04T07:04:41","slug":"donice-do-kwiatow-vittorio-4","status":"publish","type":"product","link":"https:\/\/worldofflowerpots.com\/pl\/sklep\/donice-do-kwiatow-vittorio-4\/","title":{"rendered":"Donice do kwiat\u00f3w Vittorio 4"},"content":{"rendered":"<h2><strong>Nowoczesno\u015b\u0107 i klasyka w jednym<\/strong><\/h2>\n<p>Prosta forma, nowoczesny design i wszechstronne zastosowanie. W tych kilku wyra\u017ceniach mo\u017cna scharakteryzowa\u0107 donic\u0119 Vittorio 4. Produkt ju\u017c od pierwszego spojrzenia skupia na sobie wzrok, na d\u0142ugo zapada w pami\u0119\u0107 i staje si\u0119 g\u0142\u00f3wnym bohaterem wn\u0119trza.<\/p>\n<p>Wykorzystuj\u0105c modne donice do kwiat\u00f3w w kilku prostych krokach mo\u017cna zmieni\u0107 charakter ka\u017cdego pomieszczenia. Ten z pozoru banalny dodatek w zale\u017cno\u015bci od potrzeb mo\u017ce dodawa\u0107 \u015bwie\u017co\u015bci, drapie\u017cno\u015bci czy romantyczno\u015bci. Wystarczy dobra\u0107 interesuj\u0105ce ro\u015bliny, ustawi\u0107 donic\u0119 w odpowiednim miejscu i metamorfoza wn\u0119trza gotowa. Co bardzo wa\u017cne, model Vittorio 4 odnajdzie si\u0119 zar\u00f3wno w designerskich pomieszczeniach jak i we wn\u0119trzach urz\u0105dzonych w bardziej tradycyjnym stylu. Prosta, geometryczna konstrukcja wpisze si\u0119 w industrialny salon, w minimalistyczny przedpok\u00f3j czy klasycznie urz\u0105dzone biuro.<\/p>\n<h2><strong>Odporna na warunki atmosferyczne<\/strong><\/h2>\n<p>Vittorio 4 stanowi po\u0142\u0105czenie klasycznych rozwi\u0105za\u0144 z nowoczesnymi technologiami. Produkt jest wykonywany z aluminium. Materia\u0142 ten, z jednej strony jest bardzo lekki, a z drugiej odporny na dzia\u0142anie czynnik\u00f3w zewn\u0119trznych. Bior\u0105c pod uwag\u0119 parametry techniczne donicy z powodzeniem mo\u017cna ustawi\u0107 j\u0105 na tarasie, balkonie i w ogrodzie. Produkt stoj\u0105c nawet w bardzo nas\u0142onecznionym miejscu nie zmieni swojego koloru i na d\u0142ugie lata pozostanie w doskona\u0142ej formie. Aluminium odporne jest na \u015bcieranie, uszkodzenia mechaniczne i na czynniki atmosferyczne. Wydawa\u0107 by si\u0119 mog\u0142o, \u017ce wykorzystanie blachy do produkcji donicy nie jest dobrym rozwi\u0105zaniem, produkt wydaje si\u0119 by\u0107 ci\u0119\u017cki i bardzo masywny. Tymczasem, aluminiowa konstrukcja pomimo swojej odporno\u015bci jest bardzo lekka i nie niszczy pod\u0142o\u017ca na kt\u00f3rym stoi.<\/p>\n<h2><strong>Praktyczna<\/strong><\/h2>\n<p>Prezentowana donica do kwiat\u00f3w cechuje si\u0119 wymiarami 500 x 500 x 800 mm. Vittorio 4 posiada otwory odp\u0142ywowe i mo\u017cna j\u0105 wstawia\u0107 nie tylko do wn\u0119trz, ale tak\u017ce do ogrod\u00f3w. Jej prostok\u0105tna i wysoka konstrukcja dobrze skomponuje si\u0119 z r\u00f3\u017cnym typem ro\u015blin.<\/p>\n<p>Nowoczesne donice do kwiat\u00f3w powinny by\u0107 oryginalne, interesuj\u0105ce i wielofunkcyjne. Vittorio 4 spe\u0142nia te wszystkie warunki. Donic\u0119 mo\u017cna ustawi\u0107 tu\u017c przed wej\u015bciem do domu, w salonie, jadalni czy gabinecie. Odpowiednia dobrana ro\u015blina doda jej charakteru i wyeksponuje wszystkie walory.<\/p>\n","protected":false},"excerpt":{"rendered":"<p>Donica aluminiowa Vittorio 4 produkowana jest we wszystkich kolorach palety RAL. Donica produkowana jest w standardzie z otworami odp\u0142ywowymi. Waga to: 15 kg, a wymiary: d\u0142ugo\u015b\u0107: 50 cm, szeroko\u015b\u0107: 50 cm, wysoko\u015b\u0107:80 cm. Zalecane stosowanie jako donica tarasowa.<\/p>\n","protected":false},"featured_media":57176,"template":"","meta":{"_acf_changed":false},"product_brand":[],"product_cat":[116],"product_tag":[446,448,444,447,451],"class_list":{"0":"post-56128","1":"product","2":"type-product","3":"status-publish","4":"has-post-thumbnail","6":"product_cat-donice-z-aluminium","7":"product_tag-donice-aluminiowe","8":"product_tag-donice-balkonowe","9":"product_tag-donice-ogrodowe","10":"product_tag-donice-tarasowe","11":"product_tag-donice-wewnetrzne","12":"description-off","13":"tm-has-options","15":"first","16":"instock","17":"shipping-taxable","18":"purchasable","19":"product-type-simple"},"acf":[],"yoast_head":"<!-- This site is optimized with the Yoast SEO plugin v27.5 - https:\/\/yoast.com\/product\/yoast-seo-wordpress\/ -->\n<title>Donice do kwiat\u00f3w Vittorio 4 - nowoczesna, odporna i praktyczna<\/title>\n<meta name=\"description\" content=\"Nowoczesne donice do kwiat\u00f3w powinny by\u0107 oryginalne, interesuj\u0105ce i wielofunkcyjne. Vittorio 4 spe\u0142nia te wszystkie warunki\" \/>\n<meta name=\"robots\" content=\"index, follow, max-snippet:-1, max-image-preview:large, max-video-preview:-1\" \/>\n<link rel=\"canonical\" href=\"https:\/\/worldofflowerpots.com\/sklep\/donice-do-kwiatow-vittorio-4\/\" \/>\n<meta property=\"og:locale\" content=\"pl_PL\" \/>\n<meta property=\"og:type\" content=\"article\" \/>\n<meta property=\"og:title\" content=\"Donice do kwiat\u00f3w Vittorio 4 - nowoczesna, odporna i praktyczna\" \/>\n<meta property=\"og:description\" content=\"Nowoczesne donice do kwiat\u00f3w powinny by\u0107 oryginalne, interesuj\u0105ce i wielofunkcyjne. Vittorio 4 spe\u0142nia te wszystkie warunki\" \/>\n<meta property=\"og:url\" content=\"https:\/\/worldofflowerpots.com\/sklep\/donice-do-kwiatow-vittorio-4\/\" \/>\n<meta property=\"og:site_name\" content=\"World of Flowerpots\" \/>\n<meta property=\"article:modified_time\" content=\"2019-04-04T07:04:41+00:00\" \/>\n<meta property=\"og:image\" content=\"https:\/\/worldofflowerpots.com\/wp-content\/uploads\/2019\/03\/donice-do-kwiat\u00f3w-Vittorio_4.jpg\" \/>\n\t<meta property=\"og:image:width\" content=\"2280\" \/>\n\t<meta property=\"og:image:height\" content=\"1612\" \/>\n\t<meta property=\"og:image:type\" content=\"image\/jpeg\" \/>\n<meta name=\"twitter:card\" content=\"summary_large_image\" \/>\n<meta name=\"twitter:label1\" content=\"Szacowany czas czytania\" \/>\n\t<meta name=\"twitter:data1\" content=\"2 minuty\" \/>\n<script type=\"application\/ld+json\" class=\"yoast-schema-graph\">{\"@context\":\"https:\\\/\\\/schema.org\",\"@graph\":[{\"@type\":\"WebPage\",\"@id\":\"https:\\\/\\\/worldofflowerpots.com\\\/sklep\\\/donice-do-kwiatow-vittorio-4\\\/\",\"url\":\"https:\\\/\\\/worldofflowerpots.com\\\/sklep\\\/donice-do-kwiatow-vittorio-4\\\/\",\"name\":\"Donice do kwiat\u00f3w Vittorio 4 - nowoczesna, odporna i praktyczna\",\"isPartOf\":{\"@id\":\"https:\\\/\\\/worldofflowerpots.com\\\/#website\"},\"primaryImageOfPage\":{\"@id\":\"https:\\\/\\\/worldofflowerpots.com\\\/sklep\\\/donice-do-kwiatow-vittorio-4\\\/#primaryimage\"},\"image\":{\"@id\":\"https:\\\/\\\/worldofflowerpots.com\\\/sklep\\\/donice-do-kwiatow-vittorio-4\\\/#primaryimage\"},\"thumbnailUrl\":\"https:\\\/\\\/worldofflowerpots.com\\\/wp-content\\\/uploads\\\/2019\\\/03\\\/donice-do-kwiat\u00f3w-Vittorio_4.jpg\",\"datePublished\":\"2019-03-20T10:17:10+00:00\",\"dateModified\":\"2019-04-04T07:04:41+00:00\",\"description\":\"Nowoczesne donice do kwiat\u00f3w powinny by\u0107 oryginalne, interesuj\u0105ce i wielofunkcyjne. Vittorio 4 spe\u0142nia te wszystkie warunki\",\"breadcrumb\":{\"@id\":\"https:\\\/\\\/worldofflowerpots.com\\\/sklep\\\/donice-do-kwiatow-vittorio-4\\\/#breadcrumb\"},\"inLanguage\":\"pl-PL\",\"potentialAction\":[{\"@type\":\"ReadAction\",\"target\":[\"https:\\\/\\\/worldofflowerpots.com\\\/sklep\\\/donice-do-kwiatow-vittorio-4\\\/\"]}]},{\"@type\":\"ImageObject\",\"inLanguage\":\"pl-PL\",\"@id\":\"https:\\\/\\\/worldofflowerpots.com\\\/sklep\\\/donice-do-kwiatow-vittorio-4\\\/#primaryimage\",\"url\":\"https:\\\/\\\/worldofflowerpots.com\\\/wp-content\\\/uploads\\\/2019\\\/03\\\/donice-do-kwiat\u00f3w-Vittorio_4.jpg\",\"contentUrl\":\"https:\\\/\\\/worldofflowerpots.com\\\/wp-content\\\/uploads\\\/2019\\\/03\\\/donice-do-kwiat\u00f3w-Vittorio_4.jpg\",\"width\":2280,\"height\":1612},{\"@type\":\"BreadcrumbList\",\"@id\":\"https:\\\/\\\/worldofflowerpots.com\\\/sklep\\\/donice-do-kwiatow-vittorio-4\\\/#breadcrumb\",\"itemListElement\":[{\"@type\":\"ListItem\",\"position\":1,\"name\":\"Strona g\u0142\u00f3wna\",\"item\":\"https:\\\/\\\/worldofflowerpots.com\\\/\"},{\"@type\":\"ListItem\",\"position\":2,\"name\":\"Sklep\",\"item\":\"https:\\\/\\\/worldofflowerpots.com\\\/sklep\\\/\"},{\"@type\":\"ListItem\",\"position\":3,\"name\":\"Donice do kwiat\u00f3w Vittorio 4\"}]},{\"@type\":\"WebSite\",\"@id\":\"https:\\\/\\\/worldofflowerpots.com\\\/#website\",\"url\":\"https:\\\/\\\/worldofflowerpots.com\\\/\",\"name\":\"World of Flowerpots\",\"description\":\"producent donic ozdobnych\",\"potentialAction\":[{\"@type\":\"SearchAction\",\"target\":{\"@type\":\"EntryPoint\",\"urlTemplate\":\"https:\\\/\\\/worldofflowerpots.com\\\/?s={search_term_string}\"},\"query-input\":{\"@type\":\"PropertyValueSpecification\",\"valueRequired\":true,\"valueName\":\"search_term_string\"}}],\"inLanguage\":\"pl-PL\"}]}<\/script>\n<!-- \/ Yoast SEO plugin. -->","yoast_head_json":{"title":"Donice do kwiat\u00f3w Vittorio 4 - nowoczesna, odporna i praktyczna","description":"Nowoczesne donice do kwiat\u00f3w powinny by\u0107 oryginalne, interesuj\u0105ce i wielofunkcyjne. Vittorio 4 spe\u0142nia te wszystkie warunki","robots":{"index":"index","follow":"follow","max-snippet":"max-snippet:-1","max-image-preview":"max-image-preview:large","max-video-preview":"max-video-preview:-1"},"canonical":"https:\/\/worldofflowerpots.com\/sklep\/donice-do-kwiatow-vittorio-4\/","og_locale":"pl_PL","og_type":"article","og_title":"Donice do kwiat\u00f3w Vittorio 4 - nowoczesna, odporna i praktyczna","og_description":"Nowoczesne donice do kwiat\u00f3w powinny by\u0107 oryginalne, interesuj\u0105ce i wielofunkcyjne. Vittorio 4 spe\u0142nia te wszystkie warunki","og_url":"https:\/\/worldofflowerpots.com\/sklep\/donice-do-kwiatow-vittorio-4\/","og_site_name":"World of Flowerpots","article_modified_time":"2019-04-04T07:04:41+00:00","og_image":[{"width":2280,"height":1612,"url":"https:\/\/worldofflowerpots.com\/wp-content\/uploads\/2019\/03\/donice-do-kwiat\u00f3w-Vittorio_4.jpg","type":"image\/jpeg"}],"twitter_card":"summary_large_image","twitter_misc":{"Szacowany czas czytania":"2 minuty"},"schema":{"@context":"https:\/\/schema.org","@graph":[{"@type":"WebPage","@id":"https:\/\/worldofflowerpots.com\/sklep\/donice-do-kwiatow-vittorio-4\/","url":"https:\/\/worldofflowerpots.com\/sklep\/donice-do-kwiatow-vittorio-4\/","name":"Donice do kwiat\u00f3w Vittorio 4 - nowoczesna, odporna i praktyczna","isPartOf":{"@id":"https:\/\/worldofflowerpots.com\/#website"},"primaryImageOfPage":{"@id":"https:\/\/worldofflowerpots.com\/sklep\/donice-do-kwiatow-vittorio-4\/#primaryimage"},"image":{"@id":"https:\/\/worldofflowerpots.com\/sklep\/donice-do-kwiatow-vittorio-4\/#primaryimage"},"thumbnailUrl":"https:\/\/worldofflowerpots.com\/wp-content\/uploads\/2019\/03\/donice-do-kwiat\u00f3w-Vittorio_4.jpg","datePublished":"2019-03-20T10:17:10+00:00","dateModified":"2019-04-04T07:04:41+00:00","description":"Nowoczesne donice do kwiat\u00f3w powinny by\u0107 oryginalne, interesuj\u0105ce i wielofunkcyjne. Vittorio 4 spe\u0142nia te wszystkie warunki","breadcrumb":{"@id":"https:\/\/worldofflowerpots.com\/sklep\/donice-do-kwiatow-vittorio-4\/#breadcrumb"},"inLanguage":"pl-PL","potentialAction":[{"@type":"ReadAction","target":["https:\/\/worldofflowerpots.com\/sklep\/donice-do-kwiatow-vittorio-4\/"]}]},{"@type":"ImageObject","inLanguage":"pl-PL","@id":"https:\/\/worldofflowerpots.com\/sklep\/donice-do-kwiatow-vittorio-4\/#primaryimage","url":"https:\/\/worldofflowerpots.com\/wp-content\/uploads\/2019\/03\/donice-do-kwiat\u00f3w-Vittorio_4.jpg","contentUrl":"https:\/\/worldofflowerpots.com\/wp-content\/uploads\/2019\/03\/donice-do-kwiat\u00f3w-Vittorio_4.jpg","width":2280,"height":1612},{"@type":"BreadcrumbList","@id":"https:\/\/worldofflowerpots.com\/sklep\/donice-do-kwiatow-vittorio-4\/#breadcrumb","itemListElement":[{"@type":"ListItem","position":1,"name":"Strona g\u0142\u00f3wna","item":"https:\/\/worldofflowerpots.com\/"},{"@type":"ListItem","position":2,"name":"Sklep","item":"https:\/\/worldofflowerpots.com\/sklep\/"},{"@type":"ListItem","position":3,"name":"Donice do kwiat\u00f3w Vittorio 4"}]},{"@type":"WebSite","@id":"https:\/\/worldofflowerpots.com\/#website","url":"https:\/\/worldofflowerpots.com\/","name":"World of Flowerpots","description":"producent donic ozdobnych","potentialAction":[{"@type":"SearchAction","target":{"@type":"EntryPoint","urlTemplate":"https:\/\/worldofflowerpots.com\/?s={search_term_string}"},"query-input":{"@type":"PropertyValueSpecification","valueRequired":true,"valueName":"search_term_string"}}],"inLanguage":"pl-PL"}]}},"_links":{"self":[{"href":"https:\/\/worldofflowerpots.com\/pl\/wp-json\/wp\/v2\/product\/56128","targetHints":{"allow":["GET"]}}],"collection":[{"href":"https:\/\/worldofflowerpots.com\/pl\/wp-json\/wp\/v2\/product"}],"about":[{"href":"https:\/\/worldofflowerpots.com\/pl\/wp-json\/wp\/v2\/types\/product"}],"wp:featuredmedia":[{"embeddable":true,"href":"https:\/\/worldofflowerpots.com\/pl\/wp-json\/wp\/v2\/media\/57176"}],"wp:attachment":[{"href":"https:\/\/worldofflowerpots.com\/pl\/wp-json\/wp\/v2\/media?parent=56128"}],"wp:term":[{"taxonomy":"product_brand","embeddable":true,"href":"https:\/\/worldofflowerpots.com\/pl\/wp-json\/wp\/v2\/product_brand?post=56128"},{"taxonomy":"product_cat","embeddable":true,"href":"https:\/\/worldofflowerpots.com\/pl\/wp-json\/wp\/v2\/product_cat?post=56128"},{"taxonomy":"product_tag","embeddable":true,"href":"https:\/\/worldofflowerpots.com\/pl\/wp-json\/wp\/v2\/product_tag?post=56128"}],"curies":[{"name":"wp","href":"https:\/\/api.w.org\/{rel}","templated":true}]}}