{"id":56180,"date":"2019-03-21T09:36:36","date_gmt":"2019-03-21T08:36:36","guid":{"rendered":"https:\/\/worldofflowerpots.com\/?post_type=product&#038;p=56180"},"modified":"2019-04-05T11:22:00","modified_gmt":"2019-04-05T09:22:00","slug":"doniczki-duze-antonio-7","status":"publish","type":"product","link":"https:\/\/worldofflowerpots.com\/pl\/sklep\/doniczki-duze-antonio-7\/","title":{"rendered":"Doniczki du\u017ce Antonio 7"},"content":{"rendered":"<h2>Designerska forma<\/h2>\n<p>Antonio 7, to po\u0142\u0105czenie harmonii, elegancji, stylu i klasy. Donica o du\u017cych wymiarach i kszta\u0142cie sze\u015bcianu jest doskona\u0142\u0105 propozycj\u0105 dla os\u00f3b ceni\u0105cych sobie wsp\u00f3\u0142czesne trendy. Produkt odnajdzie si\u0119 mi\u0119dzy innymi w przestrzeniach publicznych. Restauracyjny ogr\u00f3dek, hol biurowy czy te\u017c hotelowa recepcja, to idealnie miejsce dla Antonio 7.<\/p>\n<p>Wszystkie doniczki du\u017ce odgrywaj\u0105 bardzo wa\u017cn\u0105 rol\u0119 w nowoczesnych aran\u017cacjach. Ju\u017c sam ich kszta\u0142t skupia na sobie uwag\u0119, a gdy donic\u0119 po\u0142\u0105czymy jeszcze z odpowiednio dobran\u0105 ro\u015blinno\u015bci\u0105, to mo\u017cemy uzyska\u0107 naprawd\u0119 niebanalny efekt. Prezentowany produkt mo\u017ce by\u0107 dobrym rozwi\u0105zaniem na aran\u017cacj\u0119 miejskiego deptaka. Dobieraj\u0105c kilka takich samych donic zyska si\u0119 sp\u00f3jny efekt, kt\u00f3ry stworzy zgran\u0105 ca\u0142o\u015b\u0107.<\/p>\n<h2>Wysoka wytrzyma\u0142o\u015b\u0107<\/h2>\n<p>Reprezentatywna i elegancka donica Antonio 7 zosta\u0142a stworzona z w\u0142\u00f3kna szklanego. Stosuj\u0105c ten materia\u0142 pragn\u0119li\u015bmy zachowa\u0107 nowoczesny design, przy jednoczesnej odporno\u015bci na dzia\u0142anie czynnik\u00f3w zewn\u0119trznych. W\u0142\u00f3kno szklane odporne jest na deszcz i \u015bnieg, nie gro\u017ane mu niskie temperatury i zbyt du\u017ce nas\u0142onecznienie i inne przypadkowe zniszczenia. Jednocze\u015bnie jest to lekki materia\u0142. Zalety te pozwalaj\u0105 na \u00a0to na, \u017ce donic\u0119 \u015bmia\u0142o mo\u017cna wykorzysta\u0107 w ogrodzie, na tarasie lub na balkonie. Jej ciemny kolor \u015bwietnie podkre\u015bli zielon\u0105 ro\u015blinno\u015b\u0107.\u00a0Z kolei jasny o\u017cywi ka\u017cde pomieszczenie, kt\u00f3rym jest ma\u0142o \u015bwiat\u0142a naturalnego.<\/p>\n<p>Doniczki du\u017ce mog\u0105 by\u0107 tak\u017ce wykorzystywane wewn\u0105trz pomieszcze\u0144. Model Antonio 7 \u015bwietnie odnajdzie si\u0119 w minimalistycznych i industrialnych wn\u0119trzach. Je\u015bli jednak komu\u015b zale\u017cy na dodaniu nutki nowoczesno\u015bci w bardzo klasycznie urz\u0105dzonym wn\u0119trzu, to ta du\u017ca donica r\u00f3wnie\u017c b\u0119dzie odpowiednia. Jej wymiary, specyfikacja i parametry techniczne umo\u017cliwiaj\u0105 wstawianie r\u00f3\u017cnych gatunk\u00f3w ro\u015blin.<\/p>\n<h2>Dla r\u00f3\u017cnych ro\u015blin<\/h2>\n<p>Antonio 7 cechuje si\u0119 wymiarami 1000 x 1000 x 600 mm. Tak du\u017ca kubatura daje spore mo\u017cliwo\u015bci architektom zieleni. W jednej donicy mo\u017cna wsadzi\u0107 kilka gatunk\u00f3w ro\u015blin, ale r\u00f3wnie godnie b\u0119dzie prezentowa\u0107 si\u0119 na przyk\u0142ad kt\u00f3ra\u015b z odmian p\u0142o\u017c\u0105cego ja\u0142owca. Warto tak\u017ce zaznaczy\u0107, \u017ce donica sprawdzi si\u0119 tak\u017ce w warunkach domowych mi\u0119dzy innymi jako nowoczesna os\u0142ona na kwiaty i jednocze\u015bnie modna dekoracja mocno zwracaj\u0105ca na siebie uwag\u0119. Je\u015bli kto\u015b poszukuje takiego akcentu, to Antonio 7 b\u0119dzie doskona\u0142ym wyborem.<\/p>\n","protected":false},"excerpt":{"rendered":"<p>Donica plastikowa Antonio 7 z w\u0142\u00f3kna szklanego oraz \u017cywicy. Do stosowania wewn\u0105trz jako donica lub jako os\u0142onka. Donice dost\u0119pne we wszystkich kolorach palety RAL w wersji matowej. Donice s\u0105 wyposa\u017cone w otwory odp\u0142ywowe w dnie (na wyra\u017ane \u017cyczenie klienta mo\u017ce zosta\u0107 wykonana bez otworu odp\u0142ywowego), boczne \u015bcianki wy\u0142o\u017cone s\u0105 styropianem. Wymiary donicy: d\u0142ugo\u015b\u0107: 100 cm, szeroko\u015b\u0107: 100 cm, wysoko\u015b\u0107: 60 cm.<\/p>\n","protected":false},"featured_media":57544,"template":"","meta":{"_acf_changed":false},"product_brand":[],"product_cat":[205],"product_tag":[],"class_list":{"0":"post-56180","1":"product","2":"type-product","3":"status-publish","4":"has-post-thumbnail","6":"product_cat-donice-z-wlokna-szklanego-plastiku","7":"description-off","8":"tm-has-options","10":"first","11":"instock","12":"shipping-taxable","13":"purchasable","14":"product-type-simple"},"acf":[],"yoast_head":"<!-- This site is optimized with the Yoast SEO plugin v27.5 - https:\/\/yoast.com\/product\/yoast-seo-wordpress\/ -->\n<title>Doniczki du\u017ce Antonio 7 - do ka\u017cdej przestrzeni i wszystkich ro\u015blin<\/title>\n<meta name=\"description\" content=\"Doniczki du\u017ce mog\u0105 by\u0107 tak\u017ce wykorzystywane wewn\u0105trz pomieszcze\u0144. Model Antonio 7 \u015bwietnie odnajdzie si\u0119 w minimalistycznych i industrialnych wn\u0119trzach.\" \/>\n<meta name=\"robots\" content=\"index, follow, max-snippet:-1, max-image-preview:large, max-video-preview:-1\" \/>\n<link rel=\"canonical\" href=\"https:\/\/worldofflowerpots.com\/sklep\/doniczki-duze-antonio-7\/\" \/>\n<meta property=\"og:locale\" content=\"pl_PL\" \/>\n<meta property=\"og:type\" content=\"article\" \/>\n<meta property=\"og:title\" content=\"Doniczki du\u017ce Antonio 7 - do ka\u017cdej przestrzeni i wszystkich ro\u015blin\" \/>\n<meta property=\"og:description\" content=\"Doniczki du\u017ce mog\u0105 by\u0107 tak\u017ce wykorzystywane wewn\u0105trz pomieszcze\u0144. Model Antonio 7 \u015bwietnie odnajdzie si\u0119 w minimalistycznych i industrialnych wn\u0119trzach.\" \/>\n<meta property=\"og:url\" content=\"https:\/\/worldofflowerpots.com\/sklep\/doniczki-duze-antonio-7\/\" \/>\n<meta property=\"og:site_name\" content=\"World of Flowerpots\" \/>\n<meta property=\"article:modified_time\" content=\"2019-04-05T09:22:00+00:00\" \/>\n<meta property=\"og:image\" content=\"https:\/\/worldofflowerpots.com\/wp-content\/uploads\/2019\/03\/doniczki-du\u017ce-Antonio_7.png\" \/>\n\t<meta property=\"og:image:width\" content=\"1920\" \/>\n\t<meta property=\"og:image:height\" content=\"1080\" \/>\n\t<meta property=\"og:image:type\" content=\"image\/png\" \/>\n<meta name=\"twitter:card\" content=\"summary_large_image\" \/>\n<meta name=\"twitter:label1\" content=\"Szacowany czas czytania\" \/>\n\t<meta name=\"twitter:data1\" content=\"2 minuty\" \/>\n<script type=\"application\/ld+json\" class=\"yoast-schema-graph\">{\"@context\":\"https:\\\/\\\/schema.org\",\"@graph\":[{\"@type\":\"WebPage\",\"@id\":\"https:\\\/\\\/worldofflowerpots.com\\\/sklep\\\/doniczki-duze-antonio-7\\\/\",\"url\":\"https:\\\/\\\/worldofflowerpots.com\\\/sklep\\\/doniczki-duze-antonio-7\\\/\",\"name\":\"Doniczki du\u017ce Antonio 7 - do ka\u017cdej przestrzeni i wszystkich ro\u015blin\",\"isPartOf\":{\"@id\":\"https:\\\/\\\/worldofflowerpots.com\\\/#website\"},\"primaryImageOfPage\":{\"@id\":\"https:\\\/\\\/worldofflowerpots.com\\\/sklep\\\/doniczki-duze-antonio-7\\\/#primaryimage\"},\"image\":{\"@id\":\"https:\\\/\\\/worldofflowerpots.com\\\/sklep\\\/doniczki-duze-antonio-7\\\/#primaryimage\"},\"thumbnailUrl\":\"https:\\\/\\\/worldofflowerpots.com\\\/wp-content\\\/uploads\\\/2019\\\/03\\\/doniczki-du\u017ce-Antonio_7.png\",\"datePublished\":\"2019-03-21T08:36:36+00:00\",\"dateModified\":\"2019-04-05T09:22:00+00:00\",\"description\":\"Doniczki du\u017ce mog\u0105 by\u0107 tak\u017ce wykorzystywane wewn\u0105trz pomieszcze\u0144. Model Antonio 7 \u015bwietnie odnajdzie si\u0119 w minimalistycznych i industrialnych wn\u0119trzach.\",\"breadcrumb\":{\"@id\":\"https:\\\/\\\/worldofflowerpots.com\\\/sklep\\\/doniczki-duze-antonio-7\\\/#breadcrumb\"},\"inLanguage\":\"pl-PL\",\"potentialAction\":[{\"@type\":\"ReadAction\",\"target\":[\"https:\\\/\\\/worldofflowerpots.com\\\/sklep\\\/doniczki-duze-antonio-7\\\/\"]}]},{\"@type\":\"ImageObject\",\"inLanguage\":\"pl-PL\",\"@id\":\"https:\\\/\\\/worldofflowerpots.com\\\/sklep\\\/doniczki-duze-antonio-7\\\/#primaryimage\",\"url\":\"https:\\\/\\\/worldofflowerpots.com\\\/wp-content\\\/uploads\\\/2019\\\/03\\\/doniczki-du\u017ce-Antonio_7.png\",\"contentUrl\":\"https:\\\/\\\/worldofflowerpots.com\\\/wp-content\\\/uploads\\\/2019\\\/03\\\/doniczki-du\u017ce-Antonio_7.png\",\"width\":1920,\"height\":1080},{\"@type\":\"BreadcrumbList\",\"@id\":\"https:\\\/\\\/worldofflowerpots.com\\\/sklep\\\/doniczki-duze-antonio-7\\\/#breadcrumb\",\"itemListElement\":[{\"@type\":\"ListItem\",\"position\":1,\"name\":\"Strona g\u0142\u00f3wna\",\"item\":\"https:\\\/\\\/worldofflowerpots.com\\\/\"},{\"@type\":\"ListItem\",\"position\":2,\"name\":\"Sklep\",\"item\":\"https:\\\/\\\/worldofflowerpots.com\\\/sklep\\\/\"},{\"@type\":\"ListItem\",\"position\":3,\"name\":\"Doniczki du\u017ce Antonio 7\"}]},{\"@type\":\"WebSite\",\"@id\":\"https:\\\/\\\/worldofflowerpots.com\\\/#website\",\"url\":\"https:\\\/\\\/worldofflowerpots.com\\\/\",\"name\":\"World of Flowerpots\",\"description\":\"producent donic ozdobnych\",\"potentialAction\":[{\"@type\":\"SearchAction\",\"target\":{\"@type\":\"EntryPoint\",\"urlTemplate\":\"https:\\\/\\\/worldofflowerpots.com\\\/?s={search_term_string}\"},\"query-input\":{\"@type\":\"PropertyValueSpecification\",\"valueRequired\":true,\"valueName\":\"search_term_string\"}}],\"inLanguage\":\"pl-PL\"}]}<\/script>\n<!-- \/ Yoast SEO plugin. -->","yoast_head_json":{"title":"Doniczki du\u017ce Antonio 7 - do ka\u017cdej przestrzeni i wszystkich ro\u015blin","description":"Doniczki du\u017ce mog\u0105 by\u0107 tak\u017ce wykorzystywane wewn\u0105trz pomieszcze\u0144. Model Antonio 7 \u015bwietnie odnajdzie si\u0119 w minimalistycznych i industrialnych wn\u0119trzach.","robots":{"index":"index","follow":"follow","max-snippet":"max-snippet:-1","max-image-preview":"max-image-preview:large","max-video-preview":"max-video-preview:-1"},"canonical":"https:\/\/worldofflowerpots.com\/sklep\/doniczki-duze-antonio-7\/","og_locale":"pl_PL","og_type":"article","og_title":"Doniczki du\u017ce Antonio 7 - do ka\u017cdej przestrzeni i wszystkich ro\u015blin","og_description":"Doniczki du\u017ce mog\u0105 by\u0107 tak\u017ce wykorzystywane wewn\u0105trz pomieszcze\u0144. Model Antonio 7 \u015bwietnie odnajdzie si\u0119 w minimalistycznych i industrialnych wn\u0119trzach.","og_url":"https:\/\/worldofflowerpots.com\/sklep\/doniczki-duze-antonio-7\/","og_site_name":"World of Flowerpots","article_modified_time":"2019-04-05T09:22:00+00:00","og_image":[{"width":1920,"height":1080,"url":"https:\/\/worldofflowerpots.com\/wp-content\/uploads\/2019\/03\/doniczki-du\u017ce-Antonio_7.png","type":"image\/png"}],"twitter_card":"summary_large_image","twitter_misc":{"Szacowany czas czytania":"2 minuty"},"schema":{"@context":"https:\/\/schema.org","@graph":[{"@type":"WebPage","@id":"https:\/\/worldofflowerpots.com\/sklep\/doniczki-duze-antonio-7\/","url":"https:\/\/worldofflowerpots.com\/sklep\/doniczki-duze-antonio-7\/","name":"Doniczki du\u017ce Antonio 7 - do ka\u017cdej przestrzeni i wszystkich ro\u015blin","isPartOf":{"@id":"https:\/\/worldofflowerpots.com\/#website"},"primaryImageOfPage":{"@id":"https:\/\/worldofflowerpots.com\/sklep\/doniczki-duze-antonio-7\/#primaryimage"},"image":{"@id":"https:\/\/worldofflowerpots.com\/sklep\/doniczki-duze-antonio-7\/#primaryimage"},"thumbnailUrl":"https:\/\/worldofflowerpots.com\/wp-content\/uploads\/2019\/03\/doniczki-du\u017ce-Antonio_7.png","datePublished":"2019-03-21T08:36:36+00:00","dateModified":"2019-04-05T09:22:00+00:00","description":"Doniczki du\u017ce mog\u0105 by\u0107 tak\u017ce wykorzystywane wewn\u0105trz pomieszcze\u0144. Model Antonio 7 \u015bwietnie odnajdzie si\u0119 w minimalistycznych i industrialnych wn\u0119trzach.","breadcrumb":{"@id":"https:\/\/worldofflowerpots.com\/sklep\/doniczki-duze-antonio-7\/#breadcrumb"},"inLanguage":"pl-PL","potentialAction":[{"@type":"ReadAction","target":["https:\/\/worldofflowerpots.com\/sklep\/doniczki-duze-antonio-7\/"]}]},{"@type":"ImageObject","inLanguage":"pl-PL","@id":"https:\/\/worldofflowerpots.com\/sklep\/doniczki-duze-antonio-7\/#primaryimage","url":"https:\/\/worldofflowerpots.com\/wp-content\/uploads\/2019\/03\/doniczki-du\u017ce-Antonio_7.png","contentUrl":"https:\/\/worldofflowerpots.com\/wp-content\/uploads\/2019\/03\/doniczki-du\u017ce-Antonio_7.png","width":1920,"height":1080},{"@type":"BreadcrumbList","@id":"https:\/\/worldofflowerpots.com\/sklep\/doniczki-duze-antonio-7\/#breadcrumb","itemListElement":[{"@type":"ListItem","position":1,"name":"Strona g\u0142\u00f3wna","item":"https:\/\/worldofflowerpots.com\/"},{"@type":"ListItem","position":2,"name":"Sklep","item":"https:\/\/worldofflowerpots.com\/sklep\/"},{"@type":"ListItem","position":3,"name":"Doniczki du\u017ce Antonio 7"}]},{"@type":"WebSite","@id":"https:\/\/worldofflowerpots.com\/#website","url":"https:\/\/worldofflowerpots.com\/","name":"World of Flowerpots","description":"producent donic ozdobnych","potentialAction":[{"@type":"SearchAction","target":{"@type":"EntryPoint","urlTemplate":"https:\/\/worldofflowerpots.com\/?s={search_term_string}"},"query-input":{"@type":"PropertyValueSpecification","valueRequired":true,"valueName":"search_term_string"}}],"inLanguage":"pl-PL"}]}},"_links":{"self":[{"href":"https:\/\/worldofflowerpots.com\/pl\/wp-json\/wp\/v2\/product\/56180","targetHints":{"allow":["GET"]}}],"collection":[{"href":"https:\/\/worldofflowerpots.com\/pl\/wp-json\/wp\/v2\/product"}],"about":[{"href":"https:\/\/worldofflowerpots.com\/pl\/wp-json\/wp\/v2\/types\/product"}],"wp:featuredmedia":[{"embeddable":true,"href":"https:\/\/worldofflowerpots.com\/pl\/wp-json\/wp\/v2\/media\/57544"}],"wp:attachment":[{"href":"https:\/\/worldofflowerpots.com\/pl\/wp-json\/wp\/v2\/media?parent=56180"}],"wp:term":[{"taxonomy":"product_brand","embeddable":true,"href":"https:\/\/worldofflowerpots.com\/pl\/wp-json\/wp\/v2\/product_brand?post=56180"},{"taxonomy":"product_cat","embeddable":true,"href":"https:\/\/worldofflowerpots.com\/pl\/wp-json\/wp\/v2\/product_cat?post=56180"},{"taxonomy":"product_tag","embeddable":true,"href":"https:\/\/worldofflowerpots.com\/pl\/wp-json\/wp\/v2\/product_tag?post=56180"}],"curies":[{"name":"wp","href":"https:\/\/api.w.org\/{rel}","templated":true}]}}