{"id":56191,"date":"2019-03-21T11:21:15","date_gmt":"2019-03-21T10:21:15","guid":{"rendered":"https:\/\/worldofflowerpots.com\/?post_type=product&#038;p=56191"},"modified":"2019-04-05T11:19:40","modified_gmt":"2019-04-05T09:19:40","slug":"wysokie-plastikowe-donice-antonio-6","status":"publish","type":"product","link":"https:\/\/worldofflowerpots.com\/pl\/sklep\/wysokie-plastikowe-donice-antonio-6\/","title":{"rendered":"Wysokie plastikowe donice Antonio 6"},"content":{"rendered":"<h2>Styl i wysoka jako\u015b\u0107<\/h2>\n<p>Antonio 6 to nowoczesna wersja donicy, kt\u00f3ra przepi\u0119knie b\u0119dzie si\u0119 prezentowa\u0107 wewn\u0105trz jak i na zewn\u0105trz pomieszcze\u0144. Skoncentrowali\u015bmy si\u0119 tu na wysokiej jako\u015bci wykonania, zastosowali\u015bmy sprawdzone materia\u0142y i klasyczn\u0105 kubatur\u0119, kt\u00f3ra z jednej strony wpisuje si\u0119 w obowi\u0105zuj\u0105ce trendy, a z drugiej jest ponadczasowa. Ciemna kolorystyka, geometryczna forma oraz du\u017ce rozmiary powoduj\u0105, \u017ce nikt nie obok tego produktu nie przejdzie oboj\u0119tnie.<\/p>\n<p>Wysokie plastikowe donice znajduj\u0105 swoje zastosowanie w wielu designerskich projektach. Decyduj\u0105c si\u0119 na proste formy mo\u017cna zyska\u0107 niepowtarzalny efekt. Dobieraj\u0105c do donicy odpowiednie kwiaty i stawiaj\u0105c j\u0105 na przyk\u0142ad w dw\u00f3ch identycznych egzemplarzach tu\u017c przed wej\u015bciem do restauracji mo\u017cna stworzy\u0107 ciekaw\u0105 i reprezentatywn\u0105 wizyt\u00f3wk\u0119 miejsca. Ziele\u0144 zawsze znakomicie prezentuje si\u0119 w ciemnych donicach, a Antonio 6 podkre\u015bli charakter nawet najbardziej klasycznej ro\u015bliny.<\/p>\n<h2><strong>Niezwyk\u0142a wytrzyma\u0142o\u015b\u0107<\/strong><\/h2>\n<p>Prezentowany produkt, to nic innego jak sze\u015bcian o regularnych kszta\u0142tach. Antonio 6 ma wymiary 800 x 800 x 800 mm. Donic\u0119 wykonano z w\u0142\u00f3kna szklanego, kt\u00f3re charakteryzuje si\u0119 spor\u0105 odporno\u015bci\u0105 na zniszczenia. Ten wysokiej jako\u015bci plastik jest odporny na \u015bnieg, deszcz, niskie oraz bardzo wysokie temperatury. Donica ju\u017c na pierwszy rzut oka sprawia wra\u017cenie bardzo ci\u0119\u017ckiej, ale w\u0142\u00f3kno szklane powoduje, \u017ce produkt jest lekki i nie odkszta\u0142ca pod\u0142o\u017ca na kt\u00f3rym stoi.<\/p>\n<p>Niezwykle nowoczesna kubatura Antonio 6 powoduje, \u017ce mo\u017ce by\u0107 ona wykorzystana do aran\u017cacji miejskiej przestrzeni. Tego typu wysokie plastikowe donice mo\u017cna ustawi\u0107 w parku tu\u017c przy alejce, w ogr\u00f3dku piwnym lub przed drzwiami w biurze. Osoby doceniaj\u0105ce wsp\u00f3\u0142czesne aran\u017cacje z powodzeniem mog\u0105 wykorzysta\u0107 Antonio 6 tak\u017ce do stworzenia oryginalnych domowych i ogrodowych aran\u017cacji. Donica jest na tyle du\u017ca, \u017ce od razu skupia na sobie uwag\u0119 i mo\u017ce sta\u0107 si\u0119 g\u0142\u00f3wnym bohaterem wn\u0119trza. Z kolei stawiaj\u0105c j\u0105 w ogrodzie w prosty spos\u00f3b mo\u017cna zyska\u0107 niebanaln\u0105, zielon\u0105 aran\u017cacj\u0119, kt\u00f3ra wkomponuje si\u0119 w otwart\u0105 przestrze\u0144.<\/p>\n<p>Jednym zdaniem Antonio 6, to wsp\u00f3\u0142czesna wersja donicy, kt\u00f3ra jest nie tylko elegancka, ale tak\u017ce praktyczna. Osoby uwielbiaj\u0105ce ziele\u0144, nie musz\u0105 z niej rezygnowa\u0107. W jednej du\u017cej os\u0142onie zmie\u015bci si\u0119 nawet kilka gatunk\u00f3w kwiat\u00f3w.<\/p>\n","protected":false},"excerpt":{"rendered":"<p>Donica plastikowa Antonio 6 z w\u0142\u00f3kna szklanego oraz \u017cywicy. Do stosowania jako donica lub jako os\u0142onka. Donice dost\u0119pne we wszystkich kolorach palety RAL w wersji matowej. Donice s\u0105 wyposa\u017cone w otwory odp\u0142ywowe w dnie (na wyra\u017ane \u017cyczenie klienta mo\u017ce zosta\u0107 wykonana bez otworu odp\u0142ywowego), boczne \u015bcianki wy\u0142o\u017cone s\u0105 styropianem. Wymiary donicy: d\u0142ugo\u015b\u0107: 80 cm, szeroko\u015b\u0107: 80 cm, wysoko\u015b\u0107: 80 cm.<\/p>\n","protected":false},"featured_media":57534,"template":"","meta":{"_acf_changed":false},"product_brand":[],"product_cat":[205],"product_tag":[],"class_list":{"0":"post-56191","1":"product","2":"type-product","3":"status-publish","4":"has-post-thumbnail","6":"product_cat-donice-z-wlokna-szklanego-plastiku","7":"description-off","8":"tm-has-options","10":"first","11":"instock","12":"shipping-taxable","13":"purchasable","14":"product-type-simple"},"acf":[],"yoast_head":"<!-- This site is optimized with the Yoast SEO plugin v27.5 - https:\/\/yoast.com\/product\/yoast-seo-wordpress\/ -->\n<title>Wysokie plastikowe donice Antonio 6 -do przestrzeni publicznej i prywatnej<\/title>\n<meta name=\"description\" content=\"Wysokie plastikowe donice znajduj\u0105 swoje zastosowanie w wielu designerskich projektach. Decyduj\u0105c si\u0119 na proste formy mo\u017cna zyska\u0107 niepowtarzalny efekt.\" \/>\n<meta name=\"robots\" content=\"index, follow, max-snippet:-1, max-image-preview:large, max-video-preview:-1\" \/>\n<link rel=\"canonical\" href=\"https:\/\/worldofflowerpots.com\/sklep\/wysokie-plastikowe-donice-antonio-6\/\" \/>\n<meta property=\"og:locale\" content=\"pl_PL\" \/>\n<meta property=\"og:type\" content=\"article\" \/>\n<meta property=\"og:title\" content=\"Wysokie plastikowe donice Antonio 6 -do przestrzeni publicznej i prywatnej\" \/>\n<meta property=\"og:description\" content=\"Wysokie plastikowe donice znajduj\u0105 swoje zastosowanie w wielu designerskich projektach. Decyduj\u0105c si\u0119 na proste formy mo\u017cna zyska\u0107 niepowtarzalny efekt.\" \/>\n<meta property=\"og:url\" content=\"https:\/\/worldofflowerpots.com\/sklep\/wysokie-plastikowe-donice-antonio-6\/\" \/>\n<meta property=\"og:site_name\" content=\"World of Flowerpots\" \/>\n<meta property=\"article:modified_time\" content=\"2019-04-05T09:19:40+00:00\" \/>\n<meta property=\"og:image\" content=\"https:\/\/worldofflowerpots.com\/wp-content\/uploads\/2019\/03\/wysokie-plastikowe-donice-Antonio_6.png\" \/>\n\t<meta property=\"og:image:width\" content=\"1920\" \/>\n\t<meta property=\"og:image:height\" content=\"1080\" \/>\n\t<meta property=\"og:image:type\" content=\"image\/png\" \/>\n<meta name=\"twitter:card\" content=\"summary_large_image\" \/>\n<meta name=\"twitter:label1\" content=\"Szacowany czas czytania\" \/>\n\t<meta name=\"twitter:data1\" content=\"2 minuty\" \/>\n<script type=\"application\/ld+json\" class=\"yoast-schema-graph\">{\"@context\":\"https:\\\/\\\/schema.org\",\"@graph\":[{\"@type\":\"WebPage\",\"@id\":\"https:\\\/\\\/worldofflowerpots.com\\\/sklep\\\/wysokie-plastikowe-donice-antonio-6\\\/\",\"url\":\"https:\\\/\\\/worldofflowerpots.com\\\/sklep\\\/wysokie-plastikowe-donice-antonio-6\\\/\",\"name\":\"Wysokie plastikowe donice Antonio 6 -do przestrzeni publicznej i prywatnej\",\"isPartOf\":{\"@id\":\"https:\\\/\\\/worldofflowerpots.com\\\/#website\"},\"primaryImageOfPage\":{\"@id\":\"https:\\\/\\\/worldofflowerpots.com\\\/sklep\\\/wysokie-plastikowe-donice-antonio-6\\\/#primaryimage\"},\"image\":{\"@id\":\"https:\\\/\\\/worldofflowerpots.com\\\/sklep\\\/wysokie-plastikowe-donice-antonio-6\\\/#primaryimage\"},\"thumbnailUrl\":\"https:\\\/\\\/worldofflowerpots.com\\\/wp-content\\\/uploads\\\/2019\\\/03\\\/wysokie-plastikowe-donice-Antonio_6.png\",\"datePublished\":\"2019-03-21T10:21:15+00:00\",\"dateModified\":\"2019-04-05T09:19:40+00:00\",\"description\":\"Wysokie plastikowe donice znajduj\u0105 swoje zastosowanie w wielu designerskich projektach. Decyduj\u0105c si\u0119 na proste formy mo\u017cna zyska\u0107 niepowtarzalny efekt.\",\"breadcrumb\":{\"@id\":\"https:\\\/\\\/worldofflowerpots.com\\\/sklep\\\/wysokie-plastikowe-donice-antonio-6\\\/#breadcrumb\"},\"inLanguage\":\"pl-PL\",\"potentialAction\":[{\"@type\":\"ReadAction\",\"target\":[\"https:\\\/\\\/worldofflowerpots.com\\\/sklep\\\/wysokie-plastikowe-donice-antonio-6\\\/\"]}]},{\"@type\":\"ImageObject\",\"inLanguage\":\"pl-PL\",\"@id\":\"https:\\\/\\\/worldofflowerpots.com\\\/sklep\\\/wysokie-plastikowe-donice-antonio-6\\\/#primaryimage\",\"url\":\"https:\\\/\\\/worldofflowerpots.com\\\/wp-content\\\/uploads\\\/2019\\\/03\\\/wysokie-plastikowe-donice-Antonio_6.png\",\"contentUrl\":\"https:\\\/\\\/worldofflowerpots.com\\\/wp-content\\\/uploads\\\/2019\\\/03\\\/wysokie-plastikowe-donice-Antonio_6.png\",\"width\":1920,\"height\":1080},{\"@type\":\"BreadcrumbList\",\"@id\":\"https:\\\/\\\/worldofflowerpots.com\\\/sklep\\\/wysokie-plastikowe-donice-antonio-6\\\/#breadcrumb\",\"itemListElement\":[{\"@type\":\"ListItem\",\"position\":1,\"name\":\"Strona g\u0142\u00f3wna\",\"item\":\"https:\\\/\\\/worldofflowerpots.com\\\/\"},{\"@type\":\"ListItem\",\"position\":2,\"name\":\"Sklep\",\"item\":\"https:\\\/\\\/worldofflowerpots.com\\\/sklep\\\/\"},{\"@type\":\"ListItem\",\"position\":3,\"name\":\"Wysokie plastikowe donice Antonio 6\"}]},{\"@type\":\"WebSite\",\"@id\":\"https:\\\/\\\/worldofflowerpots.com\\\/#website\",\"url\":\"https:\\\/\\\/worldofflowerpots.com\\\/\",\"name\":\"World of Flowerpots\",\"description\":\"producent donic ozdobnych\",\"potentialAction\":[{\"@type\":\"SearchAction\",\"target\":{\"@type\":\"EntryPoint\",\"urlTemplate\":\"https:\\\/\\\/worldofflowerpots.com\\\/?s={search_term_string}\"},\"query-input\":{\"@type\":\"PropertyValueSpecification\",\"valueRequired\":true,\"valueName\":\"search_term_string\"}}],\"inLanguage\":\"pl-PL\"}]}<\/script>\n<!-- \/ Yoast SEO plugin. -->","yoast_head_json":{"title":"Wysokie plastikowe donice Antonio 6 -do przestrzeni publicznej i prywatnej","description":"Wysokie plastikowe donice znajduj\u0105 swoje zastosowanie w wielu designerskich projektach. Decyduj\u0105c si\u0119 na proste formy mo\u017cna zyska\u0107 niepowtarzalny efekt.","robots":{"index":"index","follow":"follow","max-snippet":"max-snippet:-1","max-image-preview":"max-image-preview:large","max-video-preview":"max-video-preview:-1"},"canonical":"https:\/\/worldofflowerpots.com\/sklep\/wysokie-plastikowe-donice-antonio-6\/","og_locale":"pl_PL","og_type":"article","og_title":"Wysokie plastikowe donice Antonio 6 -do przestrzeni publicznej i prywatnej","og_description":"Wysokie plastikowe donice znajduj\u0105 swoje zastosowanie w wielu designerskich projektach. Decyduj\u0105c si\u0119 na proste formy mo\u017cna zyska\u0107 niepowtarzalny efekt.","og_url":"https:\/\/worldofflowerpots.com\/sklep\/wysokie-plastikowe-donice-antonio-6\/","og_site_name":"World of Flowerpots","article_modified_time":"2019-04-05T09:19:40+00:00","og_image":[{"width":1920,"height":1080,"url":"https:\/\/worldofflowerpots.com\/wp-content\/uploads\/2019\/03\/wysokie-plastikowe-donice-Antonio_6.png","type":"image\/png"}],"twitter_card":"summary_large_image","twitter_misc":{"Szacowany czas czytania":"2 minuty"},"schema":{"@context":"https:\/\/schema.org","@graph":[{"@type":"WebPage","@id":"https:\/\/worldofflowerpots.com\/sklep\/wysokie-plastikowe-donice-antonio-6\/","url":"https:\/\/worldofflowerpots.com\/sklep\/wysokie-plastikowe-donice-antonio-6\/","name":"Wysokie plastikowe donice Antonio 6 -do przestrzeni publicznej i prywatnej","isPartOf":{"@id":"https:\/\/worldofflowerpots.com\/#website"},"primaryImageOfPage":{"@id":"https:\/\/worldofflowerpots.com\/sklep\/wysokie-plastikowe-donice-antonio-6\/#primaryimage"},"image":{"@id":"https:\/\/worldofflowerpots.com\/sklep\/wysokie-plastikowe-donice-antonio-6\/#primaryimage"},"thumbnailUrl":"https:\/\/worldofflowerpots.com\/wp-content\/uploads\/2019\/03\/wysokie-plastikowe-donice-Antonio_6.png","datePublished":"2019-03-21T10:21:15+00:00","dateModified":"2019-04-05T09:19:40+00:00","description":"Wysokie plastikowe donice znajduj\u0105 swoje zastosowanie w wielu designerskich projektach. Decyduj\u0105c si\u0119 na proste formy mo\u017cna zyska\u0107 niepowtarzalny efekt.","breadcrumb":{"@id":"https:\/\/worldofflowerpots.com\/sklep\/wysokie-plastikowe-donice-antonio-6\/#breadcrumb"},"inLanguage":"pl-PL","potentialAction":[{"@type":"ReadAction","target":["https:\/\/worldofflowerpots.com\/sklep\/wysokie-plastikowe-donice-antonio-6\/"]}]},{"@type":"ImageObject","inLanguage":"pl-PL","@id":"https:\/\/worldofflowerpots.com\/sklep\/wysokie-plastikowe-donice-antonio-6\/#primaryimage","url":"https:\/\/worldofflowerpots.com\/wp-content\/uploads\/2019\/03\/wysokie-plastikowe-donice-Antonio_6.png","contentUrl":"https:\/\/worldofflowerpots.com\/wp-content\/uploads\/2019\/03\/wysokie-plastikowe-donice-Antonio_6.png","width":1920,"height":1080},{"@type":"BreadcrumbList","@id":"https:\/\/worldofflowerpots.com\/sklep\/wysokie-plastikowe-donice-antonio-6\/#breadcrumb","itemListElement":[{"@type":"ListItem","position":1,"name":"Strona g\u0142\u00f3wna","item":"https:\/\/worldofflowerpots.com\/"},{"@type":"ListItem","position":2,"name":"Sklep","item":"https:\/\/worldofflowerpots.com\/sklep\/"},{"@type":"ListItem","position":3,"name":"Wysokie plastikowe donice Antonio 6"}]},{"@type":"WebSite","@id":"https:\/\/worldofflowerpots.com\/#website","url":"https:\/\/worldofflowerpots.com\/","name":"World of Flowerpots","description":"producent donic ozdobnych","potentialAction":[{"@type":"SearchAction","target":{"@type":"EntryPoint","urlTemplate":"https:\/\/worldofflowerpots.com\/?s={search_term_string}"},"query-input":{"@type":"PropertyValueSpecification","valueRequired":true,"valueName":"search_term_string"}}],"inLanguage":"pl-PL"}]}},"_links":{"self":[{"href":"https:\/\/worldofflowerpots.com\/pl\/wp-json\/wp\/v2\/product\/56191","targetHints":{"allow":["GET"]}}],"collection":[{"href":"https:\/\/worldofflowerpots.com\/pl\/wp-json\/wp\/v2\/product"}],"about":[{"href":"https:\/\/worldofflowerpots.com\/pl\/wp-json\/wp\/v2\/types\/product"}],"wp:featuredmedia":[{"embeddable":true,"href":"https:\/\/worldofflowerpots.com\/pl\/wp-json\/wp\/v2\/media\/57534"}],"wp:attachment":[{"href":"https:\/\/worldofflowerpots.com\/pl\/wp-json\/wp\/v2\/media?parent=56191"}],"wp:term":[{"taxonomy":"product_brand","embeddable":true,"href":"https:\/\/worldofflowerpots.com\/pl\/wp-json\/wp\/v2\/product_brand?post=56191"},{"taxonomy":"product_cat","embeddable":true,"href":"https:\/\/worldofflowerpots.com\/pl\/wp-json\/wp\/v2\/product_cat?post=56191"},{"taxonomy":"product_tag","embeddable":true,"href":"https:\/\/worldofflowerpots.com\/pl\/wp-json\/wp\/v2\/product_tag?post=56191"}],"curies":[{"name":"wp","href":"https:\/\/api.w.org\/{rel}","templated":true}]}}