{"id":56203,"date":"2019-03-21T12:16:42","date_gmt":"2019-03-21T11:16:42","guid":{"rendered":"https:\/\/worldofflowerpots.com\/?post_type=product&#038;p=56203"},"modified":"2019-04-03T14:34:54","modified_gmt":"2019-04-03T12:34:54","slug":"palenisko-w-ogrodzie-fiamma-piazza-2","status":"publish","type":"product","link":"https:\/\/worldofflowerpots.com\/pl\/sklep\/palenisko-w-ogrodzie-fiamma-piazza-2\/","title":{"rendered":"Palenisko w ogrodzie Fiamma Piazza 2"},"content":{"rendered":"<h2>Palenisko w ogrodzie<\/h2>\n<p>Ogr\u00f3d, aby m\u00f3g\u0142 zosta\u0107 zauwa\u017cony i wyr\u00f3\u017cniony potrzebuje niebanalnych rozwi\u0105za\u0144. Podczas zakupu urz\u0105dze\u0144 ogrodowych zwracamy uwag\u0119 na to, aby by\u0142y one solidne wykonanie oraz pi\u0119knie si\u0119 prezentowa\u0142y z otoczeniem. Istotne jest tak\u017ce, aby nie wymaga\u0142y od nas \u017cadnego nak\u0142adu pracy, a mimo to ca\u0142y czas wygl\u0105da\u0142y nienagannie. Dodatkiem, kt\u00f3ry jest stylowy i jednocze\u015bnie praktyczny mo\u017ce by\u0107 palenisko w ogrodzie.\u00a0Prezentujemy Pa\u0144stwu palenisko Fiamma Piazza 2 o wymiarach\u00a01216 x 1216 x h: 512 mm. Taka wielko\u015b\u0107 jest optymalna do ka\u017cdego ogrodu. Palenisko z pewno\u015bci\u0105 cieszy oko i\u00a0spe\u0142nia funkcje praktyczne oraz co najwa\u017cniejsze jest bezpieczne.<\/p>\n<h2><strong>Niezawodna stal<\/strong><\/h2>\n<p>Palenisko Fiamma Piazza 2 jak inne dost\u0119pne wykonane jest w ca\u0142o\u015bci z cortenu. Jest to stal o podwy\u017cszonej odporno\u015bci na warunki atmosferyczne. Powierzchnia przedmiotu wykonanego z cortenu i wystawionego na dzia\u0142anie powietrza oraz deszczu pokrywa si\u0119 pow\u0142ok\u0105, kt\u00f3ra przypomina rdz\u0119. Palenisko wykonane z cortenu wygl\u0105da naturalnie, a jednocze\u015bnie jest wytrzyma\u0142e i sprawdza si\u0119 bardzo dobrze w aran\u017cacjach ogrodowych. Aby ogr\u00f3d si\u0119 dobrze prezentowa\u0142 wszystkie dodatki w nim umieszczone powinny nawi\u0105zywa\u0107 do stylu w jakim ogr\u00f3d jest prowadzony. Palenisko Fiamma Piazza 2 jest uniwersalne ze wzgl\u0119du na sw\u00f3j minimalizm. Inwestycja w palenisko daje wiele korzy\u015bci, gdy\u017c jest \u017ar\u00f3d\u0142em \u015bwiat\u0142a i ciep\u0142a. Tak\u0105 dekoracje mo\u017cna wykorzysta\u0107 r\u00f3wnie\u017c praktycznie &#8211; do przygotowywania potraw. Palenisko wprowadzi do ogrodu magiczn\u0105 atmosfer\u0119, przy nim wieczory b\u0119d\u0105 niepowtarzalne i zapami\u0119tane przez wszystkich domownik\u00f3w oraz go\u015bci. Zachwyci starszych oraz b\u0119dzie wielk\u0105 atrakcj\u0105 dla dzieci.<\/p>\n<h2><strong>Bezpiecze\u0144stwo przede wszystkim <\/strong><\/h2>\n<p>Nasze paleniska s\u0105 bezpieczne dla ich u\u017cytkownik\u00f3w i otoczenia. Zawsze powinni\u015bmy jednak pami\u0119ta\u0107 o zasadach dotycz\u0105cych bezpiecze\u0144stwa korzystania z tego typu urz\u0105dze\u0144. Miejsce w kt\u00f3rym ustawiamy palenisko powinno by\u0107 przemy\u015blane. Nie mo\u017ce znajdowa\u0107 si\u0119 blisko drewnianych konstrukcji oraz powinna by\u0107 zachowana bezpieczna odleg\u0142o\u015b\u0107 od ro\u015blinno\u015bci (drzew i krzew\u00f3w). Przysz\u0142y u\u017cytkownik powinien r\u00f3wnie\u017c uwzgl\u0119dni\u0107 odleg\u0142o\u015b\u0107 od miejsca, w kt\u00f3rym ustawi \u0142aweczki do wypoczynku i napawania si\u0119 widokiem weso\u0142o ta\u0144cz\u0105cych p\u0142omieni.<\/p>\n","protected":false},"excerpt":{"rendered":"<p>Palenisko wykonane jest z blachy corten. Palenisko\u00a0produkowane jest w standardzie z otworami zapewniaj\u0105cymi odpowiedni\u0105 cyrkulacj\u0119 powietrza. Waga paleniska to 147 kg, a wymiary: d\u0142ugo\u015b\u0107: 121,6 cm, szeroko\u015b\u0107: 121,6 cm, wysoko\u015b\u0107: 51,2 cm.<\/p>\n","protected":false},"featured_media":56889,"template":"","meta":{"_acf_changed":false},"product_brand":[],"product_cat":[141],"product_tag":[],"class_list":{"0":"post-56203","1":"product","2":"type-product","3":"status-publish","4":"has-post-thumbnail","6":"product_cat-paleniska-ze-stali-corten","7":"description-off","8":"tm-has-options","10":"first","11":"instock","12":"shipping-taxable","13":"purchasable","14":"product-type-simple"},"acf":[],"yoast_head":"<!-- This site is optimized with the Yoast SEO plugin v27.5 - https:\/\/yoast.com\/product\/yoast-seo-wordpress\/ -->\n<title>Palenisko w ogrodzie Fiamma Piazza 2 - stabilne, bezpieczne, pi\u0119kne<\/title>\n<meta name=\"description\" content=\"Palenisko w ogrodzie wykonane z cortenu wygl\u0105da naturalnie, a jednocze\u015bnie jest wytrzyma\u0142e i sprawdza si\u0119 bardzo dobrze w r\u00f3\u017cnych aran\u017cacjach.\" \/>\n<meta name=\"robots\" content=\"index, follow, max-snippet:-1, max-image-preview:large, max-video-preview:-1\" \/>\n<link rel=\"canonical\" href=\"https:\/\/worldofflowerpots.com\/sklep\/palenisko-w-ogrodzie-fiamma-piazza-2\/\" \/>\n<meta property=\"og:locale\" content=\"pl_PL\" \/>\n<meta property=\"og:type\" content=\"article\" \/>\n<meta property=\"og:title\" content=\"Palenisko w ogrodzie Fiamma Piazza 2 - stabilne, bezpieczne, pi\u0119kne\" \/>\n<meta property=\"og:description\" content=\"Palenisko w ogrodzie wykonane z cortenu wygl\u0105da naturalnie, a jednocze\u015bnie jest wytrzyma\u0142e i sprawdza si\u0119 bardzo dobrze w r\u00f3\u017cnych aran\u017cacjach.\" \/>\n<meta property=\"og:url\" content=\"https:\/\/worldofflowerpots.com\/sklep\/palenisko-w-ogrodzie-fiamma-piazza-2\/\" \/>\n<meta property=\"og:site_name\" content=\"World of Flowerpots\" \/>\n<meta property=\"article:modified_time\" content=\"2019-04-03T12:34:54+00:00\" \/>\n<meta property=\"og:image\" content=\"https:\/\/worldofflowerpots.com\/wp-content\/uploads\/2019\/03\/Palenisko-w-ogrodzie-Fiamma-Piazza-2.jpg\" \/>\n\t<meta property=\"og:image:width\" content=\"1920\" \/>\n\t<meta property=\"og:image:height\" content=\"1080\" \/>\n\t<meta property=\"og:image:type\" content=\"image\/jpeg\" \/>\n<meta name=\"twitter:card\" content=\"summary_large_image\" \/>\n<meta name=\"twitter:label1\" content=\"Szacowany czas czytania\" \/>\n\t<meta name=\"twitter:data1\" content=\"2 minuty\" \/>\n<script type=\"application\/ld+json\" class=\"yoast-schema-graph\">{\"@context\":\"https:\\\/\\\/schema.org\",\"@graph\":[{\"@type\":\"WebPage\",\"@id\":\"https:\\\/\\\/worldofflowerpots.com\\\/sklep\\\/palenisko-w-ogrodzie-fiamma-piazza-2\\\/\",\"url\":\"https:\\\/\\\/worldofflowerpots.com\\\/sklep\\\/palenisko-w-ogrodzie-fiamma-piazza-2\\\/\",\"name\":\"Palenisko w ogrodzie Fiamma Piazza 2 - stabilne, bezpieczne, pi\u0119kne\",\"isPartOf\":{\"@id\":\"https:\\\/\\\/worldofflowerpots.com\\\/#website\"},\"primaryImageOfPage\":{\"@id\":\"https:\\\/\\\/worldofflowerpots.com\\\/sklep\\\/palenisko-w-ogrodzie-fiamma-piazza-2\\\/#primaryimage\"},\"image\":{\"@id\":\"https:\\\/\\\/worldofflowerpots.com\\\/sklep\\\/palenisko-w-ogrodzie-fiamma-piazza-2\\\/#primaryimage\"},\"thumbnailUrl\":\"https:\\\/\\\/worldofflowerpots.com\\\/wp-content\\\/uploads\\\/2019\\\/03\\\/Palenisko-w-ogrodzie-Fiamma-Piazza-2.jpg\",\"datePublished\":\"2019-03-21T11:16:42+00:00\",\"dateModified\":\"2019-04-03T12:34:54+00:00\",\"description\":\"Palenisko w ogrodzie wykonane z cortenu wygl\u0105da naturalnie, a jednocze\u015bnie jest wytrzyma\u0142e i sprawdza si\u0119 bardzo dobrze w r\u00f3\u017cnych aran\u017cacjach.\",\"breadcrumb\":{\"@id\":\"https:\\\/\\\/worldofflowerpots.com\\\/sklep\\\/palenisko-w-ogrodzie-fiamma-piazza-2\\\/#breadcrumb\"},\"inLanguage\":\"pl-PL\",\"potentialAction\":[{\"@type\":\"ReadAction\",\"target\":[\"https:\\\/\\\/worldofflowerpots.com\\\/sklep\\\/palenisko-w-ogrodzie-fiamma-piazza-2\\\/\"]}]},{\"@type\":\"ImageObject\",\"inLanguage\":\"pl-PL\",\"@id\":\"https:\\\/\\\/worldofflowerpots.com\\\/sklep\\\/palenisko-w-ogrodzie-fiamma-piazza-2\\\/#primaryimage\",\"url\":\"https:\\\/\\\/worldofflowerpots.com\\\/wp-content\\\/uploads\\\/2019\\\/03\\\/Palenisko-w-ogrodzie-Fiamma-Piazza-2.jpg\",\"contentUrl\":\"https:\\\/\\\/worldofflowerpots.com\\\/wp-content\\\/uploads\\\/2019\\\/03\\\/Palenisko-w-ogrodzie-Fiamma-Piazza-2.jpg\",\"width\":1920,\"height\":1080},{\"@type\":\"BreadcrumbList\",\"@id\":\"https:\\\/\\\/worldofflowerpots.com\\\/sklep\\\/palenisko-w-ogrodzie-fiamma-piazza-2\\\/#breadcrumb\",\"itemListElement\":[{\"@type\":\"ListItem\",\"position\":1,\"name\":\"Strona g\u0142\u00f3wna\",\"item\":\"https:\\\/\\\/worldofflowerpots.com\\\/\"},{\"@type\":\"ListItem\",\"position\":2,\"name\":\"Sklep\",\"item\":\"https:\\\/\\\/worldofflowerpots.com\\\/sklep\\\/\"},{\"@type\":\"ListItem\",\"position\":3,\"name\":\"Palenisko w ogrodzie Fiamma Piazza 2\"}]},{\"@type\":\"WebSite\",\"@id\":\"https:\\\/\\\/worldofflowerpots.com\\\/#website\",\"url\":\"https:\\\/\\\/worldofflowerpots.com\\\/\",\"name\":\"World of Flowerpots\",\"description\":\"producent donic ozdobnych\",\"potentialAction\":[{\"@type\":\"SearchAction\",\"target\":{\"@type\":\"EntryPoint\",\"urlTemplate\":\"https:\\\/\\\/worldofflowerpots.com\\\/?s={search_term_string}\"},\"query-input\":{\"@type\":\"PropertyValueSpecification\",\"valueRequired\":true,\"valueName\":\"search_term_string\"}}],\"inLanguage\":\"pl-PL\"}]}<\/script>\n<!-- \/ Yoast SEO plugin. -->","yoast_head_json":{"title":"Palenisko w ogrodzie Fiamma Piazza 2 - stabilne, bezpieczne, pi\u0119kne","description":"Palenisko w ogrodzie wykonane z cortenu wygl\u0105da naturalnie, a jednocze\u015bnie jest wytrzyma\u0142e i sprawdza si\u0119 bardzo dobrze w r\u00f3\u017cnych aran\u017cacjach.","robots":{"index":"index","follow":"follow","max-snippet":"max-snippet:-1","max-image-preview":"max-image-preview:large","max-video-preview":"max-video-preview:-1"},"canonical":"https:\/\/worldofflowerpots.com\/sklep\/palenisko-w-ogrodzie-fiamma-piazza-2\/","og_locale":"pl_PL","og_type":"article","og_title":"Palenisko w ogrodzie Fiamma Piazza 2 - stabilne, bezpieczne, pi\u0119kne","og_description":"Palenisko w ogrodzie wykonane z cortenu wygl\u0105da naturalnie, a jednocze\u015bnie jest wytrzyma\u0142e i sprawdza si\u0119 bardzo dobrze w r\u00f3\u017cnych aran\u017cacjach.","og_url":"https:\/\/worldofflowerpots.com\/sklep\/palenisko-w-ogrodzie-fiamma-piazza-2\/","og_site_name":"World of Flowerpots","article_modified_time":"2019-04-03T12:34:54+00:00","og_image":[{"width":1920,"height":1080,"url":"https:\/\/worldofflowerpots.com\/wp-content\/uploads\/2019\/03\/Palenisko-w-ogrodzie-Fiamma-Piazza-2.jpg","type":"image\/jpeg"}],"twitter_card":"summary_large_image","twitter_misc":{"Szacowany czas czytania":"2 minuty"},"schema":{"@context":"https:\/\/schema.org","@graph":[{"@type":"WebPage","@id":"https:\/\/worldofflowerpots.com\/sklep\/palenisko-w-ogrodzie-fiamma-piazza-2\/","url":"https:\/\/worldofflowerpots.com\/sklep\/palenisko-w-ogrodzie-fiamma-piazza-2\/","name":"Palenisko w ogrodzie Fiamma Piazza 2 - stabilne, bezpieczne, pi\u0119kne","isPartOf":{"@id":"https:\/\/worldofflowerpots.com\/#website"},"primaryImageOfPage":{"@id":"https:\/\/worldofflowerpots.com\/sklep\/palenisko-w-ogrodzie-fiamma-piazza-2\/#primaryimage"},"image":{"@id":"https:\/\/worldofflowerpots.com\/sklep\/palenisko-w-ogrodzie-fiamma-piazza-2\/#primaryimage"},"thumbnailUrl":"https:\/\/worldofflowerpots.com\/wp-content\/uploads\/2019\/03\/Palenisko-w-ogrodzie-Fiamma-Piazza-2.jpg","datePublished":"2019-03-21T11:16:42+00:00","dateModified":"2019-04-03T12:34:54+00:00","description":"Palenisko w ogrodzie wykonane z cortenu wygl\u0105da naturalnie, a jednocze\u015bnie jest wytrzyma\u0142e i sprawdza si\u0119 bardzo dobrze w r\u00f3\u017cnych aran\u017cacjach.","breadcrumb":{"@id":"https:\/\/worldofflowerpots.com\/sklep\/palenisko-w-ogrodzie-fiamma-piazza-2\/#breadcrumb"},"inLanguage":"pl-PL","potentialAction":[{"@type":"ReadAction","target":["https:\/\/worldofflowerpots.com\/sklep\/palenisko-w-ogrodzie-fiamma-piazza-2\/"]}]},{"@type":"ImageObject","inLanguage":"pl-PL","@id":"https:\/\/worldofflowerpots.com\/sklep\/palenisko-w-ogrodzie-fiamma-piazza-2\/#primaryimage","url":"https:\/\/worldofflowerpots.com\/wp-content\/uploads\/2019\/03\/Palenisko-w-ogrodzie-Fiamma-Piazza-2.jpg","contentUrl":"https:\/\/worldofflowerpots.com\/wp-content\/uploads\/2019\/03\/Palenisko-w-ogrodzie-Fiamma-Piazza-2.jpg","width":1920,"height":1080},{"@type":"BreadcrumbList","@id":"https:\/\/worldofflowerpots.com\/sklep\/palenisko-w-ogrodzie-fiamma-piazza-2\/#breadcrumb","itemListElement":[{"@type":"ListItem","position":1,"name":"Strona g\u0142\u00f3wna","item":"https:\/\/worldofflowerpots.com\/"},{"@type":"ListItem","position":2,"name":"Sklep","item":"https:\/\/worldofflowerpots.com\/sklep\/"},{"@type":"ListItem","position":3,"name":"Palenisko w ogrodzie Fiamma Piazza 2"}]},{"@type":"WebSite","@id":"https:\/\/worldofflowerpots.com\/#website","url":"https:\/\/worldofflowerpots.com\/","name":"World of Flowerpots","description":"producent donic ozdobnych","potentialAction":[{"@type":"SearchAction","target":{"@type":"EntryPoint","urlTemplate":"https:\/\/worldofflowerpots.com\/?s={search_term_string}"},"query-input":{"@type":"PropertyValueSpecification","valueRequired":true,"valueName":"search_term_string"}}],"inLanguage":"pl-PL"}]}},"_links":{"self":[{"href":"https:\/\/worldofflowerpots.com\/pl\/wp-json\/wp\/v2\/product\/56203","targetHints":{"allow":["GET"]}}],"collection":[{"href":"https:\/\/worldofflowerpots.com\/pl\/wp-json\/wp\/v2\/product"}],"about":[{"href":"https:\/\/worldofflowerpots.com\/pl\/wp-json\/wp\/v2\/types\/product"}],"wp:featuredmedia":[{"embeddable":true,"href":"https:\/\/worldofflowerpots.com\/pl\/wp-json\/wp\/v2\/media\/56889"}],"wp:attachment":[{"href":"https:\/\/worldofflowerpots.com\/pl\/wp-json\/wp\/v2\/media?parent=56203"}],"wp:term":[{"taxonomy":"product_brand","embeddable":true,"href":"https:\/\/worldofflowerpots.com\/pl\/wp-json\/wp\/v2\/product_brand?post=56203"},{"taxonomy":"product_cat","embeddable":true,"href":"https:\/\/worldofflowerpots.com\/pl\/wp-json\/wp\/v2\/product_cat?post=56203"},{"taxonomy":"product_tag","embeddable":true,"href":"https:\/\/worldofflowerpots.com\/pl\/wp-json\/wp\/v2\/product_tag?post=56203"}],"curies":[{"name":"wp","href":"https:\/\/api.w.org\/{rel}","templated":true}]}}