{"id":56215,"date":"2019-03-21T13:23:07","date_gmt":"2019-03-21T12:23:07","guid":{"rendered":"https:\/\/worldofflowerpots.com\/?post_type=product&#038;p=56215"},"modified":"2019-04-05T11:16:10","modified_gmt":"2019-04-05T09:16:10","slug":"doniczki-dekoracyjne-antonio-2","status":"publish","type":"product","link":"https:\/\/worldofflowerpots.com\/pl\/sklep\/doniczki-dekoracyjne-antonio-2\/","title":{"rendered":"Doniczki dekoracyjne Antonio 2"},"content":{"rendered":"<h2>Wsp\u00f3\u0142czesna wersja klasycznej donicy<\/h2>\n<p>Doniczki dekoracyjne Antonio 2 to po\u0142\u0105czenie tradycji z nowoczesno\u015bci\u0105. Z pozoru banalna donica, kt\u00f3ra zosta\u0142a wykonana z w\u0142\u00f3kna szklanego doskonale wpisuje si\u0119 w aran\u017cacyjne trendy. Jej kubistyczna forma i kolorystyka sprawiaj\u0105, \u017ce produkt jest stylowy, ponadczasowy i elegancki.<\/p>\n<p>Wszystkie doniczki dekoracyjne z jednej strony powinny zwraca\u0107 na siebie uwag\u0119, a z drugiej powinny podkre\u015bla\u0107 kszta\u0142t i charakter zasadzonych w nich ro\u015blin. Antonio 2 doskonale potrafi wtopi\u0107 si\u0119 w przestrze\u0144 i wydoby\u0107 pi\u0119kno kwiat\u00f3w. Je\u015bli jednak donic\u0119 ustawimy w minimalistycznie urz\u0105dzonym pomieszczeniu, to mo\u017cemy mie\u0107 pewno\u015b\u0107, \u017ce stanie si\u0119 g\u0142\u00f3wnym bohaterem wn\u0119trza.<\/p>\n<h2><strong>Idealna do r\u00f3\u017cnych aran\u017cacji przestrzeni<\/strong><\/h2>\n<p>Niewielkie rozmiary, prosta forma oraz niska waga powoduj\u0105, \u017ce Antonio 2 mo\u017cna wykorzystywa\u0107 na wiele sposob\u00f3w. Donica odnajdzie si\u0119 zar\u00f3wno wewn\u0105trz, jak i na zewn\u0105trz budynku. B\u0119dzie to idealna propozycja do domu, biura czy hotelu. Ka\u017cdy projektant zieleni wybieraj\u0105c model Antonio 2 mo\u017ce mie\u0107 pewno\u015b\u0107, \u017ce donica spe\u0142ni si\u0119 w swojej roli. Ustawiaj\u0105c j\u0105 na chodniku, w restauracyjnym ogr\u00f3dku lub na tarasie mo\u017cna skomponowa\u0107 nowoczesn\u0105 przestrze\u0144 nawi\u0105zuj\u0105c\u0105 do naturalnych trend\u00f3w.<\/p>\n<p>Z drugiej strony, doniczki dekoracyjne bardzo efektownie prezentuj\u0105 si\u0119 tak\u017ce wewn\u0105trz pomieszcze\u0144. Wersja Antonio 2, b\u0119dzie pasowa\u0107 zar\u00f3wno do klasycznych trend\u00f3w, kt\u00f3re nigdy nie wychodz\u0105 z mody, do wn\u0119trz urz\u0105dzonych w stylu eklektycznym jak i do industrialnych, wr\u0119cz surowych pomieszcze\u0144. Jej prostota gwarantuje jednocze\u015bnie elegancj\u0119 i klas\u0119.<\/p>\n<h2><strong>Trwa\u0142a i ponadczasowa<\/strong><\/h2>\n<p>Antonio 2 wykonano z w\u0142\u00f3kna szklanego, kt\u00f3re cechuje si\u0119 wieloma po\u017c\u0105danymi w\u0142a\u015bciwo\u015bciami. Z jednej strony materia\u0142 ten podczas obr\u00f3bki jest bardzo elastyczny, co pozwala na uformowanie dowolnych kszta\u0142t\u00f3w, a z drugiej jest trwa\u0142y, odporny na mr\u00f3z, ogie\u0144 i na wszystkie czynniki atmosferyczne. Donica ma wymiary 500 x 500 x 500 mm. Jej kwadratowa forma nawi\u0105zuje do prostych, lecz sprawdzonych w architekturze kszta\u0142t\u00f3w. Dobieraj\u0105c do Antonio 2 odpowiednie ro\u015bliny mo\u017cna doda\u0107 odrobin\u0119 \u015bwie\u017co\u015bci ka\u017cdemu wn\u0119trzu.<\/p>\n<p>Donica posiada otwory odp\u0142ywowe, kt\u00f3re u\u0142atwiaj\u0105 hodowanie r\u00f3\u017cnych gatunk\u00f3w ro\u015blin. Dzi\u0119ki temu mo\u017cna j\u0105 wykorzysta\u0107 tak\u017ce do aran\u017cacji ogrodu. Stawiaj\u0105c tak\u0105 donic\u0119 na przyk\u0142ad tu\u017c przy miejscu, w kt\u00f3rym odpoczywamy osi\u0105gniemy modny, zielony k\u0105cik.<\/p>\n","protected":false},"excerpt":{"rendered":"<p>Donica plastikowa Antonio 2 z w\u0142\u00f3kna szklanego oraz \u017cywicy. Do stosowania jako donica lub jako os\u0142onka. Donice dost\u0119pne we wszystkich kolorach palety RAL w wersji matowej. Donice s\u0105 wyposa\u017cone w otwory odp\u0142ywowe w dnie (na wyra\u017ane \u017cyczenie klienta mo\u017ce zosta\u0107 wykonana bez otworu odp\u0142ywowego), boczne \u015bcianki wy\u0142o\u017cone s\u0105 styropianem. Wymiary donicy: d\u0142ugo\u015b\u0107: 50 cm, szeroko\u015b\u0107: 50 cm, wysoko\u015b\u0107: 50 cm.<\/p>\n","protected":false},"featured_media":57524,"template":"","meta":{"_acf_changed":false},"product_brand":[],"product_cat":[205],"product_tag":[],"class_list":{"0":"post-56215","1":"product","2":"type-product","3":"status-publish","4":"has-post-thumbnail","6":"product_cat-donice-z-wlokna-szklanego-plastiku","7":"description-off","8":"tm-has-options","10":"first","11":"instock","12":"shipping-taxable","13":"purchasable","14":"product-type-simple"},"acf":[],"yoast_head":"<!-- This site is optimized with the Yoast SEO plugin v27.5 - https:\/\/yoast.com\/product\/yoast-seo-wordpress\/ -->\n<title>Doniczki dekoracyjne Antonio 2 - odpowiednia do nie du\u017cych przestrzeni<\/title>\n<meta name=\"description\" content=\"Wszystkie doniczki dekoracyjne z jednej strony powinny zwraca\u0107 na siebie uwag\u0119, a z drugiej powinny podkre\u015bla\u0107 kszta\u0142t i charakter zasadzonych w nich ro\u015blin\" \/>\n<meta name=\"robots\" content=\"index, follow, max-snippet:-1, max-image-preview:large, max-video-preview:-1\" \/>\n<link rel=\"canonical\" href=\"https:\/\/worldofflowerpots.com\/sklep\/doniczki-dekoracyjne-antonio-2\/\" \/>\n<meta property=\"og:locale\" content=\"pl_PL\" \/>\n<meta property=\"og:type\" content=\"article\" \/>\n<meta property=\"og:title\" content=\"Doniczki dekoracyjne Antonio 2 - odpowiednia do nie du\u017cych przestrzeni\" \/>\n<meta property=\"og:description\" content=\"Wszystkie doniczki dekoracyjne z jednej strony powinny zwraca\u0107 na siebie uwag\u0119, a z drugiej powinny podkre\u015bla\u0107 kszta\u0142t i charakter zasadzonych w nich ro\u015blin\" \/>\n<meta property=\"og:url\" content=\"https:\/\/worldofflowerpots.com\/sklep\/doniczki-dekoracyjne-antonio-2\/\" \/>\n<meta property=\"og:site_name\" content=\"World of Flowerpots\" \/>\n<meta property=\"article:modified_time\" content=\"2019-04-05T09:16:10+00:00\" \/>\n<meta property=\"og:image\" content=\"https:\/\/worldofflowerpots.com\/wp-content\/uploads\/2019\/03\/doniczki-dekoracyjne-Antonio_2.png\" \/>\n\t<meta property=\"og:image:width\" content=\"1920\" \/>\n\t<meta property=\"og:image:height\" content=\"1080\" \/>\n\t<meta property=\"og:image:type\" content=\"image\/png\" \/>\n<meta name=\"twitter:card\" content=\"summary_large_image\" \/>\n<meta name=\"twitter:label1\" content=\"Szacowany czas czytania\" \/>\n\t<meta name=\"twitter:data1\" content=\"2 minuty\" \/>\n<script type=\"application\/ld+json\" class=\"yoast-schema-graph\">{\"@context\":\"https:\\\/\\\/schema.org\",\"@graph\":[{\"@type\":\"WebPage\",\"@id\":\"https:\\\/\\\/worldofflowerpots.com\\\/sklep\\\/doniczki-dekoracyjne-antonio-2\\\/\",\"url\":\"https:\\\/\\\/worldofflowerpots.com\\\/sklep\\\/doniczki-dekoracyjne-antonio-2\\\/\",\"name\":\"Doniczki dekoracyjne Antonio 2 - odpowiednia do nie du\u017cych przestrzeni\",\"isPartOf\":{\"@id\":\"https:\\\/\\\/worldofflowerpots.com\\\/#website\"},\"primaryImageOfPage\":{\"@id\":\"https:\\\/\\\/worldofflowerpots.com\\\/sklep\\\/doniczki-dekoracyjne-antonio-2\\\/#primaryimage\"},\"image\":{\"@id\":\"https:\\\/\\\/worldofflowerpots.com\\\/sklep\\\/doniczki-dekoracyjne-antonio-2\\\/#primaryimage\"},\"thumbnailUrl\":\"https:\\\/\\\/worldofflowerpots.com\\\/wp-content\\\/uploads\\\/2019\\\/03\\\/doniczki-dekoracyjne-Antonio_2.png\",\"datePublished\":\"2019-03-21T12:23:07+00:00\",\"dateModified\":\"2019-04-05T09:16:10+00:00\",\"description\":\"Wszystkie doniczki dekoracyjne z jednej strony powinny zwraca\u0107 na siebie uwag\u0119, a z drugiej powinny podkre\u015bla\u0107 kszta\u0142t i charakter zasadzonych w nich ro\u015blin\",\"breadcrumb\":{\"@id\":\"https:\\\/\\\/worldofflowerpots.com\\\/sklep\\\/doniczki-dekoracyjne-antonio-2\\\/#breadcrumb\"},\"inLanguage\":\"pl-PL\",\"potentialAction\":[{\"@type\":\"ReadAction\",\"target\":[\"https:\\\/\\\/worldofflowerpots.com\\\/sklep\\\/doniczki-dekoracyjne-antonio-2\\\/\"]}]},{\"@type\":\"ImageObject\",\"inLanguage\":\"pl-PL\",\"@id\":\"https:\\\/\\\/worldofflowerpots.com\\\/sklep\\\/doniczki-dekoracyjne-antonio-2\\\/#primaryimage\",\"url\":\"https:\\\/\\\/worldofflowerpots.com\\\/wp-content\\\/uploads\\\/2019\\\/03\\\/doniczki-dekoracyjne-Antonio_2.png\",\"contentUrl\":\"https:\\\/\\\/worldofflowerpots.com\\\/wp-content\\\/uploads\\\/2019\\\/03\\\/doniczki-dekoracyjne-Antonio_2.png\",\"width\":1920,\"height\":1080},{\"@type\":\"BreadcrumbList\",\"@id\":\"https:\\\/\\\/worldofflowerpots.com\\\/sklep\\\/doniczki-dekoracyjne-antonio-2\\\/#breadcrumb\",\"itemListElement\":[{\"@type\":\"ListItem\",\"position\":1,\"name\":\"Strona g\u0142\u00f3wna\",\"item\":\"https:\\\/\\\/worldofflowerpots.com\\\/\"},{\"@type\":\"ListItem\",\"position\":2,\"name\":\"Sklep\",\"item\":\"https:\\\/\\\/worldofflowerpots.com\\\/sklep\\\/\"},{\"@type\":\"ListItem\",\"position\":3,\"name\":\"Doniczki dekoracyjne Antonio 2\"}]},{\"@type\":\"WebSite\",\"@id\":\"https:\\\/\\\/worldofflowerpots.com\\\/#website\",\"url\":\"https:\\\/\\\/worldofflowerpots.com\\\/\",\"name\":\"World of Flowerpots\",\"description\":\"producent donic ozdobnych\",\"potentialAction\":[{\"@type\":\"SearchAction\",\"target\":{\"@type\":\"EntryPoint\",\"urlTemplate\":\"https:\\\/\\\/worldofflowerpots.com\\\/?s={search_term_string}\"},\"query-input\":{\"@type\":\"PropertyValueSpecification\",\"valueRequired\":true,\"valueName\":\"search_term_string\"}}],\"inLanguage\":\"pl-PL\"}]}<\/script>\n<!-- \/ Yoast SEO plugin. -->","yoast_head_json":{"title":"Doniczki dekoracyjne Antonio 2 - odpowiednia do nie du\u017cych przestrzeni","description":"Wszystkie doniczki dekoracyjne z jednej strony powinny zwraca\u0107 na siebie uwag\u0119, a z drugiej powinny podkre\u015bla\u0107 kszta\u0142t i charakter zasadzonych w nich ro\u015blin","robots":{"index":"index","follow":"follow","max-snippet":"max-snippet:-1","max-image-preview":"max-image-preview:large","max-video-preview":"max-video-preview:-1"},"canonical":"https:\/\/worldofflowerpots.com\/sklep\/doniczki-dekoracyjne-antonio-2\/","og_locale":"pl_PL","og_type":"article","og_title":"Doniczki dekoracyjne Antonio 2 - odpowiednia do nie du\u017cych przestrzeni","og_description":"Wszystkie doniczki dekoracyjne z jednej strony powinny zwraca\u0107 na siebie uwag\u0119, a z drugiej powinny podkre\u015bla\u0107 kszta\u0142t i charakter zasadzonych w nich ro\u015blin","og_url":"https:\/\/worldofflowerpots.com\/sklep\/doniczki-dekoracyjne-antonio-2\/","og_site_name":"World of Flowerpots","article_modified_time":"2019-04-05T09:16:10+00:00","og_image":[{"width":1920,"height":1080,"url":"https:\/\/worldofflowerpots.com\/wp-content\/uploads\/2019\/03\/doniczki-dekoracyjne-Antonio_2.png","type":"image\/png"}],"twitter_card":"summary_large_image","twitter_misc":{"Szacowany czas czytania":"2 minuty"},"schema":{"@context":"https:\/\/schema.org","@graph":[{"@type":"WebPage","@id":"https:\/\/worldofflowerpots.com\/sklep\/doniczki-dekoracyjne-antonio-2\/","url":"https:\/\/worldofflowerpots.com\/sklep\/doniczki-dekoracyjne-antonio-2\/","name":"Doniczki dekoracyjne Antonio 2 - odpowiednia do nie du\u017cych przestrzeni","isPartOf":{"@id":"https:\/\/worldofflowerpots.com\/#website"},"primaryImageOfPage":{"@id":"https:\/\/worldofflowerpots.com\/sklep\/doniczki-dekoracyjne-antonio-2\/#primaryimage"},"image":{"@id":"https:\/\/worldofflowerpots.com\/sklep\/doniczki-dekoracyjne-antonio-2\/#primaryimage"},"thumbnailUrl":"https:\/\/worldofflowerpots.com\/wp-content\/uploads\/2019\/03\/doniczki-dekoracyjne-Antonio_2.png","datePublished":"2019-03-21T12:23:07+00:00","dateModified":"2019-04-05T09:16:10+00:00","description":"Wszystkie doniczki dekoracyjne z jednej strony powinny zwraca\u0107 na siebie uwag\u0119, a z drugiej powinny podkre\u015bla\u0107 kszta\u0142t i charakter zasadzonych w nich ro\u015blin","breadcrumb":{"@id":"https:\/\/worldofflowerpots.com\/sklep\/doniczki-dekoracyjne-antonio-2\/#breadcrumb"},"inLanguage":"pl-PL","potentialAction":[{"@type":"ReadAction","target":["https:\/\/worldofflowerpots.com\/sklep\/doniczki-dekoracyjne-antonio-2\/"]}]},{"@type":"ImageObject","inLanguage":"pl-PL","@id":"https:\/\/worldofflowerpots.com\/sklep\/doniczki-dekoracyjne-antonio-2\/#primaryimage","url":"https:\/\/worldofflowerpots.com\/wp-content\/uploads\/2019\/03\/doniczki-dekoracyjne-Antonio_2.png","contentUrl":"https:\/\/worldofflowerpots.com\/wp-content\/uploads\/2019\/03\/doniczki-dekoracyjne-Antonio_2.png","width":1920,"height":1080},{"@type":"BreadcrumbList","@id":"https:\/\/worldofflowerpots.com\/sklep\/doniczki-dekoracyjne-antonio-2\/#breadcrumb","itemListElement":[{"@type":"ListItem","position":1,"name":"Strona g\u0142\u00f3wna","item":"https:\/\/worldofflowerpots.com\/"},{"@type":"ListItem","position":2,"name":"Sklep","item":"https:\/\/worldofflowerpots.com\/sklep\/"},{"@type":"ListItem","position":3,"name":"Doniczki dekoracyjne Antonio 2"}]},{"@type":"WebSite","@id":"https:\/\/worldofflowerpots.com\/#website","url":"https:\/\/worldofflowerpots.com\/","name":"World of Flowerpots","description":"producent donic ozdobnych","potentialAction":[{"@type":"SearchAction","target":{"@type":"EntryPoint","urlTemplate":"https:\/\/worldofflowerpots.com\/?s={search_term_string}"},"query-input":{"@type":"PropertyValueSpecification","valueRequired":true,"valueName":"search_term_string"}}],"inLanguage":"pl-PL"}]}},"_links":{"self":[{"href":"https:\/\/worldofflowerpots.com\/pl\/wp-json\/wp\/v2\/product\/56215","targetHints":{"allow":["GET"]}}],"collection":[{"href":"https:\/\/worldofflowerpots.com\/pl\/wp-json\/wp\/v2\/product"}],"about":[{"href":"https:\/\/worldofflowerpots.com\/pl\/wp-json\/wp\/v2\/types\/product"}],"wp:featuredmedia":[{"embeddable":true,"href":"https:\/\/worldofflowerpots.com\/pl\/wp-json\/wp\/v2\/media\/57524"}],"wp:attachment":[{"href":"https:\/\/worldofflowerpots.com\/pl\/wp-json\/wp\/v2\/media?parent=56215"}],"wp:term":[{"taxonomy":"product_brand","embeddable":true,"href":"https:\/\/worldofflowerpots.com\/pl\/wp-json\/wp\/v2\/product_brand?post=56215"},{"taxonomy":"product_cat","embeddable":true,"href":"https:\/\/worldofflowerpots.com\/pl\/wp-json\/wp\/v2\/product_cat?post=56215"},{"taxonomy":"product_tag","embeddable":true,"href":"https:\/\/worldofflowerpots.com\/pl\/wp-json\/wp\/v2\/product_tag?post=56215"}],"curies":[{"name":"wp","href":"https:\/\/api.w.org\/{rel}","templated":true}]}}