{"id":56226,"date":"2019-03-21T14:19:04","date_gmt":"2019-03-21T13:19:04","guid":{"rendered":"https:\/\/worldofflowerpots.com\/?post_type=product&#038;p=56226"},"modified":"2019-04-04T08:58:47","modified_gmt":"2019-04-04T06:58:47","slug":"donica-trapezowa-z-aluminium-daniele","status":"publish","type":"product","link":"https:\/\/worldofflowerpots.com\/pl\/sklep\/donica-trapezowa-z-aluminium-daniele\/","title":{"rendered":"Donica trapezowa z aluminium Daniele"},"content":{"rendered":"<h4>Nowoczesny kszta\u0142t i prosta konstrukcja<\/h4>\n<p>Daniele to donica trapezowa z aluminium. O jej uroku stanowi\u0105 proste formy, dobrej jako\u015bci materia\u0142 i spore mo\u017cliwo\u015bci aran\u017cacyjne. Donica mo\u017ce by\u0107 \u015bwietnym punktem wyj\u015bciowym na przyk\u0142ad do urz\u0105dzenia wn\u0119trza w stylu minimalistycznym. Tak modne teraz odcienie szaro\u015bci w po\u0142\u0105czeniu z zielon\u0105 ro\u015blinno\u015bci\u0105 i z bia\u0142ymi dodatkami b\u0119dzie stanowi\u0107 zgrany duet. Wybieraj\u0105c ten model mo\u017cna mie\u0107 pewno\u015b\u0107, \u017ce producent zadba\u0142 o wszystkie istotne detale. Daniele, jest odporna na dzia\u0142anie czynnik\u00f3w zewn\u0119trznych, ma nie du\u017c\u0105 wag\u0119 i posiada otw\u00f3r odp\u0142ywowy.<\/p>\n<p>Donica trapezowa z aluminium, to przede wszystkim lekko\u015b\u0107 i nutka nowoczesno\u015bci nawet w bardzo klasycznie urz\u0105dzonym wn\u0119trzu.<\/p>\n<p><strong>Nie tylko do domowego ogrodu<\/strong><\/p>\n<p>Wykorzystuj\u0105c wysokie i pn\u0105ce kwiaty mo\u017cna podkre\u015bli\u0107 ich unikalny charakter, ale z drugiej strony Daniele doskonale b\u0119dzie pasowa\u0107 tak\u017ce do wszelkich p\u0142o\u017c\u0105cych gatunk\u00f3w ro\u015blin. Warto zauwa\u017cy\u0107, \u017ce donica dobrze odnajduje si\u0119 tak\u017ce w przestrzeni publicznej. Spogl\u0105daj\u0105c na obowi\u0105zuj\u0105ce trendy szybko mo\u017cna doj\u015b\u0107 do wniosku, \u017ce ro\u015bliny kwitn\u0105ce wykorzystuje si\u0119 w aran\u017cacjach hoteli, sklep\u00f3w, salon\u00f3w SPA, restauracji i biur. Daniele wpisuje si\u0119 we wszystkie modne kryteria i mo\u017cna j\u0105 postawi\u0107 na przyk\u0142ad w ogr\u00f3dku, na biurowym tarasie lub w hotelowej recepcji. Im wi\u0119cej takich akcent\u00f3w, tym wn\u0119trze bardziej zyskuje na nowoczesno\u015bci.<\/p>\n<p>Donica ma wymiary 898 x 898 x 806 mm. Jej trapezowa forma z jednej strony wtapia si\u0119 w ka\u017cd\u0105 aran\u017cacj\u0119, a z drugiej potrafi na d\u0142u\u017cej skupi\u0107 wzrok przechodni\u00f3w. Jak wiadomo aluminium to materia\u0142, kt\u00f3ry cieszy si\u0119 sporym zainteresowaniem w\u015br\u00f3d architekt\u00f3w.<\/p>\n<p><strong>Istotne zalety<\/strong><\/p>\n<p>W naszych wn\u0119trzach mo\u017cna znale\u017a\u0107 coraz wi\u0119cej aluminiowych element\u00f3w. Dobieraj\u0105c do nich donic\u0119 Daniele mo\u017cna by\u0107 pewnym, \u017ce jest ona lekka i odporna na dzia\u0142anie wielu czynnik\u00f3w zewn\u0119trznych. Nie gro\u017any jej mr\u00f3z, upa\u0142, deszcz i \u015bnieg. Ca\u0142a konstrukcja zosta\u0142a tak zaprojektowana, by nie niszczy\u0107 pod\u0142o\u017ca na kt\u00f3rym stoi.<\/p>\n<p>Model Daniele ma nie tylko miejski i biurowy charakter, mo\u017cna go tak\u017ce wykorzysta\u0107 do aran\u017cacji prywatnego ogrodu. Wystarczy dobra\u0107 jak\u0105\u015b modn\u0105 ro\u015blin\u0119 i postawi\u0107 donic\u0119 na przyk\u0142ad tu\u017c obok miejsca wypoczynkowego.<\/p>\n<p>Ta prosta forma i modny odcie\u0144 szaro\u015bci sprawiaj\u0105 tak\u017ce, \u017ce Daniele dobrze odnajdzie si\u0119 w r\u00f3\u017cnych wn\u0119trzach.<\/p>\n","protected":false},"excerpt":{"rendered":"<p>Donica aluminiowa Daniele produkowana jest we wszystkich kolorach palety RAL. Donica produkowana jest w standardzie z otworami odp\u0142ywowymi. Waga to: 21 kg, a wymiary: d\u0142ugo\u015b\u0107: 89,8 cm, szeroko\u015b\u0107: 89,8 cm, wysoko\u015b\u0107: 80,6 cm. Zalecane stosowanie jako donica do miejsc u\u017cyteczno\u015bci publicznej.<\/p>\n","protected":false},"featured_media":57166,"template":"","meta":{"_acf_changed":false},"product_brand":[],"product_cat":[116],"product_tag":[],"class_list":{"0":"post-56226","1":"product","2":"type-product","3":"status-publish","4":"has-post-thumbnail","6":"product_cat-donice-z-aluminium","7":"description-off","8":"tm-has-options","10":"first","11":"instock","12":"shipping-taxable","13":"purchasable","14":"product-type-simple"},"acf":[],"yoast_head":"<!-- This site is optimized with the Yoast SEO plugin v27.5 - https:\/\/yoast.com\/product\/yoast-seo-wordpress\/ -->\n<title>Donica trapezowa z aluminium Daniele - do biura, domu i ogrodu<\/title>\n<meta name=\"description\" content=\"Daniele to donica trapezowa z aluminium. O jej uroku stanowi\u0105 proste formy, dobrej jako\u015bci materia\u0142 i spore mo\u017cliwo\u015bci aran\u017cacyjne.\" \/>\n<meta name=\"robots\" content=\"index, follow, max-snippet:-1, max-image-preview:large, max-video-preview:-1\" \/>\n<link rel=\"canonical\" href=\"https:\/\/worldofflowerpots.com\/sklep\/donica-trapezowa-z-aluminium-daniele\/\" \/>\n<meta property=\"og:locale\" content=\"pl_PL\" \/>\n<meta property=\"og:type\" content=\"article\" \/>\n<meta property=\"og:title\" content=\"Donica trapezowa z aluminium Daniele - do biura, domu i ogrodu\" \/>\n<meta property=\"og:description\" content=\"Daniele to donica trapezowa z aluminium. O jej uroku stanowi\u0105 proste formy, dobrej jako\u015bci materia\u0142 i spore mo\u017cliwo\u015bci aran\u017cacyjne.\" \/>\n<meta property=\"og:url\" content=\"https:\/\/worldofflowerpots.com\/sklep\/donica-trapezowa-z-aluminium-daniele\/\" \/>\n<meta property=\"og:site_name\" content=\"World of Flowerpots\" \/>\n<meta property=\"article:modified_time\" content=\"2019-04-04T06:58:47+00:00\" \/>\n<meta property=\"og:image\" content=\"https:\/\/worldofflowerpots.com\/wp-content\/uploads\/2019\/03\/donica-trapezowa-z-aluminium-Daniele.jpg\" \/>\n\t<meta property=\"og:image:width\" content=\"2280\" \/>\n\t<meta property=\"og:image:height\" content=\"1612\" \/>\n\t<meta property=\"og:image:type\" content=\"image\/jpeg\" \/>\n<meta name=\"twitter:card\" content=\"summary_large_image\" \/>\n<meta name=\"twitter:label1\" content=\"Szacowany czas czytania\" \/>\n\t<meta name=\"twitter:data1\" content=\"2 minuty\" \/>\n<script type=\"application\/ld+json\" class=\"yoast-schema-graph\">{\"@context\":\"https:\\\/\\\/schema.org\",\"@graph\":[{\"@type\":\"WebPage\",\"@id\":\"https:\\\/\\\/worldofflowerpots.com\\\/sklep\\\/donica-trapezowa-z-aluminium-daniele\\\/\",\"url\":\"https:\\\/\\\/worldofflowerpots.com\\\/sklep\\\/donica-trapezowa-z-aluminium-daniele\\\/\",\"name\":\"Donica trapezowa z aluminium Daniele - do biura, domu i ogrodu\",\"isPartOf\":{\"@id\":\"https:\\\/\\\/worldofflowerpots.com\\\/#website\"},\"primaryImageOfPage\":{\"@id\":\"https:\\\/\\\/worldofflowerpots.com\\\/sklep\\\/donica-trapezowa-z-aluminium-daniele\\\/#primaryimage\"},\"image\":{\"@id\":\"https:\\\/\\\/worldofflowerpots.com\\\/sklep\\\/donica-trapezowa-z-aluminium-daniele\\\/#primaryimage\"},\"thumbnailUrl\":\"https:\\\/\\\/worldofflowerpots.com\\\/wp-content\\\/uploads\\\/2019\\\/03\\\/donica-trapezowa-z-aluminium-Daniele.jpg\",\"datePublished\":\"2019-03-21T13:19:04+00:00\",\"dateModified\":\"2019-04-04T06:58:47+00:00\",\"description\":\"Daniele to donica trapezowa z aluminium. O jej uroku stanowi\u0105 proste formy, dobrej jako\u015bci materia\u0142 i spore mo\u017cliwo\u015bci aran\u017cacyjne.\",\"breadcrumb\":{\"@id\":\"https:\\\/\\\/worldofflowerpots.com\\\/sklep\\\/donica-trapezowa-z-aluminium-daniele\\\/#breadcrumb\"},\"inLanguage\":\"pl-PL\",\"potentialAction\":[{\"@type\":\"ReadAction\",\"target\":[\"https:\\\/\\\/worldofflowerpots.com\\\/sklep\\\/donica-trapezowa-z-aluminium-daniele\\\/\"]}]},{\"@type\":\"ImageObject\",\"inLanguage\":\"pl-PL\",\"@id\":\"https:\\\/\\\/worldofflowerpots.com\\\/sklep\\\/donica-trapezowa-z-aluminium-daniele\\\/#primaryimage\",\"url\":\"https:\\\/\\\/worldofflowerpots.com\\\/wp-content\\\/uploads\\\/2019\\\/03\\\/donica-trapezowa-z-aluminium-Daniele.jpg\",\"contentUrl\":\"https:\\\/\\\/worldofflowerpots.com\\\/wp-content\\\/uploads\\\/2019\\\/03\\\/donica-trapezowa-z-aluminium-Daniele.jpg\",\"width\":2280,\"height\":1612},{\"@type\":\"BreadcrumbList\",\"@id\":\"https:\\\/\\\/worldofflowerpots.com\\\/sklep\\\/donica-trapezowa-z-aluminium-daniele\\\/#breadcrumb\",\"itemListElement\":[{\"@type\":\"ListItem\",\"position\":1,\"name\":\"Strona g\u0142\u00f3wna\",\"item\":\"https:\\\/\\\/worldofflowerpots.com\\\/\"},{\"@type\":\"ListItem\",\"position\":2,\"name\":\"Sklep\",\"item\":\"https:\\\/\\\/worldofflowerpots.com\\\/sklep\\\/\"},{\"@type\":\"ListItem\",\"position\":3,\"name\":\"Donica trapezowa z aluminium Daniele\"}]},{\"@type\":\"WebSite\",\"@id\":\"https:\\\/\\\/worldofflowerpots.com\\\/#website\",\"url\":\"https:\\\/\\\/worldofflowerpots.com\\\/\",\"name\":\"World of Flowerpots\",\"description\":\"producent donic ozdobnych\",\"potentialAction\":[{\"@type\":\"SearchAction\",\"target\":{\"@type\":\"EntryPoint\",\"urlTemplate\":\"https:\\\/\\\/worldofflowerpots.com\\\/?s={search_term_string}\"},\"query-input\":{\"@type\":\"PropertyValueSpecification\",\"valueRequired\":true,\"valueName\":\"search_term_string\"}}],\"inLanguage\":\"pl-PL\"}]}<\/script>\n<!-- \/ Yoast SEO plugin. -->","yoast_head_json":{"title":"Donica trapezowa z aluminium Daniele - do biura, domu i ogrodu","description":"Daniele to donica trapezowa z aluminium. O jej uroku stanowi\u0105 proste formy, dobrej jako\u015bci materia\u0142 i spore mo\u017cliwo\u015bci aran\u017cacyjne.","robots":{"index":"index","follow":"follow","max-snippet":"max-snippet:-1","max-image-preview":"max-image-preview:large","max-video-preview":"max-video-preview:-1"},"canonical":"https:\/\/worldofflowerpots.com\/sklep\/donica-trapezowa-z-aluminium-daniele\/","og_locale":"pl_PL","og_type":"article","og_title":"Donica trapezowa z aluminium Daniele - do biura, domu i ogrodu","og_description":"Daniele to donica trapezowa z aluminium. O jej uroku stanowi\u0105 proste formy, dobrej jako\u015bci materia\u0142 i spore mo\u017cliwo\u015bci aran\u017cacyjne.","og_url":"https:\/\/worldofflowerpots.com\/sklep\/donica-trapezowa-z-aluminium-daniele\/","og_site_name":"World of Flowerpots","article_modified_time":"2019-04-04T06:58:47+00:00","og_image":[{"width":2280,"height":1612,"url":"https:\/\/worldofflowerpots.com\/wp-content\/uploads\/2019\/03\/donica-trapezowa-z-aluminium-Daniele.jpg","type":"image\/jpeg"}],"twitter_card":"summary_large_image","twitter_misc":{"Szacowany czas czytania":"2 minuty"},"schema":{"@context":"https:\/\/schema.org","@graph":[{"@type":"WebPage","@id":"https:\/\/worldofflowerpots.com\/sklep\/donica-trapezowa-z-aluminium-daniele\/","url":"https:\/\/worldofflowerpots.com\/sklep\/donica-trapezowa-z-aluminium-daniele\/","name":"Donica trapezowa z aluminium Daniele - do biura, domu i ogrodu","isPartOf":{"@id":"https:\/\/worldofflowerpots.com\/#website"},"primaryImageOfPage":{"@id":"https:\/\/worldofflowerpots.com\/sklep\/donica-trapezowa-z-aluminium-daniele\/#primaryimage"},"image":{"@id":"https:\/\/worldofflowerpots.com\/sklep\/donica-trapezowa-z-aluminium-daniele\/#primaryimage"},"thumbnailUrl":"https:\/\/worldofflowerpots.com\/wp-content\/uploads\/2019\/03\/donica-trapezowa-z-aluminium-Daniele.jpg","datePublished":"2019-03-21T13:19:04+00:00","dateModified":"2019-04-04T06:58:47+00:00","description":"Daniele to donica trapezowa z aluminium. O jej uroku stanowi\u0105 proste formy, dobrej jako\u015bci materia\u0142 i spore mo\u017cliwo\u015bci aran\u017cacyjne.","breadcrumb":{"@id":"https:\/\/worldofflowerpots.com\/sklep\/donica-trapezowa-z-aluminium-daniele\/#breadcrumb"},"inLanguage":"pl-PL","potentialAction":[{"@type":"ReadAction","target":["https:\/\/worldofflowerpots.com\/sklep\/donica-trapezowa-z-aluminium-daniele\/"]}]},{"@type":"ImageObject","inLanguage":"pl-PL","@id":"https:\/\/worldofflowerpots.com\/sklep\/donica-trapezowa-z-aluminium-daniele\/#primaryimage","url":"https:\/\/worldofflowerpots.com\/wp-content\/uploads\/2019\/03\/donica-trapezowa-z-aluminium-Daniele.jpg","contentUrl":"https:\/\/worldofflowerpots.com\/wp-content\/uploads\/2019\/03\/donica-trapezowa-z-aluminium-Daniele.jpg","width":2280,"height":1612},{"@type":"BreadcrumbList","@id":"https:\/\/worldofflowerpots.com\/sklep\/donica-trapezowa-z-aluminium-daniele\/#breadcrumb","itemListElement":[{"@type":"ListItem","position":1,"name":"Strona g\u0142\u00f3wna","item":"https:\/\/worldofflowerpots.com\/"},{"@type":"ListItem","position":2,"name":"Sklep","item":"https:\/\/worldofflowerpots.com\/sklep\/"},{"@type":"ListItem","position":3,"name":"Donica trapezowa z aluminium Daniele"}]},{"@type":"WebSite","@id":"https:\/\/worldofflowerpots.com\/#website","url":"https:\/\/worldofflowerpots.com\/","name":"World of Flowerpots","description":"producent donic ozdobnych","potentialAction":[{"@type":"SearchAction","target":{"@type":"EntryPoint","urlTemplate":"https:\/\/worldofflowerpots.com\/?s={search_term_string}"},"query-input":{"@type":"PropertyValueSpecification","valueRequired":true,"valueName":"search_term_string"}}],"inLanguage":"pl-PL"}]}},"_links":{"self":[{"href":"https:\/\/worldofflowerpots.com\/pl\/wp-json\/wp\/v2\/product\/56226","targetHints":{"allow":["GET"]}}],"collection":[{"href":"https:\/\/worldofflowerpots.com\/pl\/wp-json\/wp\/v2\/product"}],"about":[{"href":"https:\/\/worldofflowerpots.com\/pl\/wp-json\/wp\/v2\/types\/product"}],"wp:featuredmedia":[{"embeddable":true,"href":"https:\/\/worldofflowerpots.com\/pl\/wp-json\/wp\/v2\/media\/57166"}],"wp:attachment":[{"href":"https:\/\/worldofflowerpots.com\/pl\/wp-json\/wp\/v2\/media?parent=56226"}],"wp:term":[{"taxonomy":"product_brand","embeddable":true,"href":"https:\/\/worldofflowerpots.com\/pl\/wp-json\/wp\/v2\/product_brand?post=56226"},{"taxonomy":"product_cat","embeddable":true,"href":"https:\/\/worldofflowerpots.com\/pl\/wp-json\/wp\/v2\/product_cat?post=56226"},{"taxonomy":"product_tag","embeddable":true,"href":"https:\/\/worldofflowerpots.com\/pl\/wp-json\/wp\/v2\/product_tag?post=56226"}],"curies":[{"name":"wp","href":"https:\/\/api.w.org\/{rel}","templated":true}]}}