{"id":56248,"date":"2019-03-22T11:03:55","date_gmt":"2019-03-22T10:03:55","guid":{"rendered":"https:\/\/worldofflowerpots.com\/?post_type=product&#038;p=56248"},"modified":"2019-04-05T11:14:20","modified_gmt":"2019-04-05T09:14:20","slug":"fajne-donice-antonio-3-2","status":"publish","type":"product","link":"https:\/\/worldofflowerpots.com\/pl\/sklep\/fajne-donice-antonio-3-2\/","title":{"rendered":"Fajne donice Antonio 3"},"content":{"rendered":"<h2>Stylowa donica z w\u0142\u00f3kna szklanego<\/h2>\n<p>W\u0142\u00f3kno szklane jest materia\u0142em wykorzystywanym w r\u00f3\u017cnych ga\u0142\u0119ziach przemys\u0142u. Projektuj\u0105c donic\u0119 Antonio 3 my r\u00f3wnie\u017c zdecydowali\u015bmy si\u0119 na zastosowanie tego materia\u0142u. Dzi\u0119ki temu uzyskali\u015bmy trwa\u0142e, dobrze wykonane i niezwykle nowoczesne akcesorium. Donica jest lekka, a do tego solidna i odporna na dzia\u0142anie czynnik\u00f3w zewn\u0119trznych. W\u0142\u00f3kno szklane przez wiele lat nie ulega zniszczeniom mechanicznym, nie gro\u017ane mu niskie i wysokie temperatury, ani \u015bnieg czy deszcz. Jednym zdaniem Antonio 3 to klasa, elegancja i wytrzyma\u0142o\u015b\u0107.<\/p>\n<p>Bior\u0105c pod uwag\u0119 te fajne donice, ich kszta\u0142t oraz wymiary mo\u017cna \u015bmia\u0142o stwierdzi\u0107, \u017ce produkty odnajd\u0105 si\u0119 w wielu aran\u017cacjach. Wersja Antonio 3 ma 600 x 600 x 600, jej kubistyczna forma korzystnie prezentuje si\u0119 w nowoczesnych wn\u0119trzach, ale r\u00f3wnie dobrze b\u0119dzie wygl\u0105da\u0107 w tradycyjnych pomieszczeniach. W zale\u017cno\u015bci od tego jaki chce si\u0119 osi\u0105gn\u0105\u0107 efekt, w Antonio 3 mo\u017cna posadzi\u0107 jak\u0105\u015b egzotyczn\u0105 ro\u015blin\u0119 przyci\u0105gaj\u0105c\u0105 wzrok lub skromn\u0105 ziele\u0144, kt\u00f3ra b\u0119dzie tylko uzupe\u0142nieniem tej donicy.<\/p>\n<h2><strong>Prosta, elegancka i wytrzyma\u0142a<\/strong><\/h2>\n<p>Donica ma otwory odp\u0142ywowe i dzi\u0119ki temu mo\u017cna j\u0105 stosowa\u0107 tak\u017ce na zewn\u0105trz pomieszcze\u0144. Architekci wybieraj\u0105c ten model na przyk\u0142ad do aran\u017cacji taras\u00f3w, miejskiej przestrzeni czy restauracyjnych ogr\u00f3dk\u00f3w b\u0119d\u0105 mieli spore pole do popisu. Dowolna kolorystyka, geometryczna forma i spore wymiary od razu zapadaj\u0105 w pami\u0119\u0107 i potrafi\u0105 na d\u0142u\u017cej skupi\u0107 uwag\u0119 przechodni\u00f3w. Ka\u017cda przestrze\u0144 w kt\u00f3rej znajdzie si\u0119 Antonio 3 zyska na stylu i elegancji. Nie bez znaczenia jest tak\u017ce powiew nowoczesno\u015bci. Ta prosta forma wpisuje si\u0119 do obowi\u0105zuj\u0105cych trend\u00f3w i \u0142adnie wsp\u00f3\u0142gra z innymi minimalistycznymi rozwi\u0105zaniami.<\/p>\n<p>Je\u015bli kto\u015b ma na my\u015bli fajne donice, kt\u00f3re odnalaz\u0142yby si\u0119 w r\u00f3\u017cnych wn\u0119trzach, to Antonio 3 b\u0119dzie idealnym wyborem. Model ten z powodzeniem mo\u017cna wstawi\u0107 do jadalni, sypialni, salonu czy przedpokoju. Ta ciemna kolorystyka i prosta kubatura odnajd\u0105 si\u0119 w tradycyjnych i nowocze\u015bnie urz\u0105dzonych pomieszczeniach. Donica z bujn\u0105 ro\u015blinno\u015bci\u0105 doda wn\u0119trzom energii, nada im bardzo osobistego charakteru i sprawi, \u017ce pomieszczenie stanie si\u0119 \u017cywsze. Jest to prosty spos\u00f3b na przeprowadzenie szybkiej i niedrogiej metamorfozy wn\u0119trza. Wystarczy Antonio 3, dowolna ro\u015blina i zgrany duet gotowy.<\/p>\n","protected":false},"excerpt":{"rendered":"<p>Donica plastikowa Antonio 3 z w\u0142\u00f3kna szklanego oraz \u017cywicy. Do stosowania jako donica lub jako os\u0142onka. Donice dost\u0119pne we wszystkich kolorach palety RAL w wersji matowej. Donice s\u0105 wyposa\u017cone w otwory odp\u0142ywowe w dnie (na wyra\u017ane \u017cyczenie klienta mo\u017ce zosta\u0107 wykonana bez otworu odp\u0142ywowego), boczne \u015bcianki wy\u0142o\u017cone s\u0105 styropianem. Wymiary donicy: d\u0142ugo\u015b\u0107: 60 cm, szeroko\u015b\u0107: 60 cm, wysoko\u015b\u0107: 60 cm.<\/p>\n","protected":false},"featured_media":57514,"template":"","meta":{"_acf_changed":false},"product_brand":[],"product_cat":[205],"product_tag":[],"class_list":{"0":"post-56248","1":"product","2":"type-product","3":"status-publish","4":"has-post-thumbnail","6":"product_cat-donice-z-wlokna-szklanego-plastiku","7":"description-off","8":"tm-has-options","10":"first","11":"instock","12":"shipping-taxable","13":"purchasable","14":"product-type-simple"},"acf":[],"yoast_head":"<!-- This site is optimized with the Yoast SEO plugin v27.5 - https:\/\/yoast.com\/product\/yoast-seo-wordpress\/ -->\n<title>Fajne donice Antonio 3 - do resteuracji, galerii handlowej i biura<\/title>\n<meta name=\"description\" content=\"Bior\u0105c pod uwag\u0119 te fajne donice, ich kszta\u0142t oraz wymiary mo\u017cna \u015bmia\u0142o stwierdzi\u0107, \u017ce produkty odnajd\u0105 si\u0119 w wielu aran\u017cacjach.\" \/>\n<meta name=\"robots\" content=\"index, follow, max-snippet:-1, max-image-preview:large, max-video-preview:-1\" \/>\n<link rel=\"canonical\" href=\"https:\/\/worldofflowerpots.com\/sklep\/fajne-donice-antonio-3-2\/\" \/>\n<meta property=\"og:locale\" content=\"pl_PL\" \/>\n<meta property=\"og:type\" content=\"article\" \/>\n<meta property=\"og:title\" content=\"Fajne donice Antonio 3 - do resteuracji, galerii handlowej i biura\" \/>\n<meta property=\"og:description\" content=\"Bior\u0105c pod uwag\u0119 te fajne donice, ich kszta\u0142t oraz wymiary mo\u017cna \u015bmia\u0142o stwierdzi\u0107, \u017ce produkty odnajd\u0105 si\u0119 w wielu aran\u017cacjach.\" \/>\n<meta property=\"og:url\" content=\"https:\/\/worldofflowerpots.com\/sklep\/fajne-donice-antonio-3-2\/\" \/>\n<meta property=\"og:site_name\" content=\"World of Flowerpots\" \/>\n<meta property=\"article:modified_time\" content=\"2019-04-05T09:14:20+00:00\" \/>\n<meta property=\"og:image\" content=\"https:\/\/worldofflowerpots.com\/wp-content\/uploads\/2019\/03\/fajne-donice-Antonio_3.png\" \/>\n\t<meta property=\"og:image:width\" content=\"1920\" \/>\n\t<meta property=\"og:image:height\" content=\"1080\" \/>\n\t<meta property=\"og:image:type\" content=\"image\/png\" \/>\n<meta name=\"twitter:card\" content=\"summary_large_image\" \/>\n<meta name=\"twitter:label1\" content=\"Szacowany czas czytania\" \/>\n\t<meta name=\"twitter:data1\" content=\"2 minuty\" \/>\n<script type=\"application\/ld+json\" class=\"yoast-schema-graph\">{\"@context\":\"https:\\\/\\\/schema.org\",\"@graph\":[{\"@type\":\"WebPage\",\"@id\":\"https:\\\/\\\/worldofflowerpots.com\\\/sklep\\\/fajne-donice-antonio-3-2\\\/\",\"url\":\"https:\\\/\\\/worldofflowerpots.com\\\/sklep\\\/fajne-donice-antonio-3-2\\\/\",\"name\":\"Fajne donice Antonio 3 - do resteuracji, galerii handlowej i biura\",\"isPartOf\":{\"@id\":\"https:\\\/\\\/worldofflowerpots.com\\\/#website\"},\"primaryImageOfPage\":{\"@id\":\"https:\\\/\\\/worldofflowerpots.com\\\/sklep\\\/fajne-donice-antonio-3-2\\\/#primaryimage\"},\"image\":{\"@id\":\"https:\\\/\\\/worldofflowerpots.com\\\/sklep\\\/fajne-donice-antonio-3-2\\\/#primaryimage\"},\"thumbnailUrl\":\"https:\\\/\\\/worldofflowerpots.com\\\/wp-content\\\/uploads\\\/2019\\\/03\\\/fajne-donice-Antonio_3.png\",\"datePublished\":\"2019-03-22T10:03:55+00:00\",\"dateModified\":\"2019-04-05T09:14:20+00:00\",\"description\":\"Bior\u0105c pod uwag\u0119 te fajne donice, ich kszta\u0142t oraz wymiary mo\u017cna \u015bmia\u0142o stwierdzi\u0107, \u017ce produkty odnajd\u0105 si\u0119 w wielu aran\u017cacjach.\",\"breadcrumb\":{\"@id\":\"https:\\\/\\\/worldofflowerpots.com\\\/sklep\\\/fajne-donice-antonio-3-2\\\/#breadcrumb\"},\"inLanguage\":\"pl-PL\",\"potentialAction\":[{\"@type\":\"ReadAction\",\"target\":[\"https:\\\/\\\/worldofflowerpots.com\\\/sklep\\\/fajne-donice-antonio-3-2\\\/\"]}]},{\"@type\":\"ImageObject\",\"inLanguage\":\"pl-PL\",\"@id\":\"https:\\\/\\\/worldofflowerpots.com\\\/sklep\\\/fajne-donice-antonio-3-2\\\/#primaryimage\",\"url\":\"https:\\\/\\\/worldofflowerpots.com\\\/wp-content\\\/uploads\\\/2019\\\/03\\\/fajne-donice-Antonio_3.png\",\"contentUrl\":\"https:\\\/\\\/worldofflowerpots.com\\\/wp-content\\\/uploads\\\/2019\\\/03\\\/fajne-donice-Antonio_3.png\",\"width\":1920,\"height\":1080},{\"@type\":\"BreadcrumbList\",\"@id\":\"https:\\\/\\\/worldofflowerpots.com\\\/sklep\\\/fajne-donice-antonio-3-2\\\/#breadcrumb\",\"itemListElement\":[{\"@type\":\"ListItem\",\"position\":1,\"name\":\"Strona g\u0142\u00f3wna\",\"item\":\"https:\\\/\\\/worldofflowerpots.com\\\/\"},{\"@type\":\"ListItem\",\"position\":2,\"name\":\"Sklep\",\"item\":\"https:\\\/\\\/worldofflowerpots.com\\\/sklep\\\/\"},{\"@type\":\"ListItem\",\"position\":3,\"name\":\"Fajne donice Antonio 3\"}]},{\"@type\":\"WebSite\",\"@id\":\"https:\\\/\\\/worldofflowerpots.com\\\/#website\",\"url\":\"https:\\\/\\\/worldofflowerpots.com\\\/\",\"name\":\"World of Flowerpots\",\"description\":\"producent donic ozdobnych\",\"potentialAction\":[{\"@type\":\"SearchAction\",\"target\":{\"@type\":\"EntryPoint\",\"urlTemplate\":\"https:\\\/\\\/worldofflowerpots.com\\\/?s={search_term_string}\"},\"query-input\":{\"@type\":\"PropertyValueSpecification\",\"valueRequired\":true,\"valueName\":\"search_term_string\"}}],\"inLanguage\":\"pl-PL\"}]}<\/script>\n<!-- \/ Yoast SEO plugin. -->","yoast_head_json":{"title":"Fajne donice Antonio 3 - do resteuracji, galerii handlowej i biura","description":"Bior\u0105c pod uwag\u0119 te fajne donice, ich kszta\u0142t oraz wymiary mo\u017cna \u015bmia\u0142o stwierdzi\u0107, \u017ce produkty odnajd\u0105 si\u0119 w wielu aran\u017cacjach.","robots":{"index":"index","follow":"follow","max-snippet":"max-snippet:-1","max-image-preview":"max-image-preview:large","max-video-preview":"max-video-preview:-1"},"canonical":"https:\/\/worldofflowerpots.com\/sklep\/fajne-donice-antonio-3-2\/","og_locale":"pl_PL","og_type":"article","og_title":"Fajne donice Antonio 3 - do resteuracji, galerii handlowej i biura","og_description":"Bior\u0105c pod uwag\u0119 te fajne donice, ich kszta\u0142t oraz wymiary mo\u017cna \u015bmia\u0142o stwierdzi\u0107, \u017ce produkty odnajd\u0105 si\u0119 w wielu aran\u017cacjach.","og_url":"https:\/\/worldofflowerpots.com\/sklep\/fajne-donice-antonio-3-2\/","og_site_name":"World of Flowerpots","article_modified_time":"2019-04-05T09:14:20+00:00","og_image":[{"width":1920,"height":1080,"url":"https:\/\/worldofflowerpots.com\/wp-content\/uploads\/2019\/03\/fajne-donice-Antonio_3.png","type":"image\/png"}],"twitter_card":"summary_large_image","twitter_misc":{"Szacowany czas czytania":"2 minuty"},"schema":{"@context":"https:\/\/schema.org","@graph":[{"@type":"WebPage","@id":"https:\/\/worldofflowerpots.com\/sklep\/fajne-donice-antonio-3-2\/","url":"https:\/\/worldofflowerpots.com\/sklep\/fajne-donice-antonio-3-2\/","name":"Fajne donice Antonio 3 - do resteuracji, galerii handlowej i biura","isPartOf":{"@id":"https:\/\/worldofflowerpots.com\/#website"},"primaryImageOfPage":{"@id":"https:\/\/worldofflowerpots.com\/sklep\/fajne-donice-antonio-3-2\/#primaryimage"},"image":{"@id":"https:\/\/worldofflowerpots.com\/sklep\/fajne-donice-antonio-3-2\/#primaryimage"},"thumbnailUrl":"https:\/\/worldofflowerpots.com\/wp-content\/uploads\/2019\/03\/fajne-donice-Antonio_3.png","datePublished":"2019-03-22T10:03:55+00:00","dateModified":"2019-04-05T09:14:20+00:00","description":"Bior\u0105c pod uwag\u0119 te fajne donice, ich kszta\u0142t oraz wymiary mo\u017cna \u015bmia\u0142o stwierdzi\u0107, \u017ce produkty odnajd\u0105 si\u0119 w wielu aran\u017cacjach.","breadcrumb":{"@id":"https:\/\/worldofflowerpots.com\/sklep\/fajne-donice-antonio-3-2\/#breadcrumb"},"inLanguage":"pl-PL","potentialAction":[{"@type":"ReadAction","target":["https:\/\/worldofflowerpots.com\/sklep\/fajne-donice-antonio-3-2\/"]}]},{"@type":"ImageObject","inLanguage":"pl-PL","@id":"https:\/\/worldofflowerpots.com\/sklep\/fajne-donice-antonio-3-2\/#primaryimage","url":"https:\/\/worldofflowerpots.com\/wp-content\/uploads\/2019\/03\/fajne-donice-Antonio_3.png","contentUrl":"https:\/\/worldofflowerpots.com\/wp-content\/uploads\/2019\/03\/fajne-donice-Antonio_3.png","width":1920,"height":1080},{"@type":"BreadcrumbList","@id":"https:\/\/worldofflowerpots.com\/sklep\/fajne-donice-antonio-3-2\/#breadcrumb","itemListElement":[{"@type":"ListItem","position":1,"name":"Strona g\u0142\u00f3wna","item":"https:\/\/worldofflowerpots.com\/"},{"@type":"ListItem","position":2,"name":"Sklep","item":"https:\/\/worldofflowerpots.com\/sklep\/"},{"@type":"ListItem","position":3,"name":"Fajne donice Antonio 3"}]},{"@type":"WebSite","@id":"https:\/\/worldofflowerpots.com\/#website","url":"https:\/\/worldofflowerpots.com\/","name":"World of Flowerpots","description":"producent donic ozdobnych","potentialAction":[{"@type":"SearchAction","target":{"@type":"EntryPoint","urlTemplate":"https:\/\/worldofflowerpots.com\/?s={search_term_string}"},"query-input":{"@type":"PropertyValueSpecification","valueRequired":true,"valueName":"search_term_string"}}],"inLanguage":"pl-PL"}]}},"_links":{"self":[{"href":"https:\/\/worldofflowerpots.com\/pl\/wp-json\/wp\/v2\/product\/56248","targetHints":{"allow":["GET"]}}],"collection":[{"href":"https:\/\/worldofflowerpots.com\/pl\/wp-json\/wp\/v2\/product"}],"about":[{"href":"https:\/\/worldofflowerpots.com\/pl\/wp-json\/wp\/v2\/types\/product"}],"wp:featuredmedia":[{"embeddable":true,"href":"https:\/\/worldofflowerpots.com\/pl\/wp-json\/wp\/v2\/media\/57514"}],"wp:attachment":[{"href":"https:\/\/worldofflowerpots.com\/pl\/wp-json\/wp\/v2\/media?parent=56248"}],"wp:term":[{"taxonomy":"product_brand","embeddable":true,"href":"https:\/\/worldofflowerpots.com\/pl\/wp-json\/wp\/v2\/product_brand?post=56248"},{"taxonomy":"product_cat","embeddable":true,"href":"https:\/\/worldofflowerpots.com\/pl\/wp-json\/wp\/v2\/product_cat?post=56248"},{"taxonomy":"product_tag","embeddable":true,"href":"https:\/\/worldofflowerpots.com\/pl\/wp-json\/wp\/v2\/product_tag?post=56248"}],"curies":[{"name":"wp","href":"https:\/\/api.w.org\/{rel}","templated":true}]}}