{"id":56274,"date":"2019-03-22T12:14:30","date_gmt":"2019-03-22T11:14:30","guid":{"rendered":"https:\/\/worldofflowerpots.com\/?post_type=product&#038;p=56274"},"modified":"2019-04-05T11:04:47","modified_gmt":"2019-04-05T09:04:47","slug":"donice-w-ogrodzie-antonio-4","status":"publish","type":"product","link":"https:\/\/worldofflowerpots.com\/pl\/sklep\/donice-w-ogrodzie-antonio-4\/","title":{"rendered":"Donice w ogrodzie Antonio 4"},"content":{"rendered":"<h2>Plastikowa donica ogrodowa Antonio 4<\/h2>\n<p>Dom stanowi kawa\u0142ek \u015bwiata, kt\u00f3ry przystosowali\u015bmy do w\u0142asnych potrzeb. Ogr\u00f3d za\u015b jest cz\u0105stk\u0105 natury, kt\u00f3ra zaspokaja nasze potrzeby zachowuj\u0105c nieco ze swojego pierwotnego charakteru. Ro\u015bliny, kt\u00f3rych nie mo\u017cemy przestawia\u0107 jak mebli, ziemia, kt\u00f3rej nie mo\u017cemy zamiata\u0107 jak posadzki, owady i ptaki jak niezapowiedziani go\u015bcie&#8230; O uroku ogrodu stanowi fakt, \u017ce nigdy nie b\u0119dzie on nam tak uleg\u0142y jak wn\u0119trze mieszkania. Przebywanie w nim pozwala nam poczu\u0107, \u017ce czasami sprawy tocz\u0105 si\u0119 pi\u0119knie nawet bez naszego wysi\u0142ku. Jednak przydomowy zieleniec nie mo\u017ce pozostawa\u0107 ca\u0142kowicie poza nasz\u0105 kontrol\u0105, by nie przerodzi\u0142 si\u0119 we fragment dzikiej puszczy. Potrzeba nam sposob\u00f3w, by sk\u0142oni\u0107 natur\u0119 do wsp\u00f3\u0142pracy. Tu na scen\u0119 wchodz\u0105 skalniaki, wysypane \u017cwirem i brukowane \u015bcie\u017cki, parkany, czy wreszcie zmy\u015blnie rozlokowane donice w ogrodzie.<\/p>\n<h2>Sztuka wsp\u00f3\u0142pracy<\/h2>\n<p>Donica Antonio 4 ma prosty kszta\u0142t sze\u015bcianu o boku 70 cm i jest zbudowana z kompozytu w\u0142\u00f3kna szklanego. Materia\u0142 ten jest ca\u0142kowicie odporny na wilgo\u0107, nie powstaj\u0105 na nim trwa\u0142e zacieki i \u0142atwo utrzyma\u0107 go w czysto\u015bci. R\u00f3wne, g\u0142adkie i po\u0142yskuj\u0105ce \u015bciany w po\u0142\u0105czeniu z oszcz\u0119dn\u0105 form\u0105 sprawiaj\u0105, \u017ce charakter tej donicy najtrafniej okre\u015bli\u0107 mo\u017cna jako minimalistyczny. \u00d3w minimalizm pozwala znale\u017a\u0107 dla niej zastosowanie bez wzgl\u0119du na to, jak daleko chcemy posun\u0105\u0107 si\u0119 ingeruj\u0105c w charakter ogrodu. Niewa\u017cne, czy chodzi o podkre\u015blenie uroku wspaniale rozwijaj\u0105cej si\u0119 flory, przemy\u015blanego uk\u0142adu przestrzeni, czy te\u017c o stworzenie miejsca do wypoczynku. Skromny urok donicy Antonio 4 b\u0119dzie wsp\u00f3\u0142gra\u0142 z ka\u017cdym projektem. Jej prostota w ka\u017cdej aran\u017cacji pos\u0142u\u017cy za neutralny element pomagaj\u0105cy podkre\u015bli\u0107 pi\u0119kno naszego przydomowego ziele\u0144ca.<\/p>\n<h2>Niezawodna w ka\u017cdych warunkach<\/h2>\n<p>Plastikowe donice w ogrodzie musz\u0105 zwyci\u0119sko wychodzi\u0107 z konfrontacji z ci\u0119\u017ckimi warunkami pogodowymi. Niezb\u0119dna wobec takich wyzwa\u0144 odporno\u015b\u0107 sprawia, \u017ce b\u0119d\u0105 nam bezproblemowo s\u0142u\u017cy\u0107 w\u0142a\u015bciwie w dowolnym miejscu. Wewn\u0105trz domu, na balkonie albo na tarasie b\u0119d\u0105 spisywa\u0142y si\u0119 r\u00f3wnie dobrze. W samym ogrodzie Antonio 4 b\u0119dzie stanowi\u0142a wa\u017cny element dekoracji. W\u015br\u00f3d pieczo\u0142owicie utrzymanych, r\u00f3wnych trawnik\u00f3w i precyzyjnie dobranych ro\u015blin ozdobnych podkre\u015bli elegancj\u0119 takiego rozwi\u0105zania. W ogrodzie naturalnym za\u015b stanie si\u0119 wymownym sygna\u0142em, \u017ce nad pozorn\u0105 swobod\u0105 panuje ogrodnik o wyrobionym smaku.<\/p>\n","protected":false},"excerpt":{"rendered":"<p>Donica plastikowa Antonio 4 z w\u0142\u00f3kna szklanego oraz \u017cywicy. Do stosowania jako donica lub jako os\u0142onka. Donice dost\u0119pne we wszystkich kolorach palety RAL w wersji matowej. Donice s\u0105 wyposa\u017cone w otwory odp\u0142ywowe w dnie (na wyra\u017ane \u017cyczenie klienta mo\u017ce zosta\u0107 wykonana bez otworu odp\u0142ywowego), boczne \u015bcianki wy\u0142o\u017cone s\u0105 styropianem. Wymiary donicy: d\u0142ugo\u015b\u0107: 70 cm, szeroko\u015b\u0107: 70 cm, wysoko\u015b\u0107: 70 cm.<\/p>\n","protected":false},"featured_media":57504,"template":"","meta":{"_acf_changed":false},"product_brand":[],"product_cat":[205],"product_tag":[],"class_list":{"0":"post-56274","1":"product","2":"type-product","3":"status-publish","4":"has-post-thumbnail","6":"product_cat-donice-z-wlokna-szklanego-plastiku","7":"description-off","8":"tm-has-options","10":"first","11":"instock","12":"shipping-taxable","13":"purchasable","14":"product-type-simple"},"acf":[],"yoast_head":"<!-- This site is optimized with the Yoast SEO plugin v27.5 - https:\/\/yoast.com\/product\/yoast-seo-wordpress\/ -->\n<title>Donice w ogrodzie Antonio 4 - dla r\u00f3\u017cnych ro\u015blin zielonych i kwiatn\u0105cych<\/title>\n<meta name=\"description\" content=\"Donice w ogrodzie musz\u0105 zwyci\u0119sko wychodzi\u0107 z konfrontacji z ci\u0119\u017ckimi warunkami pogodowymi. Donice z w\u0142okna szklanego radz\u0105 sobie z tym perfekcyjnie.\" \/>\n<meta name=\"robots\" content=\"index, follow, max-snippet:-1, max-image-preview:large, max-video-preview:-1\" \/>\n<link rel=\"canonical\" href=\"https:\/\/worldofflowerpots.com\/sklep\/donice-w-ogrodzie-antonio-4\/\" \/>\n<meta property=\"og:locale\" content=\"pl_PL\" \/>\n<meta property=\"og:type\" content=\"article\" \/>\n<meta property=\"og:title\" content=\"Donice w ogrodzie Antonio 4 - dla r\u00f3\u017cnych ro\u015blin zielonych i kwiatn\u0105cych\" \/>\n<meta property=\"og:description\" content=\"Donice w ogrodzie musz\u0105 zwyci\u0119sko wychodzi\u0107 z konfrontacji z ci\u0119\u017ckimi warunkami pogodowymi. Donice z w\u0142okna szklanego radz\u0105 sobie z tym perfekcyjnie.\" \/>\n<meta property=\"og:url\" content=\"https:\/\/worldofflowerpots.com\/sklep\/donice-w-ogrodzie-antonio-4\/\" \/>\n<meta property=\"og:site_name\" content=\"World of Flowerpots\" \/>\n<meta property=\"article:modified_time\" content=\"2019-04-05T09:04:47+00:00\" \/>\n<meta property=\"og:image\" content=\"https:\/\/worldofflowerpots.com\/wp-content\/uploads\/2019\/03\/donice-w-ogrodzie-Antonio_4.png\" \/>\n\t<meta property=\"og:image:width\" content=\"1920\" \/>\n\t<meta property=\"og:image:height\" content=\"1080\" \/>\n\t<meta property=\"og:image:type\" content=\"image\/png\" \/>\n<meta name=\"twitter:card\" content=\"summary_large_image\" \/>\n<meta name=\"twitter:label1\" content=\"Szacowany czas czytania\" \/>\n\t<meta name=\"twitter:data1\" content=\"2 minuty\" \/>\n<script type=\"application\/ld+json\" class=\"yoast-schema-graph\">{\"@context\":\"https:\\\/\\\/schema.org\",\"@graph\":[{\"@type\":\"WebPage\",\"@id\":\"https:\\\/\\\/worldofflowerpots.com\\\/sklep\\\/donice-w-ogrodzie-antonio-4\\\/\",\"url\":\"https:\\\/\\\/worldofflowerpots.com\\\/sklep\\\/donice-w-ogrodzie-antonio-4\\\/\",\"name\":\"Donice w ogrodzie Antonio 4 - dla r\u00f3\u017cnych ro\u015blin zielonych i kwiatn\u0105cych\",\"isPartOf\":{\"@id\":\"https:\\\/\\\/worldofflowerpots.com\\\/#website\"},\"primaryImageOfPage\":{\"@id\":\"https:\\\/\\\/worldofflowerpots.com\\\/sklep\\\/donice-w-ogrodzie-antonio-4\\\/#primaryimage\"},\"image\":{\"@id\":\"https:\\\/\\\/worldofflowerpots.com\\\/sklep\\\/donice-w-ogrodzie-antonio-4\\\/#primaryimage\"},\"thumbnailUrl\":\"https:\\\/\\\/worldofflowerpots.com\\\/wp-content\\\/uploads\\\/2019\\\/03\\\/donice-w-ogrodzie-Antonio_4.png\",\"datePublished\":\"2019-03-22T11:14:30+00:00\",\"dateModified\":\"2019-04-05T09:04:47+00:00\",\"description\":\"Donice w ogrodzie musz\u0105 zwyci\u0119sko wychodzi\u0107 z konfrontacji z ci\u0119\u017ckimi warunkami pogodowymi. Donice z w\u0142okna szklanego radz\u0105 sobie z tym perfekcyjnie.\",\"breadcrumb\":{\"@id\":\"https:\\\/\\\/worldofflowerpots.com\\\/sklep\\\/donice-w-ogrodzie-antonio-4\\\/#breadcrumb\"},\"inLanguage\":\"pl-PL\",\"potentialAction\":[{\"@type\":\"ReadAction\",\"target\":[\"https:\\\/\\\/worldofflowerpots.com\\\/sklep\\\/donice-w-ogrodzie-antonio-4\\\/\"]}]},{\"@type\":\"ImageObject\",\"inLanguage\":\"pl-PL\",\"@id\":\"https:\\\/\\\/worldofflowerpots.com\\\/sklep\\\/donice-w-ogrodzie-antonio-4\\\/#primaryimage\",\"url\":\"https:\\\/\\\/worldofflowerpots.com\\\/wp-content\\\/uploads\\\/2019\\\/03\\\/donice-w-ogrodzie-Antonio_4.png\",\"contentUrl\":\"https:\\\/\\\/worldofflowerpots.com\\\/wp-content\\\/uploads\\\/2019\\\/03\\\/donice-w-ogrodzie-Antonio_4.png\",\"width\":1920,\"height\":1080},{\"@type\":\"BreadcrumbList\",\"@id\":\"https:\\\/\\\/worldofflowerpots.com\\\/sklep\\\/donice-w-ogrodzie-antonio-4\\\/#breadcrumb\",\"itemListElement\":[{\"@type\":\"ListItem\",\"position\":1,\"name\":\"Strona g\u0142\u00f3wna\",\"item\":\"https:\\\/\\\/worldofflowerpots.com\\\/\"},{\"@type\":\"ListItem\",\"position\":2,\"name\":\"Sklep\",\"item\":\"https:\\\/\\\/worldofflowerpots.com\\\/sklep\\\/\"},{\"@type\":\"ListItem\",\"position\":3,\"name\":\"Donice w ogrodzie Antonio 4\"}]},{\"@type\":\"WebSite\",\"@id\":\"https:\\\/\\\/worldofflowerpots.com\\\/#website\",\"url\":\"https:\\\/\\\/worldofflowerpots.com\\\/\",\"name\":\"World of Flowerpots\",\"description\":\"producent donic ozdobnych\",\"potentialAction\":[{\"@type\":\"SearchAction\",\"target\":{\"@type\":\"EntryPoint\",\"urlTemplate\":\"https:\\\/\\\/worldofflowerpots.com\\\/?s={search_term_string}\"},\"query-input\":{\"@type\":\"PropertyValueSpecification\",\"valueRequired\":true,\"valueName\":\"search_term_string\"}}],\"inLanguage\":\"pl-PL\"}]}<\/script>\n<!-- \/ Yoast SEO plugin. -->","yoast_head_json":{"title":"Donice w ogrodzie Antonio 4 - dla r\u00f3\u017cnych ro\u015blin zielonych i kwiatn\u0105cych","description":"Donice w ogrodzie musz\u0105 zwyci\u0119sko wychodzi\u0107 z konfrontacji z ci\u0119\u017ckimi warunkami pogodowymi. Donice z w\u0142okna szklanego radz\u0105 sobie z tym perfekcyjnie.","robots":{"index":"index","follow":"follow","max-snippet":"max-snippet:-1","max-image-preview":"max-image-preview:large","max-video-preview":"max-video-preview:-1"},"canonical":"https:\/\/worldofflowerpots.com\/sklep\/donice-w-ogrodzie-antonio-4\/","og_locale":"pl_PL","og_type":"article","og_title":"Donice w ogrodzie Antonio 4 - dla r\u00f3\u017cnych ro\u015blin zielonych i kwiatn\u0105cych","og_description":"Donice w ogrodzie musz\u0105 zwyci\u0119sko wychodzi\u0107 z konfrontacji z ci\u0119\u017ckimi warunkami pogodowymi. Donice z w\u0142okna szklanego radz\u0105 sobie z tym perfekcyjnie.","og_url":"https:\/\/worldofflowerpots.com\/sklep\/donice-w-ogrodzie-antonio-4\/","og_site_name":"World of Flowerpots","article_modified_time":"2019-04-05T09:04:47+00:00","og_image":[{"width":1920,"height":1080,"url":"https:\/\/worldofflowerpots.com\/wp-content\/uploads\/2019\/03\/donice-w-ogrodzie-Antonio_4.png","type":"image\/png"}],"twitter_card":"summary_large_image","twitter_misc":{"Szacowany czas czytania":"2 minuty"},"schema":{"@context":"https:\/\/schema.org","@graph":[{"@type":"WebPage","@id":"https:\/\/worldofflowerpots.com\/sklep\/donice-w-ogrodzie-antonio-4\/","url":"https:\/\/worldofflowerpots.com\/sklep\/donice-w-ogrodzie-antonio-4\/","name":"Donice w ogrodzie Antonio 4 - dla r\u00f3\u017cnych ro\u015blin zielonych i kwiatn\u0105cych","isPartOf":{"@id":"https:\/\/worldofflowerpots.com\/#website"},"primaryImageOfPage":{"@id":"https:\/\/worldofflowerpots.com\/sklep\/donice-w-ogrodzie-antonio-4\/#primaryimage"},"image":{"@id":"https:\/\/worldofflowerpots.com\/sklep\/donice-w-ogrodzie-antonio-4\/#primaryimage"},"thumbnailUrl":"https:\/\/worldofflowerpots.com\/wp-content\/uploads\/2019\/03\/donice-w-ogrodzie-Antonio_4.png","datePublished":"2019-03-22T11:14:30+00:00","dateModified":"2019-04-05T09:04:47+00:00","description":"Donice w ogrodzie musz\u0105 zwyci\u0119sko wychodzi\u0107 z konfrontacji z ci\u0119\u017ckimi warunkami pogodowymi. Donice z w\u0142okna szklanego radz\u0105 sobie z tym perfekcyjnie.","breadcrumb":{"@id":"https:\/\/worldofflowerpots.com\/sklep\/donice-w-ogrodzie-antonio-4\/#breadcrumb"},"inLanguage":"pl-PL","potentialAction":[{"@type":"ReadAction","target":["https:\/\/worldofflowerpots.com\/sklep\/donice-w-ogrodzie-antonio-4\/"]}]},{"@type":"ImageObject","inLanguage":"pl-PL","@id":"https:\/\/worldofflowerpots.com\/sklep\/donice-w-ogrodzie-antonio-4\/#primaryimage","url":"https:\/\/worldofflowerpots.com\/wp-content\/uploads\/2019\/03\/donice-w-ogrodzie-Antonio_4.png","contentUrl":"https:\/\/worldofflowerpots.com\/wp-content\/uploads\/2019\/03\/donice-w-ogrodzie-Antonio_4.png","width":1920,"height":1080},{"@type":"BreadcrumbList","@id":"https:\/\/worldofflowerpots.com\/sklep\/donice-w-ogrodzie-antonio-4\/#breadcrumb","itemListElement":[{"@type":"ListItem","position":1,"name":"Strona g\u0142\u00f3wna","item":"https:\/\/worldofflowerpots.com\/"},{"@type":"ListItem","position":2,"name":"Sklep","item":"https:\/\/worldofflowerpots.com\/sklep\/"},{"@type":"ListItem","position":3,"name":"Donice w ogrodzie Antonio 4"}]},{"@type":"WebSite","@id":"https:\/\/worldofflowerpots.com\/#website","url":"https:\/\/worldofflowerpots.com\/","name":"World of Flowerpots","description":"producent donic ozdobnych","potentialAction":[{"@type":"SearchAction","target":{"@type":"EntryPoint","urlTemplate":"https:\/\/worldofflowerpots.com\/?s={search_term_string}"},"query-input":{"@type":"PropertyValueSpecification","valueRequired":true,"valueName":"search_term_string"}}],"inLanguage":"pl-PL"}]}},"_links":{"self":[{"href":"https:\/\/worldofflowerpots.com\/pl\/wp-json\/wp\/v2\/product\/56274","targetHints":{"allow":["GET"]}}],"collection":[{"href":"https:\/\/worldofflowerpots.com\/pl\/wp-json\/wp\/v2\/product"}],"about":[{"href":"https:\/\/worldofflowerpots.com\/pl\/wp-json\/wp\/v2\/types\/product"}],"wp:featuredmedia":[{"embeddable":true,"href":"https:\/\/worldofflowerpots.com\/pl\/wp-json\/wp\/v2\/media\/57504"}],"wp:attachment":[{"href":"https:\/\/worldofflowerpots.com\/pl\/wp-json\/wp\/v2\/media?parent=56274"}],"wp:term":[{"taxonomy":"product_brand","embeddable":true,"href":"https:\/\/worldofflowerpots.com\/pl\/wp-json\/wp\/v2\/product_brand?post=56274"},{"taxonomy":"product_cat","embeddable":true,"href":"https:\/\/worldofflowerpots.com\/pl\/wp-json\/wp\/v2\/product_cat?post=56274"},{"taxonomy":"product_tag","embeddable":true,"href":"https:\/\/worldofflowerpots.com\/pl\/wp-json\/wp\/v2\/product_tag?post=56274"}],"curies":[{"name":"wp","href":"https:\/\/api.w.org\/{rel}","templated":true}]}}