{"id":56289,"date":"2019-03-22T12:49:44","date_gmt":"2019-03-22T11:49:44","guid":{"rendered":"https:\/\/worldofflowerpots.com\/?post_type=product&#038;p=56289"},"modified":"2019-04-05T11:00:46","modified_gmt":"2019-04-05T09:00:46","slug":"donice-ogrodowe-plastikowe-antonio-5","status":"publish","type":"product","link":"https:\/\/worldofflowerpots.com\/pl\/sklep\/donice-ogrodowe-plastikowe-antonio-5\/","title":{"rendered":"Donice ogrodowe plastikowe Antonio 5"},"content":{"rendered":"<h2>Wymarzony ogr\u00f3d<\/h2>\n<p>Pi\u0119kny ogr\u00f3d stanowi balsam dla duszy mi\u0142o\u015bnik\u00f3w zieleni. Zaspokaja drzemi\u0105ce w nich g\u0142\u0119boko pragnienie obcowania z natur\u0105, jednak w spos\u00f3b ca\u0142kowicie bezpieczny i na ich zasadach. Bujna ro\u015blinno\u015b\u0107 stanowi alternatyw\u0119 dla uporz\u0105dkowanej i cz\u0119sto niemal sterylnie wysprz\u0105tanej przestrzeni mieszkania. Nie oznacza to, oczywi\u015bcie, \u017ce ogr\u00f3d jest domen\u0105 nieposkromionego chaosu. Dbanie o niego i porz\u0105dkowanie go dla wielu ludzi stanowi jedno z najprzyjemniejszych zaj\u0119\u0107 w czasie wolnym. Jednak sposoby dopasowywania natury do w\u0142asnych potrzeb i pragnie\u0144 z konieczno\u015bci r\u00f3\u017cni\u0105 si\u0119 od tych sprawdzaj\u0105cych si\u0119 wewn\u0105trz domu. Potrzebne s\u0105 rozwi\u0105zania solidne i u\u017cyteczne, kt\u00f3re pozwol\u0105 zrealizowa\u0107 ogrodniczy zamys\u0142 z poszanowaniem charakteru ro\u015blin, w\u015br\u00f3d kt\u00f3rych zaprowadzamy porz\u0105dek. Takim rozwi\u0105zaniem s\u0105 mi\u0119dzy innymi plastikowe donice ogrodowe.<\/p>\n<h2>Pi\u0119kna forma i wysoka funkcjonalno\u015b\u0107<\/h2>\n<p>Donica z tworzywa sztucznego Antonio 5 jest prosta i elegancka. Jej g\u0142adkie i pozbawione zb\u0119dnych, z g\u00f3ry narzucaj\u0105cych okre\u015blony styl ozdobnik\u00f3w \u015bciany buduj\u0105 neutralne t\u0142o podkre\u015blaj\u0105ce urok posadzonych w niej ro\u015blin. Nieskomplikowany, prostopad\u0142o\u015bcienny kszta\u0142t u\u0142atwia uwzgl\u0119dnienie tej donicy przy planowaniu przestrzeni, a dzi\u0119ki swojej symetrii wygl\u0105da korzystnie w ka\u017cdym u\u0142o\u017ceniu. Kolejnym czynnikiem stanowi\u0105cym o wyj\u0105tkowo\u015bci Antonio 5 jest kompozyt w\u0142\u00f3kna szklanego, z kt\u00f3rego jest wykonana. Ten nowoczesny materia\u0142 jest odporny na potencjalnie negatywny wp\u0142yw kapry\u015bnej pogody, a korozja jest mu ca\u0142kowicie obca. Jego g\u0142adka, powierzchnia nie przyjmuje trwa\u0142ych zabrudze\u0144 i nie przysparza problem\u00f3w przy dora\u017anym czyszczeniu. Tworzywo to jest ponadto bardzo lekkie, co mo\u017ce okaza\u0107 si\u0119 wielkim u\u0142atwieniem przy wiosennym od\u015bwie\u017caniu ogrodu, albo zmianie jego aran\u017cacji.<\/p>\n<h2>Wszechstronne zastosowanie<\/h2>\n<p>Antonio 5 ma wymiary 80 cm na 80 cm przy wysoko\u015bci 60 cm. Wspomniana odporno\u015b\u0107 na warunki atmosferyczne sprawia, \u017ce plastikowe donice ogrodowe sprawdz\u0105 si\u0119 praktycznie wsz\u0119dzie. Biuro, balkon, taras, czy sam ogr\u00f3d\u00a0\u2013\u00a0wsz\u0119dzie mo\u017cna liczy\u0107, \u017ce b\u0119d\u0105 nam s\u0142u\u017cy\u0142y d\u0142ugo i bezproblemowo. Nowoczesny design i elegancka prostota nasuwa skojarzenia z szykownie urz\u0105dzonym wn\u0119trzem w minimalistycznym stylu. Jednak na zewn\u0105trz dla Antonio 5 te\u017c znajdzie si\u0119 miejsce. W \u015bci\u015ble zaplanowanym, nowoczesnym ogrodzie, w towarzystwie bia\u0142ego \u017cwiru i kr\u00f3tko strzy\u017conych trawnik\u00f3w podkre\u015bli ogrom dba\u0142o\u015bci w\u0142o\u017cony w osi\u0105gni\u0119cie nieskazitelnego efektu. Z kolei w aran\u017cacjach bardziej naturalnych jej prosta bry\u0142a i elegancka powierzchnia b\u0119d\u0105 stanowi\u0142y intryguj\u0105cy detal w\u015br\u00f3d k\u0119p kwiat\u00f3w i soczystych li\u015bci.<\/p>\n","protected":false},"excerpt":{"rendered":"<p>Donica plastikowa Antonio 5 z w\u0142\u00f3kna szklanego oraz \u017cywicy. Do stosowania jako donica lub jako os\u0142onka. Donice dost\u0119pne we wszystkich kolorach palety RAL w wersji matowej. Donice s\u0105 wyposa\u017cone w otwory odp\u0142ywowe w dnie (na wyra\u017ane \u017cyczenie klienta mo\u017ce zosta\u0107 wykonana bez otworu odp\u0142ywowego), boczne \u015bcianki wy\u0142o\u017cone s\u0105 styropianem. Wymiary donicy: d\u0142ugo\u015b\u0107: 80 cm, szeroko\u015b\u0107: 80 cm, wysoko\u015b\u0107: 60 cm.<\/p>\n","protected":false},"featured_media":57494,"template":"","meta":{"_acf_changed":false},"product_brand":[],"product_cat":[205],"product_tag":[],"class_list":{"0":"post-56289","1":"product","2":"type-product","3":"status-publish","4":"has-post-thumbnail","6":"product_cat-donice-z-wlokna-szklanego-plastiku","7":"description-off","8":"tm-has-options","10":"first","11":"instock","12":"shipping-taxable","13":"purchasable","14":"product-type-simple"},"acf":[],"yoast_head":"<!-- This site is optimized with the Yoast SEO plugin v27.5 - https:\/\/yoast.com\/product\/yoast-seo-wordpress\/ -->\n<title>Donice ogrodowe plastikowe Antonio 5<\/title>\n<meta name=\"description\" content=\"Odporno\u015b\u0107 zastosowanego w\u0142\u00f3kna szklanego na warunki atmosferyczne sprawia, \u017ce donice ogrodowe plastikowe sprawdz\u0105 si\u0119 praktycznie wsz\u0119dzie.\" \/>\n<meta name=\"robots\" content=\"index, follow, max-snippet:-1, max-image-preview:large, max-video-preview:-1\" \/>\n<link rel=\"canonical\" href=\"https:\/\/worldofflowerpots.com\/sklep\/donice-ogrodowe-plastikowe-antonio-5\/\" \/>\n<meta property=\"og:locale\" content=\"pl_PL\" \/>\n<meta property=\"og:type\" content=\"article\" \/>\n<meta property=\"og:title\" content=\"Donice ogrodowe plastikowe Antonio 5\" \/>\n<meta property=\"og:description\" content=\"Odporno\u015b\u0107 zastosowanego w\u0142\u00f3kna szklanego na warunki atmosferyczne sprawia, \u017ce donice ogrodowe plastikowe sprawdz\u0105 si\u0119 praktycznie wsz\u0119dzie.\" \/>\n<meta property=\"og:url\" content=\"https:\/\/worldofflowerpots.com\/sklep\/donice-ogrodowe-plastikowe-antonio-5\/\" \/>\n<meta property=\"og:site_name\" content=\"World of Flowerpots\" \/>\n<meta property=\"article:modified_time\" content=\"2019-04-05T09:00:46+00:00\" \/>\n<meta property=\"og:image\" content=\"https:\/\/worldofflowerpots.com\/wp-content\/uploads\/2019\/03\/donice-ogrodowe-plastikowe-Antonio_5.png\" \/>\n\t<meta property=\"og:image:width\" content=\"1920\" \/>\n\t<meta property=\"og:image:height\" content=\"1080\" \/>\n\t<meta property=\"og:image:type\" content=\"image\/png\" \/>\n<meta name=\"twitter:card\" content=\"summary_large_image\" \/>\n<meta name=\"twitter:label1\" content=\"Szacowany czas czytania\" \/>\n\t<meta name=\"twitter:data1\" content=\"2 minuty\" \/>\n<script type=\"application\/ld+json\" class=\"yoast-schema-graph\">{\"@context\":\"https:\\\/\\\/schema.org\",\"@graph\":[{\"@type\":\"WebPage\",\"@id\":\"https:\\\/\\\/worldofflowerpots.com\\\/sklep\\\/donice-ogrodowe-plastikowe-antonio-5\\\/\",\"url\":\"https:\\\/\\\/worldofflowerpots.com\\\/sklep\\\/donice-ogrodowe-plastikowe-antonio-5\\\/\",\"name\":\"Donice ogrodowe plastikowe Antonio 5\",\"isPartOf\":{\"@id\":\"https:\\\/\\\/worldofflowerpots.com\\\/#website\"},\"primaryImageOfPage\":{\"@id\":\"https:\\\/\\\/worldofflowerpots.com\\\/sklep\\\/donice-ogrodowe-plastikowe-antonio-5\\\/#primaryimage\"},\"image\":{\"@id\":\"https:\\\/\\\/worldofflowerpots.com\\\/sklep\\\/donice-ogrodowe-plastikowe-antonio-5\\\/#primaryimage\"},\"thumbnailUrl\":\"https:\\\/\\\/worldofflowerpots.com\\\/wp-content\\\/uploads\\\/2019\\\/03\\\/donice-ogrodowe-plastikowe-Antonio_5.png\",\"datePublished\":\"2019-03-22T11:49:44+00:00\",\"dateModified\":\"2019-04-05T09:00:46+00:00\",\"description\":\"Odporno\u015b\u0107 zastosowanego w\u0142\u00f3kna szklanego na warunki atmosferyczne sprawia, \u017ce donice ogrodowe plastikowe sprawdz\u0105 si\u0119 praktycznie wsz\u0119dzie.\",\"breadcrumb\":{\"@id\":\"https:\\\/\\\/worldofflowerpots.com\\\/sklep\\\/donice-ogrodowe-plastikowe-antonio-5\\\/#breadcrumb\"},\"inLanguage\":\"pl-PL\",\"potentialAction\":[{\"@type\":\"ReadAction\",\"target\":[\"https:\\\/\\\/worldofflowerpots.com\\\/sklep\\\/donice-ogrodowe-plastikowe-antonio-5\\\/\"]}]},{\"@type\":\"ImageObject\",\"inLanguage\":\"pl-PL\",\"@id\":\"https:\\\/\\\/worldofflowerpots.com\\\/sklep\\\/donice-ogrodowe-plastikowe-antonio-5\\\/#primaryimage\",\"url\":\"https:\\\/\\\/worldofflowerpots.com\\\/wp-content\\\/uploads\\\/2019\\\/03\\\/donice-ogrodowe-plastikowe-Antonio_5.png\",\"contentUrl\":\"https:\\\/\\\/worldofflowerpots.com\\\/wp-content\\\/uploads\\\/2019\\\/03\\\/donice-ogrodowe-plastikowe-Antonio_5.png\",\"width\":1920,\"height\":1080},{\"@type\":\"BreadcrumbList\",\"@id\":\"https:\\\/\\\/worldofflowerpots.com\\\/sklep\\\/donice-ogrodowe-plastikowe-antonio-5\\\/#breadcrumb\",\"itemListElement\":[{\"@type\":\"ListItem\",\"position\":1,\"name\":\"Strona g\u0142\u00f3wna\",\"item\":\"https:\\\/\\\/worldofflowerpots.com\\\/\"},{\"@type\":\"ListItem\",\"position\":2,\"name\":\"Sklep\",\"item\":\"https:\\\/\\\/worldofflowerpots.com\\\/sklep\\\/\"},{\"@type\":\"ListItem\",\"position\":3,\"name\":\"Donice ogrodowe plastikowe Antonio 5\"}]},{\"@type\":\"WebSite\",\"@id\":\"https:\\\/\\\/worldofflowerpots.com\\\/#website\",\"url\":\"https:\\\/\\\/worldofflowerpots.com\\\/\",\"name\":\"World of Flowerpots\",\"description\":\"producent donic ozdobnych\",\"potentialAction\":[{\"@type\":\"SearchAction\",\"target\":{\"@type\":\"EntryPoint\",\"urlTemplate\":\"https:\\\/\\\/worldofflowerpots.com\\\/?s={search_term_string}\"},\"query-input\":{\"@type\":\"PropertyValueSpecification\",\"valueRequired\":true,\"valueName\":\"search_term_string\"}}],\"inLanguage\":\"pl-PL\"}]}<\/script>\n<!-- \/ Yoast SEO plugin. -->","yoast_head_json":{"title":"Donice ogrodowe plastikowe Antonio 5","description":"Odporno\u015b\u0107 zastosowanego w\u0142\u00f3kna szklanego na warunki atmosferyczne sprawia, \u017ce donice ogrodowe plastikowe sprawdz\u0105 si\u0119 praktycznie wsz\u0119dzie.","robots":{"index":"index","follow":"follow","max-snippet":"max-snippet:-1","max-image-preview":"max-image-preview:large","max-video-preview":"max-video-preview:-1"},"canonical":"https:\/\/worldofflowerpots.com\/sklep\/donice-ogrodowe-plastikowe-antonio-5\/","og_locale":"pl_PL","og_type":"article","og_title":"Donice ogrodowe plastikowe Antonio 5","og_description":"Odporno\u015b\u0107 zastosowanego w\u0142\u00f3kna szklanego na warunki atmosferyczne sprawia, \u017ce donice ogrodowe plastikowe sprawdz\u0105 si\u0119 praktycznie wsz\u0119dzie.","og_url":"https:\/\/worldofflowerpots.com\/sklep\/donice-ogrodowe-plastikowe-antonio-5\/","og_site_name":"World of Flowerpots","article_modified_time":"2019-04-05T09:00:46+00:00","og_image":[{"width":1920,"height":1080,"url":"https:\/\/worldofflowerpots.com\/wp-content\/uploads\/2019\/03\/donice-ogrodowe-plastikowe-Antonio_5.png","type":"image\/png"}],"twitter_card":"summary_large_image","twitter_misc":{"Szacowany czas czytania":"2 minuty"},"schema":{"@context":"https:\/\/schema.org","@graph":[{"@type":"WebPage","@id":"https:\/\/worldofflowerpots.com\/sklep\/donice-ogrodowe-plastikowe-antonio-5\/","url":"https:\/\/worldofflowerpots.com\/sklep\/donice-ogrodowe-plastikowe-antonio-5\/","name":"Donice ogrodowe plastikowe Antonio 5","isPartOf":{"@id":"https:\/\/worldofflowerpots.com\/#website"},"primaryImageOfPage":{"@id":"https:\/\/worldofflowerpots.com\/sklep\/donice-ogrodowe-plastikowe-antonio-5\/#primaryimage"},"image":{"@id":"https:\/\/worldofflowerpots.com\/sklep\/donice-ogrodowe-plastikowe-antonio-5\/#primaryimage"},"thumbnailUrl":"https:\/\/worldofflowerpots.com\/wp-content\/uploads\/2019\/03\/donice-ogrodowe-plastikowe-Antonio_5.png","datePublished":"2019-03-22T11:49:44+00:00","dateModified":"2019-04-05T09:00:46+00:00","description":"Odporno\u015b\u0107 zastosowanego w\u0142\u00f3kna szklanego na warunki atmosferyczne sprawia, \u017ce donice ogrodowe plastikowe sprawdz\u0105 si\u0119 praktycznie wsz\u0119dzie.","breadcrumb":{"@id":"https:\/\/worldofflowerpots.com\/sklep\/donice-ogrodowe-plastikowe-antonio-5\/#breadcrumb"},"inLanguage":"pl-PL","potentialAction":[{"@type":"ReadAction","target":["https:\/\/worldofflowerpots.com\/sklep\/donice-ogrodowe-plastikowe-antonio-5\/"]}]},{"@type":"ImageObject","inLanguage":"pl-PL","@id":"https:\/\/worldofflowerpots.com\/sklep\/donice-ogrodowe-plastikowe-antonio-5\/#primaryimage","url":"https:\/\/worldofflowerpots.com\/wp-content\/uploads\/2019\/03\/donice-ogrodowe-plastikowe-Antonio_5.png","contentUrl":"https:\/\/worldofflowerpots.com\/wp-content\/uploads\/2019\/03\/donice-ogrodowe-plastikowe-Antonio_5.png","width":1920,"height":1080},{"@type":"BreadcrumbList","@id":"https:\/\/worldofflowerpots.com\/sklep\/donice-ogrodowe-plastikowe-antonio-5\/#breadcrumb","itemListElement":[{"@type":"ListItem","position":1,"name":"Strona g\u0142\u00f3wna","item":"https:\/\/worldofflowerpots.com\/"},{"@type":"ListItem","position":2,"name":"Sklep","item":"https:\/\/worldofflowerpots.com\/sklep\/"},{"@type":"ListItem","position":3,"name":"Donice ogrodowe plastikowe Antonio 5"}]},{"@type":"WebSite","@id":"https:\/\/worldofflowerpots.com\/#website","url":"https:\/\/worldofflowerpots.com\/","name":"World of Flowerpots","description":"producent donic ozdobnych","potentialAction":[{"@type":"SearchAction","target":{"@type":"EntryPoint","urlTemplate":"https:\/\/worldofflowerpots.com\/?s={search_term_string}"},"query-input":{"@type":"PropertyValueSpecification","valueRequired":true,"valueName":"search_term_string"}}],"inLanguage":"pl-PL"}]}},"_links":{"self":[{"href":"https:\/\/worldofflowerpots.com\/pl\/wp-json\/wp\/v2\/product\/56289","targetHints":{"allow":["GET"]}}],"collection":[{"href":"https:\/\/worldofflowerpots.com\/pl\/wp-json\/wp\/v2\/product"}],"about":[{"href":"https:\/\/worldofflowerpots.com\/pl\/wp-json\/wp\/v2\/types\/product"}],"wp:featuredmedia":[{"embeddable":true,"href":"https:\/\/worldofflowerpots.com\/pl\/wp-json\/wp\/v2\/media\/57494"}],"wp:attachment":[{"href":"https:\/\/worldofflowerpots.com\/pl\/wp-json\/wp\/v2\/media?parent=56289"}],"wp:term":[{"taxonomy":"product_brand","embeddable":true,"href":"https:\/\/worldofflowerpots.com\/pl\/wp-json\/wp\/v2\/product_brand?post=56289"},{"taxonomy":"product_cat","embeddable":true,"href":"https:\/\/worldofflowerpots.com\/pl\/wp-json\/wp\/v2\/product_cat?post=56289"},{"taxonomy":"product_tag","embeddable":true,"href":"https:\/\/worldofflowerpots.com\/pl\/wp-json\/wp\/v2\/product_tag?post=56289"}],"curies":[{"name":"wp","href":"https:\/\/api.w.org\/{rel}","templated":true}]}}