{"id":56376,"date":"2019-03-25T10:00:21","date_gmt":"2019-03-25T09:00:21","guid":{"rendered":"https:\/\/worldofflowerpots.com\/?post_type=product&#038;p=56376"},"modified":"2019-04-04T08:56:41","modified_gmt":"2019-04-04T06:56:41","slug":"donice-xxl-alessio-15","status":"publish","type":"product","link":"https:\/\/worldofflowerpots.com\/pl\/sklep\/donice-xxl-alessio-15\/","title":{"rendered":"Donice XXL Alessio 15"},"content":{"rendered":"<h2>Donica XXL Alessio 15<\/h2>\n<p>Szukasz prostych, geometrycznych form, by nada\u0107 swojemu ogrodowi nowoczesnego charakteru? Zastanawiasz si\u0119 jak mo\u017cesz go m\u0105drze zagospodarowa\u0107, by jednocze\u015bnie nie przesadzi\u0107 z dekoracjami? Zale\u017cy Ci na zachowaniu minimalistycznego stylu, ale nie wiesz jak to osi\u0105gn\u0105\u0107 przy tak du\u017cym metra\u017cu? Donice XXL idealnie sprawdz\u0105 si\u0119 na du\u017cych przestrzeniach zar\u00f3wno indywidualnie, jak i w wi\u0119kszej grupie, a proste, geometryczne formy dopasuj\u0105 si\u0119 do ka\u017cdego ogrodu. A w okresie jesienno-zimowym mo\u017cesz r\u00f3wnie\u017c przenie\u015b\u0107 je do wn\u0119trza domu tworz\u0105c tym samym dodatkow\u0105, uniwersaln\u0105 dekoracj\u0119. Je\u015bli nie masz na to miejsca w domu nie trzeba si\u0119 tym martwi\u0107. Donice aluminiowe s\u0105 odporne na dzia\u0142anie niekorzystnych warunk\u00f3w pogodowych oraz korozj\u0119.<\/p>\n<h2>Prostota geometrii<\/h2>\n<p>Model Alessio 15 to zamkni\u0119ta w uniwersalnej formie sze\u015bcianu donica o du\u017cych rozmiarach. Dzi\u0119ki swojej prostocie stworzy doskona\u0142e dope\u0142nienie ka\u017cdego tarasu. Wykonana zosta\u0142a z aluminium, a szeroka paleta kolor\u00f3w RAL gwarantuje, \u017ce ka\u017cdy znajdzie odpowiedni\u0105 dla siebie wersj\u0119. Jej wymiary to d\u0142ugo\u015b\u0107: 120 cm, szeroko\u015b\u0107: 120 cm, wysoko\u015b\u0107: 120 cm, a waga 45 kg. Posiada otwory odp\u0142ywowe w dnie, zapewniaj\u0105c tym samym odpowiednie uj\u015bcie wody. Dzi\u0119ki temu nadaj\u0105 si\u0119 do ka\u017cdego gatunku ro\u015blin, minimalizuj\u0105c ryzyko powstania procesu gnilnego przy jednoczesnym zapewnieniu optymalnych warunk\u00f3w ich rozwoju.<\/p>\n<h2>Du\u017cy ogr\u00f3d? \u017baden problem<\/h2>\n<p>Donice XXL to idealne rozwi\u0105zanie dla w\u0142a\u015bcicieli du\u017cych teren\u00f3w zielonych, a proste, geometryczne formy dzi\u0119ki swojej uniwersalno\u015bci sprawdz\u0105 si\u0119 z ka\u017cdym rodzajem ro\u015blinno\u015bci. I cho\u0107 jedna donica mo\u017ce wydawa\u0107 si\u0119 niepozorna, to ustawienie kilku takich samych sztuk ko\u0142o siebie mo\u017ce stworzy\u0107 ciekaw\u0105 aran\u017cacj\u0119. Dodatkowo w zale\u017cno\u015bci od nastroju mo\u017cemy dowolnie modyfikowa\u0107 jej zawarto\u015b\u0107, wi\u0119c nigdy nam si\u0119 nie znudzi. Nie musimy r\u00f3wnie\u017c martwi\u0107 si\u0119, \u017ce posiadany ca\u0142y komplet mebli ogrodowych b\u0119dzie wymaga\u0142 wymiany. Minimalistyczne dodatki cz\u0119sto \u0142adnie komponuj\u0105 si\u0119 r\u00f3wnie\u017c z innymi stylami, nawet je\u015bli wizualnie troch\u0119 od siebie odbiegaj\u0105. Du\u017ce donice \u015bwietnie sprawdz\u0105 si\u0119 r\u00f3wnie\u017c we wn\u0119trzach &#8211; warto pami\u0119ta\u0107 jednak o zachowaniu odpowiednich proporcji i wybiera\u0107 je raczej do du\u017cych pomieszcze\u0144, utrzymanych w minimalistycznej i nowoczesnej estetyce. Wtedy b\u0119dziemy w stanie w pe\u0142ni wykorzysta\u0107 ich potencja\u0142, a ich zaaran\u017cowanie b\u0119dzie ograniczone jedynie przez nasz\u0105 wyobra\u017ani\u0119.<\/p>\n","protected":false},"excerpt":{"rendered":"<p>Donica aluminiowa Alessio 15 produkowana jest we wszystkich kolorach palety RAL. Donica produkowana jest w standardzie z otworami odp\u0142ywowymi. Waga to: 45 kg, a wymiary: d\u0142ugo\u015b\u0107: 120 cm, szeroko\u015b\u0107: 120 cm, wysoko\u015b\u0107: 120 cm. Zalecane stosowanie jako donica do ogrodu.<\/p>\n","protected":false},"featured_media":57156,"template":"","meta":{"_acf_changed":false},"product_brand":[],"product_cat":[116],"product_tag":[],"class_list":{"0":"post-56376","1":"product","2":"type-product","3":"status-publish","4":"has-post-thumbnail","6":"product_cat-donice-z-aluminium","7":"description-off","8":"tm-has-options","10":"first","11":"instock","12":"shipping-taxable","13":"purchasable","14":"product-type-simple"},"acf":[],"yoast_head":"<!-- This site is optimized with the Yoast SEO plugin v27.5 - https:\/\/yoast.com\/product\/yoast-seo-wordpress\/ -->\n<title>Donice XXL Alessio 15 - do du\u017cych ogrod\u00f3w i park\u00f3w miejskich<\/title>\n<meta name=\"description\" content=\"Donice XXL sprawdz\u0105 si\u0119 na du\u017cych przestrzeniach zar\u00f3wno indywidualnie, jak i w wi\u0119kszej grupie. Proste, geometryczne formy dopasuj\u0105 si\u0119 do ka\u017cdego ogrodu.\" \/>\n<meta name=\"robots\" content=\"index, follow, max-snippet:-1, max-image-preview:large, max-video-preview:-1\" \/>\n<link rel=\"canonical\" href=\"https:\/\/worldofflowerpots.com\/sklep\/donice-xxl-alessio-15\/\" \/>\n<meta property=\"og:locale\" content=\"pl_PL\" \/>\n<meta property=\"og:type\" content=\"article\" \/>\n<meta property=\"og:title\" content=\"Donice XXL Alessio 15 - do du\u017cych ogrod\u00f3w i park\u00f3w miejskich\" \/>\n<meta property=\"og:description\" content=\"Donice XXL sprawdz\u0105 si\u0119 na du\u017cych przestrzeniach zar\u00f3wno indywidualnie, jak i w wi\u0119kszej grupie. Proste, geometryczne formy dopasuj\u0105 si\u0119 do ka\u017cdego ogrodu.\" \/>\n<meta property=\"og:url\" content=\"https:\/\/worldofflowerpots.com\/sklep\/donice-xxl-alessio-15\/\" \/>\n<meta property=\"og:site_name\" content=\"World of Flowerpots\" \/>\n<meta property=\"article:modified_time\" content=\"2019-04-04T06:56:41+00:00\" \/>\n<meta property=\"og:image\" content=\"https:\/\/worldofflowerpots.com\/wp-content\/uploads\/2019\/03\/donice-xxl-Alessio_15.jpg\" \/>\n\t<meta property=\"og:image:width\" content=\"2280\" \/>\n\t<meta property=\"og:image:height\" content=\"1612\" \/>\n\t<meta property=\"og:image:type\" content=\"image\/jpeg\" \/>\n<meta name=\"twitter:card\" content=\"summary_large_image\" \/>\n<meta name=\"twitter:label1\" content=\"Szacowany czas czytania\" \/>\n\t<meta name=\"twitter:data1\" content=\"2 minuty\" \/>\n<script type=\"application\/ld+json\" class=\"yoast-schema-graph\">{\"@context\":\"https:\\\/\\\/schema.org\",\"@graph\":[{\"@type\":\"WebPage\",\"@id\":\"https:\\\/\\\/worldofflowerpots.com\\\/sklep\\\/donice-xxl-alessio-15\\\/\",\"url\":\"https:\\\/\\\/worldofflowerpots.com\\\/sklep\\\/donice-xxl-alessio-15\\\/\",\"name\":\"Donice XXL Alessio 15 - do du\u017cych ogrod\u00f3w i park\u00f3w miejskich\",\"isPartOf\":{\"@id\":\"https:\\\/\\\/worldofflowerpots.com\\\/#website\"},\"primaryImageOfPage\":{\"@id\":\"https:\\\/\\\/worldofflowerpots.com\\\/sklep\\\/donice-xxl-alessio-15\\\/#primaryimage\"},\"image\":{\"@id\":\"https:\\\/\\\/worldofflowerpots.com\\\/sklep\\\/donice-xxl-alessio-15\\\/#primaryimage\"},\"thumbnailUrl\":\"https:\\\/\\\/worldofflowerpots.com\\\/wp-content\\\/uploads\\\/2019\\\/03\\\/donice-xxl-Alessio_15.jpg\",\"datePublished\":\"2019-03-25T09:00:21+00:00\",\"dateModified\":\"2019-04-04T06:56:41+00:00\",\"description\":\"Donice XXL sprawdz\u0105 si\u0119 na du\u017cych przestrzeniach zar\u00f3wno indywidualnie, jak i w wi\u0119kszej grupie. Proste, geometryczne formy dopasuj\u0105 si\u0119 do ka\u017cdego ogrodu.\",\"breadcrumb\":{\"@id\":\"https:\\\/\\\/worldofflowerpots.com\\\/sklep\\\/donice-xxl-alessio-15\\\/#breadcrumb\"},\"inLanguage\":\"pl-PL\",\"potentialAction\":[{\"@type\":\"ReadAction\",\"target\":[\"https:\\\/\\\/worldofflowerpots.com\\\/sklep\\\/donice-xxl-alessio-15\\\/\"]}]},{\"@type\":\"ImageObject\",\"inLanguage\":\"pl-PL\",\"@id\":\"https:\\\/\\\/worldofflowerpots.com\\\/sklep\\\/donice-xxl-alessio-15\\\/#primaryimage\",\"url\":\"https:\\\/\\\/worldofflowerpots.com\\\/wp-content\\\/uploads\\\/2019\\\/03\\\/donice-xxl-Alessio_15.jpg\",\"contentUrl\":\"https:\\\/\\\/worldofflowerpots.com\\\/wp-content\\\/uploads\\\/2019\\\/03\\\/donice-xxl-Alessio_15.jpg\",\"width\":2280,\"height\":1612},{\"@type\":\"BreadcrumbList\",\"@id\":\"https:\\\/\\\/worldofflowerpots.com\\\/sklep\\\/donice-xxl-alessio-15\\\/#breadcrumb\",\"itemListElement\":[{\"@type\":\"ListItem\",\"position\":1,\"name\":\"Strona g\u0142\u00f3wna\",\"item\":\"https:\\\/\\\/worldofflowerpots.com\\\/\"},{\"@type\":\"ListItem\",\"position\":2,\"name\":\"Sklep\",\"item\":\"https:\\\/\\\/worldofflowerpots.com\\\/sklep\\\/\"},{\"@type\":\"ListItem\",\"position\":3,\"name\":\"Donice XXL Alessio 15\"}]},{\"@type\":\"WebSite\",\"@id\":\"https:\\\/\\\/worldofflowerpots.com\\\/#website\",\"url\":\"https:\\\/\\\/worldofflowerpots.com\\\/\",\"name\":\"World of Flowerpots\",\"description\":\"producent donic ozdobnych\",\"potentialAction\":[{\"@type\":\"SearchAction\",\"target\":{\"@type\":\"EntryPoint\",\"urlTemplate\":\"https:\\\/\\\/worldofflowerpots.com\\\/?s={search_term_string}\"},\"query-input\":{\"@type\":\"PropertyValueSpecification\",\"valueRequired\":true,\"valueName\":\"search_term_string\"}}],\"inLanguage\":\"pl-PL\"}]}<\/script>\n<!-- \/ Yoast SEO plugin. -->","yoast_head_json":{"title":"Donice XXL Alessio 15 - do du\u017cych ogrod\u00f3w i park\u00f3w miejskich","description":"Donice XXL sprawdz\u0105 si\u0119 na du\u017cych przestrzeniach zar\u00f3wno indywidualnie, jak i w wi\u0119kszej grupie. Proste, geometryczne formy dopasuj\u0105 si\u0119 do ka\u017cdego ogrodu.","robots":{"index":"index","follow":"follow","max-snippet":"max-snippet:-1","max-image-preview":"max-image-preview:large","max-video-preview":"max-video-preview:-1"},"canonical":"https:\/\/worldofflowerpots.com\/sklep\/donice-xxl-alessio-15\/","og_locale":"pl_PL","og_type":"article","og_title":"Donice XXL Alessio 15 - do du\u017cych ogrod\u00f3w i park\u00f3w miejskich","og_description":"Donice XXL sprawdz\u0105 si\u0119 na du\u017cych przestrzeniach zar\u00f3wno indywidualnie, jak i w wi\u0119kszej grupie. Proste, geometryczne formy dopasuj\u0105 si\u0119 do ka\u017cdego ogrodu.","og_url":"https:\/\/worldofflowerpots.com\/sklep\/donice-xxl-alessio-15\/","og_site_name":"World of Flowerpots","article_modified_time":"2019-04-04T06:56:41+00:00","og_image":[{"width":2280,"height":1612,"url":"https:\/\/worldofflowerpots.com\/wp-content\/uploads\/2019\/03\/donice-xxl-Alessio_15.jpg","type":"image\/jpeg"}],"twitter_card":"summary_large_image","twitter_misc":{"Szacowany czas czytania":"2 minuty"},"schema":{"@context":"https:\/\/schema.org","@graph":[{"@type":"WebPage","@id":"https:\/\/worldofflowerpots.com\/sklep\/donice-xxl-alessio-15\/","url":"https:\/\/worldofflowerpots.com\/sklep\/donice-xxl-alessio-15\/","name":"Donice XXL Alessio 15 - do du\u017cych ogrod\u00f3w i park\u00f3w miejskich","isPartOf":{"@id":"https:\/\/worldofflowerpots.com\/#website"},"primaryImageOfPage":{"@id":"https:\/\/worldofflowerpots.com\/sklep\/donice-xxl-alessio-15\/#primaryimage"},"image":{"@id":"https:\/\/worldofflowerpots.com\/sklep\/donice-xxl-alessio-15\/#primaryimage"},"thumbnailUrl":"https:\/\/worldofflowerpots.com\/wp-content\/uploads\/2019\/03\/donice-xxl-Alessio_15.jpg","datePublished":"2019-03-25T09:00:21+00:00","dateModified":"2019-04-04T06:56:41+00:00","description":"Donice XXL sprawdz\u0105 si\u0119 na du\u017cych przestrzeniach zar\u00f3wno indywidualnie, jak i w wi\u0119kszej grupie. Proste, geometryczne formy dopasuj\u0105 si\u0119 do ka\u017cdego ogrodu.","breadcrumb":{"@id":"https:\/\/worldofflowerpots.com\/sklep\/donice-xxl-alessio-15\/#breadcrumb"},"inLanguage":"pl-PL","potentialAction":[{"@type":"ReadAction","target":["https:\/\/worldofflowerpots.com\/sklep\/donice-xxl-alessio-15\/"]}]},{"@type":"ImageObject","inLanguage":"pl-PL","@id":"https:\/\/worldofflowerpots.com\/sklep\/donice-xxl-alessio-15\/#primaryimage","url":"https:\/\/worldofflowerpots.com\/wp-content\/uploads\/2019\/03\/donice-xxl-Alessio_15.jpg","contentUrl":"https:\/\/worldofflowerpots.com\/wp-content\/uploads\/2019\/03\/donice-xxl-Alessio_15.jpg","width":2280,"height":1612},{"@type":"BreadcrumbList","@id":"https:\/\/worldofflowerpots.com\/sklep\/donice-xxl-alessio-15\/#breadcrumb","itemListElement":[{"@type":"ListItem","position":1,"name":"Strona g\u0142\u00f3wna","item":"https:\/\/worldofflowerpots.com\/"},{"@type":"ListItem","position":2,"name":"Sklep","item":"https:\/\/worldofflowerpots.com\/sklep\/"},{"@type":"ListItem","position":3,"name":"Donice XXL Alessio 15"}]},{"@type":"WebSite","@id":"https:\/\/worldofflowerpots.com\/#website","url":"https:\/\/worldofflowerpots.com\/","name":"World of Flowerpots","description":"producent donic ozdobnych","potentialAction":[{"@type":"SearchAction","target":{"@type":"EntryPoint","urlTemplate":"https:\/\/worldofflowerpots.com\/?s={search_term_string}"},"query-input":{"@type":"PropertyValueSpecification","valueRequired":true,"valueName":"search_term_string"}}],"inLanguage":"pl-PL"}]}},"_links":{"self":[{"href":"https:\/\/worldofflowerpots.com\/pl\/wp-json\/wp\/v2\/product\/56376","targetHints":{"allow":["GET"]}}],"collection":[{"href":"https:\/\/worldofflowerpots.com\/pl\/wp-json\/wp\/v2\/product"}],"about":[{"href":"https:\/\/worldofflowerpots.com\/pl\/wp-json\/wp\/v2\/types\/product"}],"wp:featuredmedia":[{"embeddable":true,"href":"https:\/\/worldofflowerpots.com\/pl\/wp-json\/wp\/v2\/media\/57156"}],"wp:attachment":[{"href":"https:\/\/worldofflowerpots.com\/pl\/wp-json\/wp\/v2\/media?parent=56376"}],"wp:term":[{"taxonomy":"product_brand","embeddable":true,"href":"https:\/\/worldofflowerpots.com\/pl\/wp-json\/wp\/v2\/product_brand?post=56376"},{"taxonomy":"product_cat","embeddable":true,"href":"https:\/\/worldofflowerpots.com\/pl\/wp-json\/wp\/v2\/product_cat?post=56376"},{"taxonomy":"product_tag","embeddable":true,"href":"https:\/\/worldofflowerpots.com\/pl\/wp-json\/wp\/v2\/product_tag?post=56376"}],"curies":[{"name":"wp","href":"https:\/\/api.w.org\/{rel}","templated":true}]}}